{"id":7303,"date":"2018-03-01T12:49:03","date_gmt":"2018-03-01T14:49:03","guid":{"rendered":"http:\/\/www.pristatomegeles.lt\/produktas\/box-of-multicolored-tulips\/"},"modified":"2025-01-11T17:48:29","modified_gmt":"2025-01-11T15:48:29","slug":"box-of-multicolored-tulips","status":"publish","type":"product","link":"https:\/\/www.pristatomegeles.lt\/en\/produktas\/box-of-multicolored-tulips\/","title":{"rendered":"Box of multicolored tulips"},"content":{"rendered":"<p>The box contains the amount of tulips of your choice. The box can consist of purple, pink, white, red, yellow and other brightly colored tulips. We also decorate the box with a brightly colored ribbon. We choose the color of the box at random, but we always adapt it to the color of the tulips to make the overall composition look unique and beautiful. There may also be several tulips more or less in the box, depending on the unfolding of the flowers and the size of them.<\/p>\n","protected":false},"excerpt":{"rendered":"<p>An eye-catching beautiful tulip box will captivate all women. Pink symbolizes &#8211; tenderness, fragility, while white stands for light and purity. Delight the lady with a unique tulip box!<\/p>\n","protected":false},"featured_media":5819,"template":"","meta":[],"product_brand":[],"product_cat":[1499,1497,414,1491,1498,1494,1152,1153,554,1501],"product_tag":[],"class_list":{"0":"post-7303","1":"product","2":"type-product","3":"status-publish","4":"has-post-thumbnail","6":"product_cat-anniversary-flowers","7":"product_cat-birthday-flowers","8":"product_cat-flower-boxes","9":"product_cat-flowers-for-a-girl","10":"product_cat-flowers-for-mom","11":"product_cat-flowers-for-women","12":"product_cat-march-8-flowers","13":"product_cat-mothers-day-flowers","14":"product_cat-tulips","15":"product_cat-valentines-day-flowers","16":"tm-no-options","18":"first","19":"outofstock","20":"taxable","21":"shipping-taxable","22":"purchasable","23":"product-type-variable","24":"has-default-attributes"},"yoast_head":"<!-- This site is optimized with the Yoast SEO plugin v24.3 - https:\/\/yoast.com\/wordpress\/plugins\/seo\/ -->\n<title>Box of multicolored tulips | Box of flowers in Vilnius | Pristatome g\u0117les<\/title>\n<meta name=\"description\" content=\"This box of flowers is a powerful punch of good mood and positive energy. Even better, if such a colorful and joyful gift reaches the recipient unexpectedly and makes an unforgettable surprise! Order this positivity bomb online and delight your loved ones or relatives on any occasion!\" \/>\n<meta name=\"robots\" content=\"index, follow, max-snippet:-1, max-image-preview:large, max-video-preview:-1\" \/>\n<link rel=\"canonical\" href=\"https:\/\/www.pristatomegeles.lt\/en\/produktas\/box-of-multicolored-tulips\/\" \/>\n<meta property=\"og:locale\" content=\"en_US\" \/>\n<meta property=\"og:type\" content=\"article\" \/>\n<meta property=\"og:title\" content=\"Box of multicolored tulips | Box of flowers in Vilnius | Pristatome g\u0117les\" \/>\n<meta property=\"og:description\" content=\"This box of flowers is a powerful punch of good mood and positive energy. Even better, if such a colorful and joyful gift reaches the recipient unexpectedly and makes an unforgettable surprise! Order this positivity bomb online and delight your loved ones or relatives on any occasion!\" \/>\n<meta property=\"og:url\" content=\"https:\/\/www.pristatomegeles.lt\/en\/produktas\/box-of-multicolored-tulips\/\" \/>\n<meta property=\"og:site_name\" content=\"Pristatomegeles.lt\" \/>\n<meta property=\"article:modified_time\" content=\"2025-01-11T15:48:29+00:00\" \/>\n<meta property=\"og:image\" content=\"https:\/\/www.pristatomegeles.lt\/wp-content\/uploads\/2018\/03\/tulpes-dezuteje-ivairiu-spalvu.jpg\" \/>\n\t<meta property=\"og:image:width\" content=\"1000\" \/>\n\t<meta property=\"og:image:height\" content=\"1000\" \/>\n\t<meta property=\"og:image:type\" content=\"image\/jpeg\" \/>\n<meta name=\"twitter:card\" content=\"summary_large_image\" \/>\n<script type=\"application\/ld+json\" class=\"yoast-schema-graph\">{\"@context\":\"https:\/\/schema.org\",\"@graph\":[{\"@type\":\"WebPage\",\"@id\":\"https:\/\/www.pristatomegeles.lt\/en\/produktas\/box-of-multicolored-tulips\/\",\"url\":\"https:\/\/www.pristatomegeles.lt\/en\/produktas\/box-of-multicolored-tulips\/\",\"name\":\"Box of multicolored tulips | Box of flowers in Vilnius | Pristatome g\u0117les\",\"isPartOf\":{\"@id\":\"https:\/\/www.pristatomegeles.lt\/en\/#website\"},\"primaryImageOfPage\":{\"@id\":\"https:\/\/www.pristatomegeles.lt\/en\/produktas\/box-of-multicolored-tulips\/#primaryimage\"},\"image\":{\"@id\":\"https:\/\/www.pristatomegeles.lt\/en\/produktas\/box-of-multicolored-tulips\/#primaryimage\"},\"thumbnailUrl\":\"https:\/\/www.pristatomegeles.lt\/wp-content\/uploads\/2018\/03\/tulpes-dezuteje-ivairiu-spalvu-scaled.jpg\",\"datePublished\":\"2018-03-01T14:49:03+00:00\",\"dateModified\":\"2025-01-11T15:48:29+00:00\",\"description\":\"This box of flowers is a powerful punch of good mood and positive energy. Even better, if such a colorful and joyful gift reaches the recipient unexpectedly and makes an unforgettable surprise! Order this positivity bomb online and delight your loved ones or relatives on any occasion!\",\"breadcrumb\":{\"@id\":\"https:\/\/www.pristatomegeles.lt\/en\/produktas\/box-of-multicolored-tulips\/#breadcrumb\"},\"inLanguage\":\"en-US\",\"potentialAction\":[{\"@type\":\"ReadAction\",\"target\":[\"https:\/\/www.pristatomegeles.lt\/en\/produktas\/box-of-multicolored-tulips\/\"]}]},{\"@type\":\"ImageObject\",\"inLanguage\":\"en-US\",\"@id\":\"https:\/\/www.pristatomegeles.lt\/en\/produktas\/box-of-multicolored-tulips\/#primaryimage\",\"url\":\"https:\/\/www.pristatomegeles.lt\/wp-content\/uploads\/2018\/03\/tulpes-dezuteje-ivairiu-spalvu-scaled.jpg\",\"contentUrl\":\"https:\/\/www.pristatomegeles.lt\/wp-content\/uploads\/2018\/03\/tulpes-dezuteje-ivairiu-spalvu-scaled.jpg\",\"width\":2560,\"height\":2560,\"caption\":\"G\u0117l\u0117s moterims ry\u0161kiaspalv\u0117 tulpi\u0173 d\u0117\u017eut\u0117\"},{\"@type\":\"BreadcrumbList\",\"@id\":\"https:\/\/www.pristatomegeles.lt\/en\/produktas\/box-of-multicolored-tulips\/#breadcrumb\",\"itemListElement\":[{\"@type\":\"ListItem\",\"position\":1,\"name\":\"Home\",\"item\":\"https:\/\/www.pristatomegeles.lt\/en\/home-2\/\"},{\"@type\":\"ListItem\",\"position\":2,\"name\":\"Flowers\",\"item\":\"https:\/\/www.pristatomegeles.lt\/en\/flowers\/\"},{\"@type\":\"ListItem\",\"position\":3,\"name\":\"Box of multicolored tulips\"}]},{\"@type\":\"WebSite\",\"@id\":\"https:\/\/www.pristatomegeles.lt\/en\/#website\",\"url\":\"https:\/\/www.pristatomegeles.lt\/en\/\",\"name\":\"Pristatomegeles.lt\",\"description\":\"\",\"potentialAction\":[{\"@type\":\"SearchAction\",\"target\":{\"@type\":\"EntryPoint\",\"urlTemplate\":\"https:\/\/www.pristatomegeles.lt\/en\/?s={search_term_string}\"},\"query-input\":{\"@type\":\"PropertyValueSpecification\",\"valueRequired\":true,\"valueName\":\"search_term_string\"}}],\"inLanguage\":\"en-US\"}]}<\/script>\n<!-- \/ Yoast SEO plugin. -->","yoast_head_json":{"title":"Box of multicolored tulips | Box of flowers in Vilnius | Pristatome g\u0117les","description":"This box of flowers is a powerful punch of good mood and positive energy. Even better, if such a colorful and joyful gift reaches the recipient unexpectedly and makes an unforgettable surprise! Order this positivity bomb online and delight your loved ones or relatives on any occasion!","robots":{"index":"index","follow":"follow","max-snippet":"max-snippet:-1","max-image-preview":"max-image-preview:large","max-video-preview":"max-video-preview:-1"},"canonical":"https:\/\/www.pristatomegeles.lt\/en\/produktas\/box-of-multicolored-tulips\/","og_locale":"en_US","og_type":"article","og_title":"Box of multicolored tulips | Box of flowers in Vilnius | Pristatome g\u0117les","og_description":"This box of flowers is a powerful punch of good mood and positive energy. Even better, if such a colorful and joyful gift reaches the recipient unexpectedly and makes an unforgettable surprise! Order this positivity bomb online and delight your loved ones or relatives on any occasion!","og_url":"https:\/\/www.pristatomegeles.lt\/en\/produktas\/box-of-multicolored-tulips\/","og_site_name":"Pristatomegeles.lt","article_modified_time":"2025-01-11T15:48:29+00:00","og_image":[{"width":1000,"height":1000,"url":"https:\/\/www.pristatomegeles.lt\/wp-content\/uploads\/2018\/03\/tulpes-dezuteje-ivairiu-spalvu.jpg","type":"image\/jpeg"}],"twitter_card":"summary_large_image","schema":{"@context":"https:\/\/schema.org","@graph":[{"@type":"WebPage","@id":"https:\/\/www.pristatomegeles.lt\/en\/produktas\/box-of-multicolored-tulips\/","url":"https:\/\/www.pristatomegeles.lt\/en\/produktas\/box-of-multicolored-tulips\/","name":"Box of multicolored tulips | Box of flowers in Vilnius | Pristatome g\u0117les","isPartOf":{"@id":"https:\/\/www.pristatomegeles.lt\/en\/#website"},"primaryImageOfPage":{"@id":"https:\/\/www.pristatomegeles.lt\/en\/produktas\/box-of-multicolored-tulips\/#primaryimage"},"image":{"@id":"https:\/\/www.pristatomegeles.lt\/en\/produktas\/box-of-multicolored-tulips\/#primaryimage"},"thumbnailUrl":"https:\/\/www.pristatomegeles.lt\/wp-content\/uploads\/2018\/03\/tulpes-dezuteje-ivairiu-spalvu-scaled.jpg","datePublished":"2018-03-01T14:49:03+00:00","dateModified":"2025-01-11T15:48:29+00:00","description":"This box of flowers is a powerful punch of good mood and positive energy. Even better, if such a colorful and joyful gift reaches the recipient unexpectedly and makes an unforgettable surprise! Order this positivity bomb online and delight your loved ones or relatives on any occasion!","breadcrumb":{"@id":"https:\/\/www.pristatomegeles.lt\/en\/produktas\/box-of-multicolored-tulips\/#breadcrumb"},"inLanguage":"en-US","potentialAction":[{"@type":"ReadAction","target":["https:\/\/www.pristatomegeles.lt\/en\/produktas\/box-of-multicolored-tulips\/"]}]},{"@type":"ImageObject","inLanguage":"en-US","@id":"https:\/\/www.pristatomegeles.lt\/en\/produktas\/box-of-multicolored-tulips\/#primaryimage","url":"https:\/\/www.pristatomegeles.lt\/wp-content\/uploads\/2018\/03\/tulpes-dezuteje-ivairiu-spalvu-scaled.jpg","contentUrl":"https:\/\/www.pristatomegeles.lt\/wp-content\/uploads\/2018\/03\/tulpes-dezuteje-ivairiu-spalvu-scaled.jpg","width":2560,"height":2560,"caption":"G\u0117l\u0117s moterims ry\u0161kiaspalv\u0117 tulpi\u0173 d\u0117\u017eut\u0117"},{"@type":"BreadcrumbList","@id":"https:\/\/www.pristatomegeles.lt\/en\/produktas\/box-of-multicolored-tulips\/#breadcrumb","itemListElement":[{"@type":"ListItem","position":1,"name":"Home","item":"https:\/\/www.pristatomegeles.lt\/en\/home-2\/"},{"@type":"ListItem","position":2,"name":"Flowers","item":"https:\/\/www.pristatomegeles.lt\/en\/flowers\/"},{"@type":"ListItem","position":3,"name":"Box of multicolored tulips"}]},{"@type":"WebSite","@id":"https:\/\/www.pristatomegeles.lt\/en\/#website","url":"https:\/\/www.pristatomegeles.lt\/en\/","name":"Pristatomegeles.lt","description":"","potentialAction":[{"@type":"SearchAction","target":{"@type":"EntryPoint","urlTemplate":"https:\/\/www.pristatomegeles.lt\/en\/?s={search_term_string}"},"query-input":{"@type":"PropertyValueSpecification","valueRequired":true,"valueName":"search_term_string"}}],"inLanguage":"en-US"}]}},"_links":{"self":[{"href":"https:\/\/www.pristatomegeles.lt\/en\/wp-json\/wp\/v2\/product\/7303","targetHints":{"allow":["GET"]}}],"collection":[{"href":"https:\/\/www.pristatomegeles.lt\/en\/wp-json\/wp\/v2\/product"}],"about":[{"href":"https:\/\/www.pristatomegeles.lt\/en\/wp-json\/wp\/v2\/types\/product"}],"wp:featuredmedia":[{"embeddable":true,"href":"https:\/\/www.pristatomegeles.lt\/en\/wp-json\/wp\/v2\/media\/5819"}],"wp:attachment":[{"href":"https:\/\/www.pristatomegeles.lt\/en\/wp-json\/wp\/v2\/media?parent=7303"}],"wp:term":[{"taxonomy":"product_brand","embeddable":true,"href":"https:\/\/www.pristatomegeles.lt\/en\/wp-json\/wp\/v2\/product_brand?post=7303"},{"taxonomy":"product_cat","embeddable":true,"href":"https:\/\/www.pristatomegeles.lt\/en\/wp-json\/wp\/v2\/product_cat?post=7303"},{"taxonomy":"product_tag","embeddable":true,"href":"https:\/\/www.pristatomegeles.lt\/en\/wp-json\/wp\/v2\/product_tag?post=7303"}],"curies":[{"name":"wp","href":"https:\/\/api.w.org\/{rel}","templated":true}]}}