{"id":7313,"date":"2018-02-08T17:40:19","date_gmt":"2018-02-08T19:40:19","guid":{"rendered":"http:\/\/www.pristatomegeles.lt\/produktas\/box-of-white-and-pink-tulips\/"},"modified":"2021-04-21T13:59:56","modified_gmt":"2021-04-21T11:59:56","slug":"box-of-white-and-pink-tulips","status":"publish","type":"product","link":"https:\/\/www.pristatomegeles.lt\/en\/produktas\/box-of-white-and-pink-tulips\/","title":{"rendered":"Box of white and pink tulips"},"content":{"rendered":"<p><span style=\"color: #777777;\"><span style=\"font-family: Roboto, arial, sans-serif;\"><span style=\"font-size: large;\"><span lang=\"en-US\">The color of the pink tulips may be slightly lighter or darker. The color of the box is chosen randomly, but is always combined with tulip color, ribbon and tissue paper to look flawless <\/span><\/span><\/span><\/span><span style=\"color: #777777;\"><span style=\"font-family: Roboto, arial, sans-serif;\"><span style=\"font-size: large;\"><span lang=\"en-US\">and unique<\/span><\/span><\/span><\/span><span style=\"color: #777777;\"><span style=\"font-family: Roboto, arial, sans-serif;\"><span style=\"font-size: large;\"><span lang=\"en-US\">. There may also be several tulips in the box more or less, depending on the unfolding of the flowers and the size of the<\/span><\/span><\/span><\/span><span style=\"color: #777777;\"><span style=\"font-family: Roboto, arial, sans-serif;\"><span style=\"font-size: large;\"><span lang=\"en-US\">ir petals<\/span><\/span><\/span><\/span><span style=\"color: #777777;\"><span style=\"font-family: Roboto, arial, sans-serif;\"><span style=\"font-size: large;\"><span lang=\"en-US\">. <\/span><\/span><\/span><\/span><span style=\"color: #777777;\"><span style=\"font-family: Roboto, arial, sans-serif;\"><span style=\"font-size: large;\"><span lang=\"en-US\">The box has an integrated water reserve,<\/span><\/span><\/span><\/span><span style=\"color: #777777;\"><span style=\"font-family: Roboto, arial, sans-serif;\"><span style=\"font-size: large;\"><span lang=\"en-US\"> so it is especially <\/span><\/span><\/span><\/span><span style=\"color: #777777;\"><span style=\"font-family: Roboto, arial, sans-serif;\"><span style=\"font-size: large;\"><span lang=\"en-US\">useful when <\/span><\/span><\/span><\/span><span style=\"color: #777777;\"><span style=\"font-family: Roboto, arial, sans-serif;\"><span style=\"font-size: large;\"><span lang=\"en-US\">sen<\/span><\/span><\/span><\/span><span style=\"color: #777777;\"><span style=\"font-family: Roboto, arial, sans-serif;\"><span style=\"font-size: large;\"><span lang=\"en-US\">t <\/span><\/span><\/span><\/span><span style=\"color: #777777;\"><span style=\"font-family: Roboto, arial, sans-serif;\"><span style=\"font-size: large;\"><span lang=\"en-US\">to work or another place where it would be difficult for a person to get a vase or fill it with water.<\/span><\/span><\/span><\/span><\/p>\n","protected":false},"excerpt":{"rendered":"<p><span style=\"color: #777777;\"><span style=\"font-family: Roboto, arial, sans-serif;\"><span style=\"font-size: large;\"><span lang=\"en-US\">An eye-catching beautiful tulip box will captivate all <\/span><\/span><\/span><\/span><span style=\"color: #777777;\"><span style=\"font-family: Roboto, arial, sans-serif;\"><span style=\"font-size: large;\"><span lang=\"en-US\">women<\/span><\/span><\/span><\/span><span style=\"color: #777777;\"><span style=\"font-family: Roboto, arial, sans-serif;\"><span style=\"font-size: large;\"><span lang=\"en-US\">. Pink symbolizes &#8211; tenderness, fragility, <\/span><\/span><\/span><\/span><span style=\"color: #777777;\"><span style=\"font-family: Roboto, arial, sans-serif;\"><span style=\"font-size: large;\"><span lang=\"en-US\">while<\/span><\/span><\/span><\/span><span style=\"color: #777777;\"><span style=\"font-family: Roboto, arial, sans-serif;\"><span style=\"font-size: large;\"><span lang=\"en-US\"> white &#8211; light and purity. Delight the lady with a unique tulip box!<\/span><\/span><\/span><\/span><\/p>\n","protected":false},"featured_media":5805,"template":"","meta":[],"product_brand":[],"product_cat":[1499,1497,414,1491,1498,1494,1152,554],"product_tag":[],"class_list":{"0":"post-7313","1":"product","2":"type-product","3":"status-publish","4":"has-post-thumbnail","6":"product_cat-anniversary-flowers","7":"product_cat-birthday-flowers","8":"product_cat-flower-boxes","9":"product_cat-flowers-for-a-girl","10":"product_cat-flowers-for-mom","11":"product_cat-flowers-for-women","12":"product_cat-march-8-flowers","13":"product_cat-tulips","14":"tm-no-options","16":"first","17":"instock","18":"taxable","19":"shipping-taxable","20":"purchasable","21":"product-type-variable","22":"has-default-attributes"},"yoast_head":"<!-- This site is optimized with the Yoast SEO plugin v24.3 - https:\/\/yoast.com\/wordpress\/plugins\/seo\/ -->\n<title>Box of white and pink tulips | Delivery of tulips in Vilnius | Pristatome g\u0117les<\/title>\n<meta name=\"description\" content=\"This box of tulips may bring spring like emotions to your loved ones home. Surprise your loved one on Valentine\u2019s Day, March 8th or any other occasion. Show special attention to your loved one.\" \/>\n<meta name=\"robots\" content=\"index, follow, max-snippet:-1, max-image-preview:large, max-video-preview:-1\" \/>\n<link rel=\"canonical\" href=\"https:\/\/www.pristatomegeles.lt\/en\/produktas\/box-of-white-and-pink-tulips\/\" \/>\n<meta property=\"og:locale\" content=\"en_US\" \/>\n<meta property=\"og:type\" content=\"article\" \/>\n<meta property=\"og:title\" content=\"Box of white and pink tulips | Delivery of tulips in Vilnius | Pristatome g\u0117les\" \/>\n<meta property=\"og:description\" content=\"This box of tulips may bring spring like emotions to your loved ones home. Surprise your loved one on Valentine\u2019s Day, March 8th or any other occasion. Show special attention to your loved one.\" \/>\n<meta property=\"og:url\" content=\"https:\/\/www.pristatomegeles.lt\/en\/produktas\/box-of-white-and-pink-tulips\/\" \/>\n<meta property=\"og:site_name\" content=\"Pristatomegeles.lt\" \/>\n<meta property=\"article:modified_time\" content=\"2021-04-21T11:59:56+00:00\" \/>\n<meta property=\"og:image\" content=\"https:\/\/www.pristatomegeles.lt\/wp-content\/uploads\/2018\/02\/tulpes-dezuteje-rozines-ir-baltos.jpg\" \/>\n\t<meta property=\"og:image:width\" content=\"1000\" \/>\n\t<meta property=\"og:image:height\" content=\"1000\" \/>\n\t<meta property=\"og:image:type\" content=\"image\/jpeg\" \/>\n<meta name=\"twitter:card\" content=\"summary_large_image\" \/>\n<script type=\"application\/ld+json\" class=\"yoast-schema-graph\">{\"@context\":\"https:\/\/schema.org\",\"@graph\":[{\"@type\":\"WebPage\",\"@id\":\"https:\/\/www.pristatomegeles.lt\/en\/produktas\/box-of-white-and-pink-tulips\/\",\"url\":\"https:\/\/www.pristatomegeles.lt\/en\/produktas\/box-of-white-and-pink-tulips\/\",\"name\":\"Box of white and pink tulips | Delivery of tulips in Vilnius | Pristatome g\u0117les\",\"isPartOf\":{\"@id\":\"https:\/\/www.pristatomegeles.lt\/en\/#website\"},\"primaryImageOfPage\":{\"@id\":\"https:\/\/www.pristatomegeles.lt\/en\/produktas\/box-of-white-and-pink-tulips\/#primaryimage\"},\"image\":{\"@id\":\"https:\/\/www.pristatomegeles.lt\/en\/produktas\/box-of-white-and-pink-tulips\/#primaryimage\"},\"thumbnailUrl\":\"https:\/\/www.pristatomegeles.lt\/wp-content\/uploads\/2018\/02\/tulpes-dezuteje-rozines-ir-baltos-scaled.jpg\",\"datePublished\":\"2018-02-08T19:40:19+00:00\",\"dateModified\":\"2021-04-21T11:59:56+00:00\",\"description\":\"This box of tulips may bring spring like emotions to your loved ones home. Surprise your loved one on Valentine\u2019s Day, March 8th or any other occasion. Show special attention to your loved one.\",\"breadcrumb\":{\"@id\":\"https:\/\/www.pristatomegeles.lt\/en\/produktas\/box-of-white-and-pink-tulips\/#breadcrumb\"},\"inLanguage\":\"en-US\",\"potentialAction\":[{\"@type\":\"ReadAction\",\"target\":[\"https:\/\/www.pristatomegeles.lt\/en\/produktas\/box-of-white-and-pink-tulips\/\"]}]},{\"@type\":\"ImageObject\",\"inLanguage\":\"en-US\",\"@id\":\"https:\/\/www.pristatomegeles.lt\/en\/produktas\/box-of-white-and-pink-tulips\/#primaryimage\",\"url\":\"https:\/\/www.pristatomegeles.lt\/wp-content\/uploads\/2018\/02\/tulpes-dezuteje-rozines-ir-baltos-scaled.jpg\",\"contentUrl\":\"https:\/\/www.pristatomegeles.lt\/wp-content\/uploads\/2018\/02\/tulpes-dezuteje-rozines-ir-baltos-scaled.jpg\",\"width\":2560,\"height\":2560,\"caption\":\"Eleganti\u0161ka balt\u0173 ir ro\u017eini\u0173 tulpi\u0173 d\u0117\u017eut\u0117 moterims\"},{\"@type\":\"BreadcrumbList\",\"@id\":\"https:\/\/www.pristatomegeles.lt\/en\/produktas\/box-of-white-and-pink-tulips\/#breadcrumb\",\"itemListElement\":[{\"@type\":\"ListItem\",\"position\":1,\"name\":\"Home\",\"item\":\"https:\/\/www.pristatomegeles.lt\/en\/home-2\/\"},{\"@type\":\"ListItem\",\"position\":2,\"name\":\"Flowers\",\"item\":\"https:\/\/www.pristatomegeles.lt\/en\/flowers\/\"},{\"@type\":\"ListItem\",\"position\":3,\"name\":\"Box of white and pink tulips\"}]},{\"@type\":\"WebSite\",\"@id\":\"https:\/\/www.pristatomegeles.lt\/en\/#website\",\"url\":\"https:\/\/www.pristatomegeles.lt\/en\/\",\"name\":\"Pristatomegeles.lt\",\"description\":\"\",\"potentialAction\":[{\"@type\":\"SearchAction\",\"target\":{\"@type\":\"EntryPoint\",\"urlTemplate\":\"https:\/\/www.pristatomegeles.lt\/en\/?s={search_term_string}\"},\"query-input\":{\"@type\":\"PropertyValueSpecification\",\"valueRequired\":true,\"valueName\":\"search_term_string\"}}],\"inLanguage\":\"en-US\"}]}<\/script>\n<!-- \/ Yoast SEO plugin. -->","yoast_head_json":{"title":"Box of white and pink tulips | Delivery of tulips in Vilnius | Pristatome g\u0117les","description":"This box of tulips may bring spring like emotions to your loved ones home. Surprise your loved one on Valentine\u2019s Day, March 8th or any other occasion. Show special attention to your loved one.","robots":{"index":"index","follow":"follow","max-snippet":"max-snippet:-1","max-image-preview":"max-image-preview:large","max-video-preview":"max-video-preview:-1"},"canonical":"https:\/\/www.pristatomegeles.lt\/en\/produktas\/box-of-white-and-pink-tulips\/","og_locale":"en_US","og_type":"article","og_title":"Box of white and pink tulips | Delivery of tulips in Vilnius | Pristatome g\u0117les","og_description":"This box of tulips may bring spring like emotions to your loved ones home. Surprise your loved one on Valentine\u2019s Day, March 8th or any other occasion. Show special attention to your loved one.","og_url":"https:\/\/www.pristatomegeles.lt\/en\/produktas\/box-of-white-and-pink-tulips\/","og_site_name":"Pristatomegeles.lt","article_modified_time":"2021-04-21T11:59:56+00:00","og_image":[{"width":1000,"height":1000,"url":"https:\/\/www.pristatomegeles.lt\/wp-content\/uploads\/2018\/02\/tulpes-dezuteje-rozines-ir-baltos.jpg","type":"image\/jpeg"}],"twitter_card":"summary_large_image","schema":{"@context":"https:\/\/schema.org","@graph":[{"@type":"WebPage","@id":"https:\/\/www.pristatomegeles.lt\/en\/produktas\/box-of-white-and-pink-tulips\/","url":"https:\/\/www.pristatomegeles.lt\/en\/produktas\/box-of-white-and-pink-tulips\/","name":"Box of white and pink tulips | Delivery of tulips in Vilnius | Pristatome g\u0117les","isPartOf":{"@id":"https:\/\/www.pristatomegeles.lt\/en\/#website"},"primaryImageOfPage":{"@id":"https:\/\/www.pristatomegeles.lt\/en\/produktas\/box-of-white-and-pink-tulips\/#primaryimage"},"image":{"@id":"https:\/\/www.pristatomegeles.lt\/en\/produktas\/box-of-white-and-pink-tulips\/#primaryimage"},"thumbnailUrl":"https:\/\/www.pristatomegeles.lt\/wp-content\/uploads\/2018\/02\/tulpes-dezuteje-rozines-ir-baltos-scaled.jpg","datePublished":"2018-02-08T19:40:19+00:00","dateModified":"2021-04-21T11:59:56+00:00","description":"This box of tulips may bring spring like emotions to your loved ones home. Surprise your loved one on Valentine\u2019s Day, March 8th or any other occasion. Show special attention to your loved one.","breadcrumb":{"@id":"https:\/\/www.pristatomegeles.lt\/en\/produktas\/box-of-white-and-pink-tulips\/#breadcrumb"},"inLanguage":"en-US","potentialAction":[{"@type":"ReadAction","target":["https:\/\/www.pristatomegeles.lt\/en\/produktas\/box-of-white-and-pink-tulips\/"]}]},{"@type":"ImageObject","inLanguage":"en-US","@id":"https:\/\/www.pristatomegeles.lt\/en\/produktas\/box-of-white-and-pink-tulips\/#primaryimage","url":"https:\/\/www.pristatomegeles.lt\/wp-content\/uploads\/2018\/02\/tulpes-dezuteje-rozines-ir-baltos-scaled.jpg","contentUrl":"https:\/\/www.pristatomegeles.lt\/wp-content\/uploads\/2018\/02\/tulpes-dezuteje-rozines-ir-baltos-scaled.jpg","width":2560,"height":2560,"caption":"Eleganti\u0161ka balt\u0173 ir ro\u017eini\u0173 tulpi\u0173 d\u0117\u017eut\u0117 moterims"},{"@type":"BreadcrumbList","@id":"https:\/\/www.pristatomegeles.lt\/en\/produktas\/box-of-white-and-pink-tulips\/#breadcrumb","itemListElement":[{"@type":"ListItem","position":1,"name":"Home","item":"https:\/\/www.pristatomegeles.lt\/en\/home-2\/"},{"@type":"ListItem","position":2,"name":"Flowers","item":"https:\/\/www.pristatomegeles.lt\/en\/flowers\/"},{"@type":"ListItem","position":3,"name":"Box of white and pink tulips"}]},{"@type":"WebSite","@id":"https:\/\/www.pristatomegeles.lt\/en\/#website","url":"https:\/\/www.pristatomegeles.lt\/en\/","name":"Pristatomegeles.lt","description":"","potentialAction":[{"@type":"SearchAction","target":{"@type":"EntryPoint","urlTemplate":"https:\/\/www.pristatomegeles.lt\/en\/?s={search_term_string}"},"query-input":{"@type":"PropertyValueSpecification","valueRequired":true,"valueName":"search_term_string"}}],"inLanguage":"en-US"}]}},"_links":{"self":[{"href":"https:\/\/www.pristatomegeles.lt\/en\/wp-json\/wp\/v2\/product\/7313","targetHints":{"allow":["GET"]}}],"collection":[{"href":"https:\/\/www.pristatomegeles.lt\/en\/wp-json\/wp\/v2\/product"}],"about":[{"href":"https:\/\/www.pristatomegeles.lt\/en\/wp-json\/wp\/v2\/types\/product"}],"wp:featuredmedia":[{"embeddable":true,"href":"https:\/\/www.pristatomegeles.lt\/en\/wp-json\/wp\/v2\/media\/5805"}],"wp:attachment":[{"href":"https:\/\/www.pristatomegeles.lt\/en\/wp-json\/wp\/v2\/media?parent=7313"}],"wp:term":[{"taxonomy":"product_brand","embeddable":true,"href":"https:\/\/www.pristatomegeles.lt\/en\/wp-json\/wp\/v2\/product_brand?post=7313"},{"taxonomy":"product_cat","embeddable":true,"href":"https:\/\/www.pristatomegeles.lt\/en\/wp-json\/wp\/v2\/product_cat?post=7313"},{"taxonomy":"product_tag","embeddable":true,"href":"https:\/\/www.pristatomegeles.lt\/en\/wp-json\/wp\/v2\/product_tag?post=7313"}],"curies":[{"name":"wp","href":"https:\/\/api.w.org\/{rel}","templated":true}]}}