{"id":7339,"date":"2018-02-08T12:36:39","date_gmt":"2018-02-08T14:36:39","guid":{"rendered":"http:\/\/www.pristatomegeles.lt\/produktas\/a-box-of-red-tulips\/"},"modified":"2025-01-31T11:46:00","modified_gmt":"2025-01-31T09:46:00","slug":"a-box-of-red-tulips","status":"publish","type":"product","link":"https:\/\/www.pristatomegeles.lt\/en\/produktas\/a-box-of-red-tulips\/","title":{"rendered":"A box of red tulips"},"content":{"rendered":"<p>The color of the box may vary, although we always combine the colors of our orders to make them look unique and special. We prepare a special silk ribbon that matches the whole package. The box may contain several tulips more or less, depending on the distribution of the flowers and their size.<\/p>\n","protected":false},"excerpt":{"rendered":"<p>The red tulip box is perfect for congratulating women on Valentine&#8217;s Day, March 8 or another important day for them. The red color of tulips symbolize love and respect. Cheer on your loved one&#8217;s heart!<\/p>\n","protected":false},"featured_media":4321,"template":"","meta":[],"product_brand":[],"product_cat":[1499,1497,414,1491,1498,1494,1152,554],"product_tag":[],"class_list":{"0":"post-7339","1":"product","2":"type-product","3":"status-publish","4":"has-post-thumbnail","6":"product_cat-anniversary-flowers","7":"product_cat-birthday-flowers","8":"product_cat-flower-boxes","9":"product_cat-flowers-for-a-girl","10":"product_cat-flowers-for-mom","11":"product_cat-flowers-for-women","12":"product_cat-march-8-flowers","13":"product_cat-tulips","14":"tm-no-options","16":"first","17":"instock","18":"taxable","19":"shipping-taxable","20":"purchasable","21":"product-type-variable","22":"has-default-attributes"},"yoast_head":"<!-- This site is optimized with the Yoast SEO plugin v24.3 - https:\/\/yoast.com\/wordpress\/plugins\/seo\/ -->\n<title>A box of red tulips | Tulips in a special box in Vilnius | Pristatome g\u0117les<\/title>\n<meta name=\"description\" content=\"For a more old fashion people, this bouquet of red tulips is the right choice if you want to surprise your woman.\" \/>\n<meta name=\"robots\" content=\"index, follow, max-snippet:-1, max-image-preview:large, max-video-preview:-1\" \/>\n<link rel=\"canonical\" href=\"https:\/\/www.pristatomegeles.lt\/en\/produktas\/a-box-of-red-tulips\/\" \/>\n<meta property=\"og:locale\" content=\"en_US\" \/>\n<meta property=\"og:type\" content=\"article\" \/>\n<meta property=\"og:title\" content=\"A box of red tulips | Tulips in a special box in Vilnius | Pristatome g\u0117les\" \/>\n<meta property=\"og:description\" content=\"For a more old fashion people, this bouquet of red tulips is the right choice if you want to surprise your woman.\" \/>\n<meta property=\"og:url\" content=\"https:\/\/www.pristatomegeles.lt\/en\/produktas\/a-box-of-red-tulips\/\" \/>\n<meta property=\"og:site_name\" content=\"Pristatomegeles.lt\" \/>\n<meta property=\"article:modified_time\" content=\"2025-01-31T09:46:00+00:00\" \/>\n<meta property=\"og:image\" content=\"https:\/\/www.pristatomegeles.lt\/wp-content\/uploads\/2018\/02\/geliu-dezutes-raudonos-tulpes-1.jpg\" \/>\n\t<meta property=\"og:image:width\" content=\"600\" \/>\n\t<meta property=\"og:image:height\" content=\"600\" \/>\n\t<meta property=\"og:image:type\" content=\"image\/jpeg\" \/>\n<meta name=\"twitter:card\" content=\"summary_large_image\" \/>\n<script type=\"application\/ld+json\" class=\"yoast-schema-graph\">{\"@context\":\"https:\/\/schema.org\",\"@graph\":[{\"@type\":\"WebPage\",\"@id\":\"https:\/\/www.pristatomegeles.lt\/en\/produktas\/a-box-of-red-tulips\/\",\"url\":\"https:\/\/www.pristatomegeles.lt\/en\/produktas\/a-box-of-red-tulips\/\",\"name\":\"A box of red tulips | Tulips in a special box in Vilnius | Pristatome g\u0117les\",\"isPartOf\":{\"@id\":\"https:\/\/www.pristatomegeles.lt\/en\/#website\"},\"primaryImageOfPage\":{\"@id\":\"https:\/\/www.pristatomegeles.lt\/en\/produktas\/a-box-of-red-tulips\/#primaryimage\"},\"image\":{\"@id\":\"https:\/\/www.pristatomegeles.lt\/en\/produktas\/a-box-of-red-tulips\/#primaryimage\"},\"thumbnailUrl\":\"https:\/\/www.pristatomegeles.lt\/wp-content\/uploads\/2018\/02\/geliu-dezutes-raudonos-tulpes-1.jpg\",\"datePublished\":\"2018-02-08T14:36:39+00:00\",\"dateModified\":\"2025-01-31T09:46:00+00:00\",\"description\":\"For a more old fashion people, this bouquet of red tulips is the right choice if you want to surprise your woman.\",\"breadcrumb\":{\"@id\":\"https:\/\/www.pristatomegeles.lt\/en\/produktas\/a-box-of-red-tulips\/#breadcrumb\"},\"inLanguage\":\"en-US\",\"potentialAction\":[{\"@type\":\"ReadAction\",\"target\":[\"https:\/\/www.pristatomegeles.lt\/en\/produktas\/a-box-of-red-tulips\/\"]}]},{\"@type\":\"ImageObject\",\"inLanguage\":\"en-US\",\"@id\":\"https:\/\/www.pristatomegeles.lt\/en\/produktas\/a-box-of-red-tulips\/#primaryimage\",\"url\":\"https:\/\/www.pristatomegeles.lt\/wp-content\/uploads\/2018\/02\/geliu-dezutes-raudonos-tulpes-1.jpg\",\"contentUrl\":\"https:\/\/www.pristatomegeles.lt\/wp-content\/uploads\/2018\/02\/geliu-dezutes-raudonos-tulpes-1.jpg\",\"width\":600,\"height\":600,\"caption\":\"Raudonos tulp\u0117s g\u0117l\u0117s d\u0117\u017eut\u0117se\"},{\"@type\":\"BreadcrumbList\",\"@id\":\"https:\/\/www.pristatomegeles.lt\/en\/produktas\/a-box-of-red-tulips\/#breadcrumb\",\"itemListElement\":[{\"@type\":\"ListItem\",\"position\":1,\"name\":\"Home\",\"item\":\"https:\/\/www.pristatomegeles.lt\/en\/home-2\/\"},{\"@type\":\"ListItem\",\"position\":2,\"name\":\"Flowers\",\"item\":\"https:\/\/www.pristatomegeles.lt\/en\/flowers\/\"},{\"@type\":\"ListItem\",\"position\":3,\"name\":\"A box of red tulips\"}]},{\"@type\":\"WebSite\",\"@id\":\"https:\/\/www.pristatomegeles.lt\/en\/#website\",\"url\":\"https:\/\/www.pristatomegeles.lt\/en\/\",\"name\":\"Pristatomegeles.lt\",\"description\":\"\",\"potentialAction\":[{\"@type\":\"SearchAction\",\"target\":{\"@type\":\"EntryPoint\",\"urlTemplate\":\"https:\/\/www.pristatomegeles.lt\/en\/?s={search_term_string}\"},\"query-input\":{\"@type\":\"PropertyValueSpecification\",\"valueRequired\":true,\"valueName\":\"search_term_string\"}}],\"inLanguage\":\"en-US\"}]}<\/script>\n<!-- \/ Yoast SEO plugin. -->","yoast_head_json":{"title":"A box of red tulips | Tulips in a special box in Vilnius | Pristatome g\u0117les","description":"For a more old fashion people, this bouquet of red tulips is the right choice if you want to surprise your woman.","robots":{"index":"index","follow":"follow","max-snippet":"max-snippet:-1","max-image-preview":"max-image-preview:large","max-video-preview":"max-video-preview:-1"},"canonical":"https:\/\/www.pristatomegeles.lt\/en\/produktas\/a-box-of-red-tulips\/","og_locale":"en_US","og_type":"article","og_title":"A box of red tulips | Tulips in a special box in Vilnius | Pristatome g\u0117les","og_description":"For a more old fashion people, this bouquet of red tulips is the right choice if you want to surprise your woman.","og_url":"https:\/\/www.pristatomegeles.lt\/en\/produktas\/a-box-of-red-tulips\/","og_site_name":"Pristatomegeles.lt","article_modified_time":"2025-01-31T09:46:00+00:00","og_image":[{"width":600,"height":600,"url":"https:\/\/www.pristatomegeles.lt\/wp-content\/uploads\/2018\/02\/geliu-dezutes-raudonos-tulpes-1.jpg","type":"image\/jpeg"}],"twitter_card":"summary_large_image","schema":{"@context":"https:\/\/schema.org","@graph":[{"@type":"WebPage","@id":"https:\/\/www.pristatomegeles.lt\/en\/produktas\/a-box-of-red-tulips\/","url":"https:\/\/www.pristatomegeles.lt\/en\/produktas\/a-box-of-red-tulips\/","name":"A box of red tulips | Tulips in a special box in Vilnius | Pristatome g\u0117les","isPartOf":{"@id":"https:\/\/www.pristatomegeles.lt\/en\/#website"},"primaryImageOfPage":{"@id":"https:\/\/www.pristatomegeles.lt\/en\/produktas\/a-box-of-red-tulips\/#primaryimage"},"image":{"@id":"https:\/\/www.pristatomegeles.lt\/en\/produktas\/a-box-of-red-tulips\/#primaryimage"},"thumbnailUrl":"https:\/\/www.pristatomegeles.lt\/wp-content\/uploads\/2018\/02\/geliu-dezutes-raudonos-tulpes-1.jpg","datePublished":"2018-02-08T14:36:39+00:00","dateModified":"2025-01-31T09:46:00+00:00","description":"For a more old fashion people, this bouquet of red tulips is the right choice if you want to surprise your woman.","breadcrumb":{"@id":"https:\/\/www.pristatomegeles.lt\/en\/produktas\/a-box-of-red-tulips\/#breadcrumb"},"inLanguage":"en-US","potentialAction":[{"@type":"ReadAction","target":["https:\/\/www.pristatomegeles.lt\/en\/produktas\/a-box-of-red-tulips\/"]}]},{"@type":"ImageObject","inLanguage":"en-US","@id":"https:\/\/www.pristatomegeles.lt\/en\/produktas\/a-box-of-red-tulips\/#primaryimage","url":"https:\/\/www.pristatomegeles.lt\/wp-content\/uploads\/2018\/02\/geliu-dezutes-raudonos-tulpes-1.jpg","contentUrl":"https:\/\/www.pristatomegeles.lt\/wp-content\/uploads\/2018\/02\/geliu-dezutes-raudonos-tulpes-1.jpg","width":600,"height":600,"caption":"Raudonos tulp\u0117s g\u0117l\u0117s d\u0117\u017eut\u0117se"},{"@type":"BreadcrumbList","@id":"https:\/\/www.pristatomegeles.lt\/en\/produktas\/a-box-of-red-tulips\/#breadcrumb","itemListElement":[{"@type":"ListItem","position":1,"name":"Home","item":"https:\/\/www.pristatomegeles.lt\/en\/home-2\/"},{"@type":"ListItem","position":2,"name":"Flowers","item":"https:\/\/www.pristatomegeles.lt\/en\/flowers\/"},{"@type":"ListItem","position":3,"name":"A box of red tulips"}]},{"@type":"WebSite","@id":"https:\/\/www.pristatomegeles.lt\/en\/#website","url":"https:\/\/www.pristatomegeles.lt\/en\/","name":"Pristatomegeles.lt","description":"","potentialAction":[{"@type":"SearchAction","target":{"@type":"EntryPoint","urlTemplate":"https:\/\/www.pristatomegeles.lt\/en\/?s={search_term_string}"},"query-input":{"@type":"PropertyValueSpecification","valueRequired":true,"valueName":"search_term_string"}}],"inLanguage":"en-US"}]}},"_links":{"self":[{"href":"https:\/\/www.pristatomegeles.lt\/en\/wp-json\/wp\/v2\/product\/7339","targetHints":{"allow":["GET"]}}],"collection":[{"href":"https:\/\/www.pristatomegeles.lt\/en\/wp-json\/wp\/v2\/product"}],"about":[{"href":"https:\/\/www.pristatomegeles.lt\/en\/wp-json\/wp\/v2\/types\/product"}],"wp:featuredmedia":[{"embeddable":true,"href":"https:\/\/www.pristatomegeles.lt\/en\/wp-json\/wp\/v2\/media\/4321"}],"wp:attachment":[{"href":"https:\/\/www.pristatomegeles.lt\/en\/wp-json\/wp\/v2\/media?parent=7339"}],"wp:term":[{"taxonomy":"product_brand","embeddable":true,"href":"https:\/\/www.pristatomegeles.lt\/en\/wp-json\/wp\/v2\/product_brand?post=7339"},{"taxonomy":"product_cat","embeddable":true,"href":"https:\/\/www.pristatomegeles.lt\/en\/wp-json\/wp\/v2\/product_cat?post=7339"},{"taxonomy":"product_tag","embeddable":true,"href":"https:\/\/www.pristatomegeles.lt\/en\/wp-json\/wp\/v2\/product_tag?post=7339"}],"curies":[{"name":"wp","href":"https:\/\/api.w.org\/{rel}","templated":true}]}}