{"id":7688,"date":"2018-10-20T14:25:52","date_gmt":"2018-10-20T16:25:52","guid":{"rendered":"http:\/\/www.pristatomegeles.lt\/produktas\/geliu-dezute-zavesys\/"},"modified":"2025-02-18T15:25:44","modified_gmt":"2025-02-18T13:25:44","slug":"a-box-of-flowers-charm","status":"publish","type":"product","link":"https:\/\/www.pristatomegeles.lt\/en\/produktas\/a-box-of-flowers-charm\/","title":{"rendered":"A box of flowers \u201cCharm\u201c"},"content":{"rendered":"<p>Flower box &#8220;Charm&#8221; will reflect the atmosphere of meaningful and joyful celebration. White roses in a box will look luxurious and reserved, whereas alstroemerias will add some colors and naturalness. This flower box is a great choice when congratulating director, colleague, or other person with whom you want to have professional relationship. The color of box may vary from the photo. The color of alstroemerias is chosen from the ones we have in stock.<\/p>\n","protected":false},"excerpt":{"rendered":"<p>This box of white roses and alstroemerias can be a business, romantic or just a sincere gift. Choose a number of flowers, depending on the size of the box. The larger the number of flowers you select, the larger the box will be.<\/p>\n<p><em><strong>We choose the color of the alstroemerias according to what we have in the store at the time of ordering.<\/strong><\/em><\/p>\n","protected":false},"featured_media":6220,"template":"","meta":[],"product_brand":[],"product_cat":[454,1499,1497,414,1491,1496,1498,1493,1495,1492,1494,1152,1153,415,1501],"product_tag":[],"class_list":{"0":"post-7688","1":"product","2":"type-product","3":"status-publish","4":"has-post-thumbnail","6":"product_cat-alstromerias","7":"product_cat-anniversary-flowers","8":"product_cat-birthday-flowers","9":"product_cat-flower-boxes","10":"product_cat-flowers-for-a-girl","11":"product_cat-flowers-for-men","12":"product_cat-flowers-for-mom","13":"product_cat-flowers-for-teachers-day","14":"product_cat-flowers-for-the-1st-of-september","15":"product_cat-flowers-for-the-teachers","16":"product_cat-flowers-for-women","17":"product_cat-march-8-flowers","18":"product_cat-mothers-day-flowers","19":"product_cat-roses","20":"product_cat-valentines-day-flowers","21":"tm-no-options","23":"first","24":"instock","25":"taxable","26":"shipping-taxable","27":"purchasable","28":"product-type-variable","29":"has-default-attributes"},"yoast_head":"<!-- This site is optimized with the Yoast SEO plugin v24.3 - https:\/\/yoast.com\/wordpress\/plugins\/seo\/ -->\n<title>A box of flowers \u201cCharm\u201c | Flower delivery in Vilnius | Pristatome g\u0117les<\/title>\n<meta name=\"description\" content=\"Two in one - professional and subtle box of white roses and alstroemerias is a great gift to send to home or office. Surprise your colleagues or friends. Order online with delivery in Vilnius.\" \/>\n<meta name=\"robots\" content=\"index, follow, max-snippet:-1, max-image-preview:large, max-video-preview:-1\" \/>\n<link rel=\"canonical\" href=\"https:\/\/www.pristatomegeles.lt\/en\/produktas\/a-box-of-flowers-charm\/\" \/>\n<meta property=\"og:locale\" content=\"en_US\" \/>\n<meta property=\"og:type\" content=\"article\" \/>\n<meta property=\"og:title\" content=\"A box of flowers \u201cCharm\u201c | Flower delivery in Vilnius | Pristatome g\u0117les\" \/>\n<meta property=\"og:description\" content=\"Two in one - professional and subtle box of white roses and alstroemerias is a great gift to send to home or office. Surprise your colleagues or friends. Order online with delivery in Vilnius.\" \/>\n<meta property=\"og:url\" content=\"https:\/\/www.pristatomegeles.lt\/en\/produktas\/a-box-of-flowers-charm\/\" \/>\n<meta property=\"og:site_name\" content=\"Pristatomegeles.lt\" \/>\n<meta property=\"article:modified_time\" content=\"2025-02-18T13:25:44+00:00\" \/>\n<meta property=\"og:image\" content=\"https:\/\/www.pristatomegeles.lt\/wp-content\/uploads\/2018\/10\/geles-dezuteje-baltos-rozes-ir-alstromerijos-scaled.jpg\" \/>\n\t<meta property=\"og:image:width\" content=\"2560\" \/>\n\t<meta property=\"og:image:height\" content=\"2560\" \/>\n\t<meta property=\"og:image:type\" content=\"image\/jpeg\" \/>\n<meta name=\"twitter:card\" content=\"summary_large_image\" \/>\n<meta name=\"twitter:label1\" content=\"Est. reading time\" \/>\n\t<meta name=\"twitter:data1\" content=\"1 minute\" \/>\n<script type=\"application\/ld+json\" class=\"yoast-schema-graph\">{\"@context\":\"https:\/\/schema.org\",\"@graph\":[{\"@type\":\"WebPage\",\"@id\":\"https:\/\/www.pristatomegeles.lt\/en\/produktas\/a-box-of-flowers-charm\/\",\"url\":\"https:\/\/www.pristatomegeles.lt\/en\/produktas\/a-box-of-flowers-charm\/\",\"name\":\"A box of flowers \u201cCharm\u201c | Flower delivery in Vilnius | Pristatome g\u0117les\",\"isPartOf\":{\"@id\":\"https:\/\/www.pristatomegeles.lt\/en\/#website\"},\"primaryImageOfPage\":{\"@id\":\"https:\/\/www.pristatomegeles.lt\/en\/produktas\/a-box-of-flowers-charm\/#primaryimage\"},\"image\":{\"@id\":\"https:\/\/www.pristatomegeles.lt\/en\/produktas\/a-box-of-flowers-charm\/#primaryimage\"},\"thumbnailUrl\":\"https:\/\/www.pristatomegeles.lt\/wp-content\/uploads\/2018\/10\/geles-dezuteje-baltos-rozes-ir-alstromerijos-scaled.jpg\",\"datePublished\":\"2018-10-20T16:25:52+00:00\",\"dateModified\":\"2025-02-18T13:25:44+00:00\",\"description\":\"Two in one - professional and subtle box of white roses and alstroemerias is a great gift to send to home or office. Surprise your colleagues or friends. Order online with delivery in Vilnius.\",\"breadcrumb\":{\"@id\":\"https:\/\/www.pristatomegeles.lt\/en\/produktas\/a-box-of-flowers-charm\/#breadcrumb\"},\"inLanguage\":\"en-US\",\"potentialAction\":[{\"@type\":\"ReadAction\",\"target\":[\"https:\/\/www.pristatomegeles.lt\/en\/produktas\/a-box-of-flowers-charm\/\"]}]},{\"@type\":\"ImageObject\",\"inLanguage\":\"en-US\",\"@id\":\"https:\/\/www.pristatomegeles.lt\/en\/produktas\/a-box-of-flowers-charm\/#primaryimage\",\"url\":\"https:\/\/www.pristatomegeles.lt\/wp-content\/uploads\/2018\/10\/geles-dezuteje-baltos-rozes-ir-alstromerijos-scaled.jpg\",\"contentUrl\":\"https:\/\/www.pristatomegeles.lt\/wp-content\/uploads\/2018\/10\/geles-dezuteje-baltos-rozes-ir-alstromerijos-scaled.jpg\",\"width\":2560,\"height\":2560,\"caption\":\"Balt\u0173 ro\u017ei\u0173 ir spalvot\u0173 alstromerij\u0173 d\u0117\u017eut\u0117\"},{\"@type\":\"BreadcrumbList\",\"@id\":\"https:\/\/www.pristatomegeles.lt\/en\/produktas\/a-box-of-flowers-charm\/#breadcrumb\",\"itemListElement\":[{\"@type\":\"ListItem\",\"position\":1,\"name\":\"Home\",\"item\":\"https:\/\/www.pristatomegeles.lt\/en\/home-2\/\"},{\"@type\":\"ListItem\",\"position\":2,\"name\":\"Flowers\",\"item\":\"https:\/\/www.pristatomegeles.lt\/en\/flowers\/\"},{\"@type\":\"ListItem\",\"position\":3,\"name\":\"A box of flowers \u201cCharm\u201c\"}]},{\"@type\":\"WebSite\",\"@id\":\"https:\/\/www.pristatomegeles.lt\/en\/#website\",\"url\":\"https:\/\/www.pristatomegeles.lt\/en\/\",\"name\":\"Pristatomegeles.lt\",\"description\":\"\",\"potentialAction\":[{\"@type\":\"SearchAction\",\"target\":{\"@type\":\"EntryPoint\",\"urlTemplate\":\"https:\/\/www.pristatomegeles.lt\/en\/?s={search_term_string}\"},\"query-input\":{\"@type\":\"PropertyValueSpecification\",\"valueRequired\":true,\"valueName\":\"search_term_string\"}}],\"inLanguage\":\"en-US\"}]}<\/script>\n<!-- \/ Yoast SEO plugin. -->","yoast_head_json":{"title":"A box of flowers \u201cCharm\u201c | Flower delivery in Vilnius | Pristatome g\u0117les","description":"Two in one - professional and subtle box of white roses and alstroemerias is a great gift to send to home or office. Surprise your colleagues or friends. Order online with delivery in Vilnius.","robots":{"index":"index","follow":"follow","max-snippet":"max-snippet:-1","max-image-preview":"max-image-preview:large","max-video-preview":"max-video-preview:-1"},"canonical":"https:\/\/www.pristatomegeles.lt\/en\/produktas\/a-box-of-flowers-charm\/","og_locale":"en_US","og_type":"article","og_title":"A box of flowers \u201cCharm\u201c | Flower delivery in Vilnius | Pristatome g\u0117les","og_description":"Two in one - professional and subtle box of white roses and alstroemerias is a great gift to send to home or office. Surprise your colleagues or friends. Order online with delivery in Vilnius.","og_url":"https:\/\/www.pristatomegeles.lt\/en\/produktas\/a-box-of-flowers-charm\/","og_site_name":"Pristatomegeles.lt","article_modified_time":"2025-02-18T13:25:44+00:00","og_image":[{"width":2560,"height":2560,"url":"https:\/\/www.pristatomegeles.lt\/wp-content\/uploads\/2018\/10\/geles-dezuteje-baltos-rozes-ir-alstromerijos-scaled.jpg","type":"image\/jpeg"}],"twitter_card":"summary_large_image","twitter_misc":{"Est. reading time":"1 minute"},"schema":{"@context":"https:\/\/schema.org","@graph":[{"@type":"WebPage","@id":"https:\/\/www.pristatomegeles.lt\/en\/produktas\/a-box-of-flowers-charm\/","url":"https:\/\/www.pristatomegeles.lt\/en\/produktas\/a-box-of-flowers-charm\/","name":"A box of flowers \u201cCharm\u201c | Flower delivery in Vilnius | Pristatome g\u0117les","isPartOf":{"@id":"https:\/\/www.pristatomegeles.lt\/en\/#website"},"primaryImageOfPage":{"@id":"https:\/\/www.pristatomegeles.lt\/en\/produktas\/a-box-of-flowers-charm\/#primaryimage"},"image":{"@id":"https:\/\/www.pristatomegeles.lt\/en\/produktas\/a-box-of-flowers-charm\/#primaryimage"},"thumbnailUrl":"https:\/\/www.pristatomegeles.lt\/wp-content\/uploads\/2018\/10\/geles-dezuteje-baltos-rozes-ir-alstromerijos-scaled.jpg","datePublished":"2018-10-20T16:25:52+00:00","dateModified":"2025-02-18T13:25:44+00:00","description":"Two in one - professional and subtle box of white roses and alstroemerias is a great gift to send to home or office. Surprise your colleagues or friends. Order online with delivery in Vilnius.","breadcrumb":{"@id":"https:\/\/www.pristatomegeles.lt\/en\/produktas\/a-box-of-flowers-charm\/#breadcrumb"},"inLanguage":"en-US","potentialAction":[{"@type":"ReadAction","target":["https:\/\/www.pristatomegeles.lt\/en\/produktas\/a-box-of-flowers-charm\/"]}]},{"@type":"ImageObject","inLanguage":"en-US","@id":"https:\/\/www.pristatomegeles.lt\/en\/produktas\/a-box-of-flowers-charm\/#primaryimage","url":"https:\/\/www.pristatomegeles.lt\/wp-content\/uploads\/2018\/10\/geles-dezuteje-baltos-rozes-ir-alstromerijos-scaled.jpg","contentUrl":"https:\/\/www.pristatomegeles.lt\/wp-content\/uploads\/2018\/10\/geles-dezuteje-baltos-rozes-ir-alstromerijos-scaled.jpg","width":2560,"height":2560,"caption":"Balt\u0173 ro\u017ei\u0173 ir spalvot\u0173 alstromerij\u0173 d\u0117\u017eut\u0117"},{"@type":"BreadcrumbList","@id":"https:\/\/www.pristatomegeles.lt\/en\/produktas\/a-box-of-flowers-charm\/#breadcrumb","itemListElement":[{"@type":"ListItem","position":1,"name":"Home","item":"https:\/\/www.pristatomegeles.lt\/en\/home-2\/"},{"@type":"ListItem","position":2,"name":"Flowers","item":"https:\/\/www.pristatomegeles.lt\/en\/flowers\/"},{"@type":"ListItem","position":3,"name":"A box of flowers \u201cCharm\u201c"}]},{"@type":"WebSite","@id":"https:\/\/www.pristatomegeles.lt\/en\/#website","url":"https:\/\/www.pristatomegeles.lt\/en\/","name":"Pristatomegeles.lt","description":"","potentialAction":[{"@type":"SearchAction","target":{"@type":"EntryPoint","urlTemplate":"https:\/\/www.pristatomegeles.lt\/en\/?s={search_term_string}"},"query-input":{"@type":"PropertyValueSpecification","valueRequired":true,"valueName":"search_term_string"}}],"inLanguage":"en-US"}]}},"_links":{"self":[{"href":"https:\/\/www.pristatomegeles.lt\/en\/wp-json\/wp\/v2\/product\/7688","targetHints":{"allow":["GET"]}}],"collection":[{"href":"https:\/\/www.pristatomegeles.lt\/en\/wp-json\/wp\/v2\/product"}],"about":[{"href":"https:\/\/www.pristatomegeles.lt\/en\/wp-json\/wp\/v2\/types\/product"}],"wp:featuredmedia":[{"embeddable":true,"href":"https:\/\/www.pristatomegeles.lt\/en\/wp-json\/wp\/v2\/media\/6220"}],"wp:attachment":[{"href":"https:\/\/www.pristatomegeles.lt\/en\/wp-json\/wp\/v2\/media?parent=7688"}],"wp:term":[{"taxonomy":"product_brand","embeddable":true,"href":"https:\/\/www.pristatomegeles.lt\/en\/wp-json\/wp\/v2\/product_brand?post=7688"},{"taxonomy":"product_cat","embeddable":true,"href":"https:\/\/www.pristatomegeles.lt\/en\/wp-json\/wp\/v2\/product_cat?post=7688"},{"taxonomy":"product_tag","embeddable":true,"href":"https:\/\/www.pristatomegeles.lt\/en\/wp-json\/wp\/v2\/product_tag?post=7688"}],"curies":[{"name":"wp","href":"https:\/\/api.w.org\/{rel}","templated":true}]}}