{"id":7692,"date":"2018-10-27T11:25:42","date_gmt":"2018-10-27T13:25:42","guid":{"rendered":"http:\/\/www.pristatomegeles.lt\/produktas\/geliu-dezute-ziedeliai\/"},"modified":"2025-01-31T11:55:41","modified_gmt":"2025-01-31T09:55:41","slug":"box-of-flowers-blossoms","status":"publish","type":"product","link":"https:\/\/www.pristatomegeles.lt\/en\/produktas\/box-of-flowers-blossoms\/","title":{"rendered":"Box of flowers &#8220;Blossoms&#8221;"},"content":{"rendered":"<p>Imagine how pleasantly you would be satisfied by receiving a full box of tiny blossoms that will lift your mood and decorate your home. The box consists of alstroemeriass and freesias. Both flowers have tiny blossoms that look ornate, festive, and joyful. Such box is a great gift for a person of any age because the composition just can\u2019t be unreliable! The colors of the flowers and the box is chosen by our professional florists and matched together in order to look unique and special.<\/p>\n","protected":false},"excerpt":{"rendered":"<p>If you can imagine a very happy and festive looking flower box &#8211; it will definitely be a box of alstroemerias and freesias, which will fascinate everyone not only with colors, but also with a wonderful aroma! Choose the number of flowers, which will also determine the size of the box.<\/p>\n<p>Medium box &#8211; 7 freesias and 8 alstromers,<\/p>\n<p>Large box &#8211; 10 freesias and 11 alstromers.<\/p>\n<p><em><strong>We choose the color of the freesias and alstroemerias according to what we have in the store at the time of ordering.<\/strong><\/em><\/p>\n","protected":false},"featured_media":5758,"template":"","meta":[],"product_brand":[],"product_cat":[454,1499,1497,414,1491,1498,1493,1495,1492,1494,497,1152,1153,1501],"product_tag":[],"class_list":{"0":"post-7692","1":"product","2":"type-product","3":"status-publish","4":"has-post-thumbnail","6":"product_cat-alstromerias","7":"product_cat-anniversary-flowers","8":"product_cat-birthday-flowers","9":"product_cat-flower-boxes","10":"product_cat-flowers-for-a-girl","11":"product_cat-flowers-for-mom","12":"product_cat-flowers-for-teachers-day","13":"product_cat-flowers-for-the-1st-of-september","14":"product_cat-flowers-for-the-teachers","15":"product_cat-flowers-for-women","16":"product_cat-freesias","17":"product_cat-march-8-flowers","18":"product_cat-mothers-day-flowers","19":"product_cat-valentines-day-flowers","20":"tm-no-options","22":"first","23":"instock","24":"taxable","25":"shipping-taxable","26":"purchasable","27":"product-type-variable","28":"has-default-attributes"},"yoast_head":"<!-- This site is optimized with the Yoast SEO plugin v24.3 - https:\/\/yoast.com\/wordpress\/plugins\/seo\/ -->\n<title>Box of flowers &quot;Blossoms&quot; | Flower delivery | Pristatome G\u0117les<\/title>\n<meta name=\"description\" content=\"If you can imagine a very happy and festive looking flower box - it will definitely be a box of alstroemerias and freesias, which will fascinate everyone not only with colors, but also with a wonderful aroma! Surprise your friends on any occasion. Order online with delivery in Vilnius.\" \/>\n<meta name=\"robots\" content=\"index, follow, max-snippet:-1, max-image-preview:large, max-video-preview:-1\" \/>\n<link rel=\"canonical\" href=\"https:\/\/www.pristatomegeles.lt\/en\/produktas\/box-of-flowers-blossoms\/\" \/>\n<meta property=\"og:locale\" content=\"en_US\" \/>\n<meta property=\"og:type\" content=\"article\" \/>\n<meta property=\"og:title\" content=\"Box of flowers &quot;Blossoms&quot; | Flower delivery | Pristatome G\u0117les\" \/>\n<meta property=\"og:description\" content=\"If you can imagine a very happy and festive looking flower box - it will definitely be a box of alstroemerias and freesias, which will fascinate everyone not only with colors, but also with a wonderful aroma! Surprise your friends on any occasion. Order online with delivery in Vilnius.\" \/>\n<meta property=\"og:url\" content=\"https:\/\/www.pristatomegeles.lt\/en\/produktas\/box-of-flowers-blossoms\/\" \/>\n<meta property=\"og:site_name\" content=\"Pristatomegeles.lt\" \/>\n<meta property=\"article:modified_time\" content=\"2025-01-31T09:55:41+00:00\" \/>\n<meta property=\"og:image\" content=\"https:\/\/www.pristatomegeles.lt\/wp-content\/uploads\/2018\/10\/geliu-dezute-moterims-alstromerijos-ir-frezijos-2.jpg\" \/>\n\t<meta property=\"og:image:width\" content=\"1000\" \/>\n\t<meta property=\"og:image:height\" content=\"1000\" \/>\n\t<meta property=\"og:image:type\" content=\"image\/jpeg\" \/>\n<meta name=\"twitter:card\" content=\"summary_large_image\" \/>\n<script type=\"application\/ld+json\" class=\"yoast-schema-graph\">{\"@context\":\"https:\/\/schema.org\",\"@graph\":[{\"@type\":\"WebPage\",\"@id\":\"https:\/\/www.pristatomegeles.lt\/en\/produktas\/box-of-flowers-blossoms\/\",\"url\":\"https:\/\/www.pristatomegeles.lt\/en\/produktas\/box-of-flowers-blossoms\/\",\"name\":\"Box of flowers \\\"Blossoms\\\" | Flower delivery | Pristatome G\u0117les\",\"isPartOf\":{\"@id\":\"https:\/\/www.pristatomegeles.lt\/en\/#website\"},\"primaryImageOfPage\":{\"@id\":\"https:\/\/www.pristatomegeles.lt\/en\/produktas\/box-of-flowers-blossoms\/#primaryimage\"},\"image\":{\"@id\":\"https:\/\/www.pristatomegeles.lt\/en\/produktas\/box-of-flowers-blossoms\/#primaryimage\"},\"thumbnailUrl\":\"https:\/\/www.pristatomegeles.lt\/wp-content\/uploads\/2018\/10\/geliu-dezute-moterims-alstromerijos-ir-frezijos-2-scaled.jpg\",\"datePublished\":\"2018-10-27T13:25:42+00:00\",\"dateModified\":\"2025-01-31T09:55:41+00:00\",\"description\":\"If you can imagine a very happy and festive looking flower box - it will definitely be a box of alstroemerias and freesias, which will fascinate everyone not only with colors, but also with a wonderful aroma! Surprise your friends on any occasion. Order online with delivery in Vilnius.\",\"breadcrumb\":{\"@id\":\"https:\/\/www.pristatomegeles.lt\/en\/produktas\/box-of-flowers-blossoms\/#breadcrumb\"},\"inLanguage\":\"en-US\",\"potentialAction\":[{\"@type\":\"ReadAction\",\"target\":[\"https:\/\/www.pristatomegeles.lt\/en\/produktas\/box-of-flowers-blossoms\/\"]}]},{\"@type\":\"ImageObject\",\"inLanguage\":\"en-US\",\"@id\":\"https:\/\/www.pristatomegeles.lt\/en\/produktas\/box-of-flowers-blossoms\/#primaryimage\",\"url\":\"https:\/\/www.pristatomegeles.lt\/wp-content\/uploads\/2018\/10\/geliu-dezute-moterims-alstromerijos-ir-frezijos-2-scaled.jpg\",\"contentUrl\":\"https:\/\/www.pristatomegeles.lt\/wp-content\/uploads\/2018\/10\/geliu-dezute-moterims-alstromerijos-ir-frezijos-2-scaled.jpg\",\"width\":2560,\"height\":2560,\"caption\":\"G\u0117l\u0117s d\u0117\u017eut\u0117je gimtadienio progra frezijos ir alstromerijos\"},{\"@type\":\"BreadcrumbList\",\"@id\":\"https:\/\/www.pristatomegeles.lt\/en\/produktas\/box-of-flowers-blossoms\/#breadcrumb\",\"itemListElement\":[{\"@type\":\"ListItem\",\"position\":1,\"name\":\"Home\",\"item\":\"https:\/\/www.pristatomegeles.lt\/en\/home-2\/\"},{\"@type\":\"ListItem\",\"position\":2,\"name\":\"Flowers\",\"item\":\"https:\/\/www.pristatomegeles.lt\/en\/flowers\/\"},{\"@type\":\"ListItem\",\"position\":3,\"name\":\"Box of flowers &#8220;Blossoms&#8221;\"}]},{\"@type\":\"WebSite\",\"@id\":\"https:\/\/www.pristatomegeles.lt\/en\/#website\",\"url\":\"https:\/\/www.pristatomegeles.lt\/en\/\",\"name\":\"Pristatomegeles.lt\",\"description\":\"\",\"potentialAction\":[{\"@type\":\"SearchAction\",\"target\":{\"@type\":\"EntryPoint\",\"urlTemplate\":\"https:\/\/www.pristatomegeles.lt\/en\/?s={search_term_string}\"},\"query-input\":{\"@type\":\"PropertyValueSpecification\",\"valueRequired\":true,\"valueName\":\"search_term_string\"}}],\"inLanguage\":\"en-US\"}]}<\/script>\n<!-- \/ Yoast SEO plugin. -->","yoast_head_json":{"title":"Box of flowers \"Blossoms\" | Flower delivery | Pristatome G\u0117les","description":"If you can imagine a very happy and festive looking flower box - it will definitely be a box of alstroemerias and freesias, which will fascinate everyone not only with colors, but also with a wonderful aroma! Surprise your friends on any occasion. Order online with delivery in Vilnius.","robots":{"index":"index","follow":"follow","max-snippet":"max-snippet:-1","max-image-preview":"max-image-preview:large","max-video-preview":"max-video-preview:-1"},"canonical":"https:\/\/www.pristatomegeles.lt\/en\/produktas\/box-of-flowers-blossoms\/","og_locale":"en_US","og_type":"article","og_title":"Box of flowers \"Blossoms\" | Flower delivery | Pristatome G\u0117les","og_description":"If you can imagine a very happy and festive looking flower box - it will definitely be a box of alstroemerias and freesias, which will fascinate everyone not only with colors, but also with a wonderful aroma! Surprise your friends on any occasion. Order online with delivery in Vilnius.","og_url":"https:\/\/www.pristatomegeles.lt\/en\/produktas\/box-of-flowers-blossoms\/","og_site_name":"Pristatomegeles.lt","article_modified_time":"2025-01-31T09:55:41+00:00","og_image":[{"width":1000,"height":1000,"url":"https:\/\/www.pristatomegeles.lt\/wp-content\/uploads\/2018\/10\/geliu-dezute-moterims-alstromerijos-ir-frezijos-2.jpg","type":"image\/jpeg"}],"twitter_card":"summary_large_image","schema":{"@context":"https:\/\/schema.org","@graph":[{"@type":"WebPage","@id":"https:\/\/www.pristatomegeles.lt\/en\/produktas\/box-of-flowers-blossoms\/","url":"https:\/\/www.pristatomegeles.lt\/en\/produktas\/box-of-flowers-blossoms\/","name":"Box of flowers \"Blossoms\" | Flower delivery | Pristatome G\u0117les","isPartOf":{"@id":"https:\/\/www.pristatomegeles.lt\/en\/#website"},"primaryImageOfPage":{"@id":"https:\/\/www.pristatomegeles.lt\/en\/produktas\/box-of-flowers-blossoms\/#primaryimage"},"image":{"@id":"https:\/\/www.pristatomegeles.lt\/en\/produktas\/box-of-flowers-blossoms\/#primaryimage"},"thumbnailUrl":"https:\/\/www.pristatomegeles.lt\/wp-content\/uploads\/2018\/10\/geliu-dezute-moterims-alstromerijos-ir-frezijos-2-scaled.jpg","datePublished":"2018-10-27T13:25:42+00:00","dateModified":"2025-01-31T09:55:41+00:00","description":"If you can imagine a very happy and festive looking flower box - it will definitely be a box of alstroemerias and freesias, which will fascinate everyone not only with colors, but also with a wonderful aroma! Surprise your friends on any occasion. Order online with delivery in Vilnius.","breadcrumb":{"@id":"https:\/\/www.pristatomegeles.lt\/en\/produktas\/box-of-flowers-blossoms\/#breadcrumb"},"inLanguage":"en-US","potentialAction":[{"@type":"ReadAction","target":["https:\/\/www.pristatomegeles.lt\/en\/produktas\/box-of-flowers-blossoms\/"]}]},{"@type":"ImageObject","inLanguage":"en-US","@id":"https:\/\/www.pristatomegeles.lt\/en\/produktas\/box-of-flowers-blossoms\/#primaryimage","url":"https:\/\/www.pristatomegeles.lt\/wp-content\/uploads\/2018\/10\/geliu-dezute-moterims-alstromerijos-ir-frezijos-2-scaled.jpg","contentUrl":"https:\/\/www.pristatomegeles.lt\/wp-content\/uploads\/2018\/10\/geliu-dezute-moterims-alstromerijos-ir-frezijos-2-scaled.jpg","width":2560,"height":2560,"caption":"G\u0117l\u0117s d\u0117\u017eut\u0117je gimtadienio progra frezijos ir alstromerijos"},{"@type":"BreadcrumbList","@id":"https:\/\/www.pristatomegeles.lt\/en\/produktas\/box-of-flowers-blossoms\/#breadcrumb","itemListElement":[{"@type":"ListItem","position":1,"name":"Home","item":"https:\/\/www.pristatomegeles.lt\/en\/home-2\/"},{"@type":"ListItem","position":2,"name":"Flowers","item":"https:\/\/www.pristatomegeles.lt\/en\/flowers\/"},{"@type":"ListItem","position":3,"name":"Box of flowers &#8220;Blossoms&#8221;"}]},{"@type":"WebSite","@id":"https:\/\/www.pristatomegeles.lt\/en\/#website","url":"https:\/\/www.pristatomegeles.lt\/en\/","name":"Pristatomegeles.lt","description":"","potentialAction":[{"@type":"SearchAction","target":{"@type":"EntryPoint","urlTemplate":"https:\/\/www.pristatomegeles.lt\/en\/?s={search_term_string}"},"query-input":{"@type":"PropertyValueSpecification","valueRequired":true,"valueName":"search_term_string"}}],"inLanguage":"en-US"}]}},"_links":{"self":[{"href":"https:\/\/www.pristatomegeles.lt\/en\/wp-json\/wp\/v2\/product\/7692","targetHints":{"allow":["GET"]}}],"collection":[{"href":"https:\/\/www.pristatomegeles.lt\/en\/wp-json\/wp\/v2\/product"}],"about":[{"href":"https:\/\/www.pristatomegeles.lt\/en\/wp-json\/wp\/v2\/types\/product"}],"wp:featuredmedia":[{"embeddable":true,"href":"https:\/\/www.pristatomegeles.lt\/en\/wp-json\/wp\/v2\/media\/5758"}],"wp:attachment":[{"href":"https:\/\/www.pristatomegeles.lt\/en\/wp-json\/wp\/v2\/media?parent=7692"}],"wp:term":[{"taxonomy":"product_brand","embeddable":true,"href":"https:\/\/www.pristatomegeles.lt\/en\/wp-json\/wp\/v2\/product_brand?post=7692"},{"taxonomy":"product_cat","embeddable":true,"href":"https:\/\/www.pristatomegeles.lt\/en\/wp-json\/wp\/v2\/product_cat?post=7692"},{"taxonomy":"product_tag","embeddable":true,"href":"https:\/\/www.pristatomegeles.lt\/en\/wp-json\/wp\/v2\/product_tag?post=7692"}],"curies":[{"name":"wp","href":"https:\/\/api.w.org\/{rel}","templated":true}]}}