{"id":10691,"date":"2021-02-09T16:10:27","date_gmt":"2021-02-09T14:10:27","guid":{"rendered":"http:\/\/www.pristatomegeles.lt\/?page_id=10691"},"modified":"2021-11-30T01:58:57","modified_gmt":"2021-11-29T23:58:57","slug":"%d0%ba%d0%be%d1%80%d0%b7%d0%b8%d0%bd%d0%b0-%d0%bf%d0%be%d0%ba%d1%83%d0%bf%d0%b0%d1%82%d0%b5%d0%bb%d1%8f","status":"publish","type":"page","link":"https:\/\/www.pristatomegeles.lt\/ru\/%d0%ba%d0%be%d1%80%d0%b7%d0%b8%d0%bd%d0%b0-%d0%bf%d0%be%d0%ba%d1%83%d0%bf%d0%b0%d1%82%d0%b5%d0%bb%d1%8f\/","title":{"rendered":"\u041a\u043e\u0440\u0437\u0438\u043d\u0430 \u043f\u043e\u043a\u0443\u043f\u0430\u0442\u0435\u043b\u044f"},"content":{"rendered":"<div class=\"woocommerce\"><div class=\"text-center pt pb\">\n\t<div class=\"woocommerce-notices-wrapper\"><ul class=\"woocommerce-error message-wrapper\" role=\"alert\">\n\t\t\t<li>\n\t\t\t<div class=\"message-container container alert-color medium-text-center\">\n\t\t\t\t<span class=\"message-icon icon-close\"><\/span>\n\t\t\t\tJ\u016bs\u0173 dabartinio preki\u0173 krep\u0161elio suma yra <span class=\"woocommerce-Price-amount amount\"><span class=\"woocommerce-Price-currencySymbol\">&euro;<\/span>0.00<\/span> \u2014 minimali preki\u0173 krep\u0161elio suma norint gauti prekes su pristatymu yra <span class=\"woocommerce-Price-amount amount\"><span class=\"woocommerce-Price-currencySymbol\">&euro;<\/span>15.00<\/span> \t\t\t<\/div>\n\t\t<\/li>\n\t<\/ul>\n<\/div><div class=\"wc-empty-cart-message\">\n\t<div class=\"woocommerce-info message-wrapper\">\n\t\t<div class=\"message-container container medium-text-center\">\n\t\t\t\u0412\u0430\u0448\u0430 \u043a\u043e\u0440\u0437\u0438\u043d\u0430 \u043f\u043e\u043a\u0430 \u043f\u0443\u0441\u0442\u0430.\t\t<\/div>\n\t<\/div>\n\t<\/div>\t\t<p class=\"return-to-shop\">\n\t\t\t<a class=\"button primary wc-backward\" href=\"https:\/\/www.pristatomegeles.lt\/ru\/%d1%86%d0%b2%d0%b5%d1%82%d1%8b\/\">\n\t\t\t\t\u0412\u0435\u0440\u043d\u0443\u0442\u044c\u0441\u044f \u0432 \u043c\u0430\u0433\u0430\u0437\u0438\u043d\t\t\t<\/a>\n\t\t<\/p>\n\t<\/div>\n<\/div>\n","protected":false},"excerpt":{"rendered":"","protected":false},"author":20,"featured_media":0,"parent":0,"menu_order":0,"comment_status":"closed","ping_status":"closed","template":"","meta":{"footnotes":""},"class_list":["post-10691","page","type-page","status-publish","hentry"],"yoast_head":"<!-- This site is optimized with the Yoast SEO plugin v24.3 - https:\/\/yoast.com\/wordpress\/plugins\/seo\/ -->\n<title>\u041a\u043e\u0440\u0437\u0438\u043d\u0430 \u043f\u043e\u043a\u0443\u043f\u0430\u0442\u0435\u043b\u044f | Pristatomegeles.lt<\/title>\n<meta name=\"robots\" content=\"noindex, follow\" \/>\n<meta property=\"og:locale\" content=\"ru_RU\" \/>\n<meta property=\"og:type\" content=\"article\" \/>\n<meta property=\"og:title\" content=\"\u041a\u043e\u0440\u0437\u0438\u043d\u0430 \u043f\u043e\u043a\u0443\u043f\u0430\u0442\u0435\u043b\u044f | Pristatomegeles.lt\" \/>\n<meta property=\"og:url\" content=\"https:\/\/www.pristatomegeles.lt\/ru\/%d0%ba%d0%be%d1%80%d0%b7%d0%b8%d0%bd%d0%b0-%d0%bf%d0%be%d0%ba%d1%83%d0%bf%d0%b0%d1%82%d0%b5%d0%bb%d1%8f\/\" \/>\n<meta property=\"og:site_name\" content=\"Pristatomegeles.lt\" \/>\n<meta property=\"article:modified_time\" content=\"2021-11-29T23:58:57+00:00\" \/>\n<meta name=\"twitter:card\" content=\"summary_large_image\" \/>\n<script type=\"application\/ld+json\" class=\"yoast-schema-graph\">{\"@context\":\"https:\/\/schema.org\",\"@graph\":[{\"@type\":\"WebPage\",\"@id\":\"https:\/\/www.pristatomegeles.lt\/ru\/%d0%ba%d0%be%d1%80%d0%b7%d0%b8%d0%bd%d0%b0-%d0%bf%d0%be%d0%ba%d1%83%d0%bf%d0%b0%d1%82%d0%b5%d0%bb%d1%8f\/\",\"url\":\"https:\/\/www.pristatomegeles.lt\/ru\/%d0%ba%d0%be%d1%80%d0%b7%d0%b8%d0%bd%d0%b0-%d0%bf%d0%be%d0%ba%d1%83%d0%bf%d0%b0%d1%82%d0%b5%d0%bb%d1%8f\/\",\"name\":\"\u041a\u043e\u0440\u0437\u0438\u043d\u0430 \u043f\u043e\u043a\u0443\u043f\u0430\u0442\u0435\u043b\u044f | Pristatomegeles.lt\",\"isPartOf\":{\"@id\":\"https:\/\/www.pristatomegeles.lt\/ru\/#website\"},\"datePublished\":\"2021-02-09T14:10:27+00:00\",\"dateModified\":\"2021-11-29T23:58:57+00:00\",\"breadcrumb\":{\"@id\":\"https:\/\/www.pristatomegeles.lt\/ru\/%d0%ba%d0%be%d1%80%d0%b7%d0%b8%d0%bd%d0%b0-%d0%bf%d0%be%d0%ba%d1%83%d0%bf%d0%b0%d1%82%d0%b5%d0%bb%d1%8f\/#breadcrumb\"},\"inLanguage\":\"ru-RU\",\"potentialAction\":[{\"@type\":\"ReadAction\",\"target\":[\"https:\/\/www.pristatomegeles.lt\/ru\/%d0%ba%d0%be%d1%80%d0%b7%d0%b8%d0%bd%d0%b0-%d0%bf%d0%be%d0%ba%d1%83%d0%bf%d0%b0%d1%82%d0%b5%d0%bb%d1%8f\/\"]}]},{\"@type\":\"BreadcrumbList\",\"@id\":\"https:\/\/www.pristatomegeles.lt\/ru\/%d0%ba%d0%be%d1%80%d0%b7%d0%b8%d0%bd%d0%b0-%d0%bf%d0%be%d0%ba%d1%83%d0%bf%d0%b0%d1%82%d0%b5%d0%bb%d1%8f\/#breadcrumb\",\"itemListElement\":[{\"@type\":\"ListItem\",\"position\":1,\"name\":\"Home\",\"item\":\"https:\/\/www.pristatomegeles.lt\/ru\/pagrindinisru\/\"},{\"@type\":\"ListItem\",\"position\":2,\"name\":\"\u041a\u043e\u0440\u0437\u0438\u043d\u0430 \u043f\u043e\u043a\u0443\u043f\u0430\u0442\u0435\u043b\u044f\"}]},{\"@type\":\"WebSite\",\"@id\":\"https:\/\/www.pristatomegeles.lt\/ru\/#website\",\"url\":\"https:\/\/www.pristatomegeles.lt\/ru\/\",\"name\":\"Pristatomegeles.lt\",\"description\":\"\",\"potentialAction\":[{\"@type\":\"SearchAction\",\"target\":{\"@type\":\"EntryPoint\",\"urlTemplate\":\"https:\/\/www.pristatomegeles.lt\/ru\/?s={search_term_string}\"},\"query-input\":{\"@type\":\"PropertyValueSpecification\",\"valueRequired\":true,\"valueName\":\"search_term_string\"}}],\"inLanguage\":\"ru-RU\"}]}<\/script>\n<!-- \/ Yoast SEO plugin. -->","yoast_head_json":{"title":"\u041a\u043e\u0440\u0437\u0438\u043d\u0430 \u043f\u043e\u043a\u0443\u043f\u0430\u0442\u0435\u043b\u044f | Pristatomegeles.lt","robots":{"index":"noindex","follow":"follow"},"og_locale":"ru_RU","og_type":"article","og_title":"\u041a\u043e\u0440\u0437\u0438\u043d\u0430 \u043f\u043e\u043a\u0443\u043f\u0430\u0442\u0435\u043b\u044f | Pristatomegeles.lt","og_url":"https:\/\/www.pristatomegeles.lt\/ru\/%d0%ba%d0%be%d1%80%d0%b7%d0%b8%d0%bd%d0%b0-%d0%bf%d0%be%d0%ba%d1%83%d0%bf%d0%b0%d1%82%d0%b5%d0%bb%d1%8f\/","og_site_name":"Pristatomegeles.lt","article_modified_time":"2021-11-29T23:58:57+00:00","twitter_card":"summary_large_image","schema":{"@context":"https:\/\/schema.org","@graph":[{"@type":"WebPage","@id":"https:\/\/www.pristatomegeles.lt\/ru\/%d0%ba%d0%be%d1%80%d0%b7%d0%b8%d0%bd%d0%b0-%d0%bf%d0%be%d0%ba%d1%83%d0%bf%d0%b0%d1%82%d0%b5%d0%bb%d1%8f\/","url":"https:\/\/www.pristatomegeles.lt\/ru\/%d0%ba%d0%be%d1%80%d0%b7%d0%b8%d0%bd%d0%b0-%d0%bf%d0%be%d0%ba%d1%83%d0%bf%d0%b0%d1%82%d0%b5%d0%bb%d1%8f\/","name":"\u041a\u043e\u0440\u0437\u0438\u043d\u0430 \u043f\u043e\u043a\u0443\u043f\u0430\u0442\u0435\u043b\u044f | Pristatomegeles.lt","isPartOf":{"@id":"https:\/\/www.pristatomegeles.lt\/ru\/#website"},"datePublished":"2021-02-09T14:10:27+00:00","dateModified":"2021-11-29T23:58:57+00:00","breadcrumb":{"@id":"https:\/\/www.pristatomegeles.lt\/ru\/%d0%ba%d0%be%d1%80%d0%b7%d0%b8%d0%bd%d0%b0-%d0%bf%d0%be%d0%ba%d1%83%d0%bf%d0%b0%d1%82%d0%b5%d0%bb%d1%8f\/#breadcrumb"},"inLanguage":"ru-RU","potentialAction":[{"@type":"ReadAction","target":["https:\/\/www.pristatomegeles.lt\/ru\/%d0%ba%d0%be%d1%80%d0%b7%d0%b8%d0%bd%d0%b0-%d0%bf%d0%be%d0%ba%d1%83%d0%bf%d0%b0%d1%82%d0%b5%d0%bb%d1%8f\/"]}]},{"@type":"BreadcrumbList","@id":"https:\/\/www.pristatomegeles.lt\/ru\/%d0%ba%d0%be%d1%80%d0%b7%d0%b8%d0%bd%d0%b0-%d0%bf%d0%be%d0%ba%d1%83%d0%bf%d0%b0%d1%82%d0%b5%d0%bb%d1%8f\/#breadcrumb","itemListElement":[{"@type":"ListItem","position":1,"name":"Home","item":"https:\/\/www.pristatomegeles.lt\/ru\/pagrindinisru\/"},{"@type":"ListItem","position":2,"name":"\u041a\u043e\u0440\u0437\u0438\u043d\u0430 \u043f\u043e\u043a\u0443\u043f\u0430\u0442\u0435\u043b\u044f"}]},{"@type":"WebSite","@id":"https:\/\/www.pristatomegeles.lt\/ru\/#website","url":"https:\/\/www.pristatomegeles.lt\/ru\/","name":"Pristatomegeles.lt","description":"","potentialAction":[{"@type":"SearchAction","target":{"@type":"EntryPoint","urlTemplate":"https:\/\/www.pristatomegeles.lt\/ru\/?s={search_term_string}"},"query-input":{"@type":"PropertyValueSpecification","valueRequired":true,"valueName":"search_term_string"}}],"inLanguage":"ru-RU"}]}},"_links":{"self":[{"href":"https:\/\/www.pristatomegeles.lt\/ru\/wp-json\/wp\/v2\/pages\/10691","targetHints":{"allow":["GET"]}}],"collection":[{"href":"https:\/\/www.pristatomegeles.lt\/ru\/wp-json\/wp\/v2\/pages"}],"about":[{"href":"https:\/\/www.pristatomegeles.lt\/ru\/wp-json\/wp\/v2\/types\/page"}],"author":[{"embeddable":true,"href":"https:\/\/www.pristatomegeles.lt\/ru\/wp-json\/wp\/v2\/users\/20"}],"replies":[{"embeddable":true,"href":"https:\/\/www.pristatomegeles.lt\/ru\/wp-json\/wp\/v2\/comments?post=10691"}],"version-history":[{"count":1,"href":"https:\/\/www.pristatomegeles.lt\/ru\/wp-json\/wp\/v2\/pages\/10691\/revisions"}],"predecessor-version":[{"id":14061,"href":"https:\/\/www.pristatomegeles.lt\/ru\/wp-json\/wp\/v2\/pages\/10691\/revisions\/14061"}],"wp:attachment":[{"href":"https:\/\/www.pristatomegeles.lt\/ru\/wp-json\/wp\/v2\/media?parent=10691"}],"curies":[{"name":"wp","href":"https:\/\/api.w.org\/{rel}","templated":true}]}}