{"id":14496,"date":"2022-02-07T12:30:56","date_gmt":"2022-02-07T10:31:00","guid":{"rendered":"http:\/\/www.pristatomegeles.lt\/?post_type=product&#038;p=14496"},"modified":"2023-07-26T17:12:03","modified_gmt":"2023-07-26T15:12:03","slug":"%d0%b1%d1%83%d0%ba%d0%b5%d1%82-%d1%84%d0%b8%d0%be%d0%bb%d0%b5%d1%82%d0%be%d0%b2%d1%8b%d1%85-%d1%80%d0%be%d0%b7%d0%be%d0%b2%d1%8b%d1%85-%d0%b8-%d0%b6%d0%b5%d0%bb%d1%82%d1%8b%d1%85-%d1%82%d1%8e%d0%bb","status":"publish","type":"product","link":"https:\/\/www.pristatomegeles.lt\/ru\/produktas\/%d0%b1%d1%83%d0%ba%d0%b5%d1%82-%d1%84%d0%b8%d0%be%d0%bb%d0%b5%d1%82%d0%be%d0%b2%d1%8b%d1%85-%d1%80%d0%be%d0%b7%d0%be%d0%b2%d1%8b%d1%85-%d0%b8-%d0%b6%d0%b5%d0%bb%d1%82%d1%8b%d1%85-%d1%82%d1%8e%d0%bb\/","title":{"rendered":"\u0411\u0443\u043a\u0435\u0442 \u0444\u0438\u043e\u043b\u0435\u0442\u043e\u0432\u044b\u0445, \u0440\u043e\u0437\u043e\u0432\u044b\u0445 \u0438 \u0436\u0435\u043b\u0442\u044b\u0445 \u0442\u044e\u043b\u044c\u043f\u0430\u043d\u043e\u0432"},"content":{"rendered":"<p>\u0412 \u0431\u0443\u043a\u0435\u0442 \u0432\u0445\u043e\u0434\u0438\u0442 \u043a\u043e\u043b\u0438\u0447\u0435\u0441\u0442\u0432\u043e \u0442\u044e\u043b\u044c\u043f\u0430\u043d\u043e\u0432 \u0440\u0430\u0437\u043d\u044b\u0445 \u0446\u0432\u0435\u0442\u043e\u0432 \u043d\u0430 \u0432\u0430\u0448 \u0432\u044b\u0431\u043e\u0440. \u041e\u0431\u044b\u0447\u043d\u043e \u0436\u0435\u043b\u0442\u044b\u0439, \u0444\u0438\u043e\u043b\u0435\u0442\u043e\u0432\u044b\u0439 \u0438 \u0440\u043e\u0437\u043e\u0432\u044b\u0439, \u043d\u043e \u0438\u043d\u043e\u0433\u0434\u0430 \u0446\u0432\u0435\u0442\u0430 \u043c\u043e\u0433\u0443\u0442 \u043d\u0435\u0437\u043d\u0430\u0447\u0438\u0442\u0435\u043b\u044c\u043d\u043e \u043c\u0435\u043d\u044f\u0442\u044c\u0441\u044f. \u042d\u0442\u043e\u0442 \u0431\u0443\u043a\u0435\u0442 \u0442\u044e\u043b\u044c\u043f\u0430\u043d\u043e\u0432 \u043f\u0440\u0438\u043d\u0435\u0441\u0435\u0442 \u0445\u043e\u0440\u043e\u0448\u0435\u0435 \u043d\u0430\u0441\u0442\u0440\u043e\u0435\u043d\u0438\u0435 \u0438 \u043f\u043e\u0437\u0438\u0442\u0438\u0432\u043d\u0443\u044e \u044d\u043d\u0435\u0440\u0433\u0438\u044e \u0432 \u043a\u0430\u0436\u0434\u044b\u0439 \u0434\u043e\u043c \u0438\u043b\u0438 \u043e\u0444\u0438\u0441.<\/p>\n","protected":false},"excerpt":{"rendered":"<p>\u0415\u0449\u0435 \u043e\u0434\u0438\u043d \u0431\u0443\u043a\u0435\u0442 \u0442\u044e\u043b\u044c\u043f\u0430\u043d\u043e\u0432, \u0438\u0437\u043b\u0443\u0447\u0430\u044e\u0449\u0438\u0439 \u0432\u0435\u0441\u043d\u0443, \u0442\u0435\u043f\u043b\u043e \u0438 \u0445\u043e\u0440\u043e\u0448\u0438\u0435 \u044d\u043c\u043e\u0446\u0438\u0438. \u0412\u044b\u0431\u0435\u0440\u0438\u0442\u0435 \u043d\u0443\u0436\u043d\u043e\u0435 \u0432\u0430\u043c \u043a\u043e\u043b\u0438\u0447\u0435\u0441\u0442\u0432\u043e \u0442\u044e\u043b\u044c\u043f\u0430\u043d\u043e\u0432 \u0438 \u043f\u043e\u0440\u0430\u0434\u0443\u0439\u0442\u0435 \u043b\u044e\u0431\u0438\u043c\u043e\u0433\u043e \u0447\u0435\u043b\u043e\u0432\u0435\u043a\u0430 \u0440\u0430\u0437\u043d\u043e\u0446\u0432\u0435\u0442\u043d\u044b\u043c\u0438 \u0442\u044e\u043b\u044c\u043f\u0430\u043d\u0430\u043c\u0438!<\/p>\n","protected":false},"featured_media":14506,"template":"","meta":[],"product_brand":[],"product_cat":[840,866,1473,1475,1477,1476,1482,848,1478],"product_tag":[],"class_list":{"0":"post-14496","1":"product","2":"type-product","3":"status-publish","4":"has-post-thumbnail","6":"product_cat-840","7":"product_cat-866","8":"product_cat-1473","9":"product_cat-1475","10":"product_cat-1477","11":"product_cat-1476","12":"product_cat---14-","13":"product_cat---8-","14":"product_cat-1478","15":"tm-has-options","17":"first","18":"outofstock","19":"taxable","20":"shipping-taxable","21":"purchasable","22":"product-type-variable","23":"has-default-attributes"},"yoast_head":"<!-- This site is optimized with the Yoast SEO plugin v24.3 - https:\/\/yoast.com\/wordpress\/plugins\/seo\/ -->\n<title>\u0411\u0443\u043a\u0435\u0442 \u0444\u0438\u043e\u043b\u0435\u0442\u043e\u0432\u044b\u0445, \u0440\u043e\u0437\u043e\u0432\u044b\u0445 \u0438 \u0436\u0435\u043b\u0442\u044b\u0445 \u0442\u044e\u043b\u044c\u043f\u0430\u043d\u043e\u0432 | \u0414\u043e\u0441\u0442\u0430\u0432\u043a\u0430 \u0431\u0443\u043a\u0435\u0442\u043e\u0432 \u0432 \u0412\u0438\u043b\u044c\u043d\u044e\u0441\u0435 | Pristatome G\u0117les<\/title>\n<meta name=\"description\" content=\"\u0427\u0430\u0449\u0435 \u0432\u0441\u0435\u0433\u043e \u0442\u044e\u043b\u044c\u043f\u0430\u043d\u044b \u0434\u0430\u0440\u044f\u0442 \u0440\u0430\u043d\u043d\u0435\u0439 \u0432\u0435\u0441\u043d\u043e\u0439, \u0438 \u0438\u043c\u0435\u043d\u043d\u043e \u0432 \u044d\u0442\u043e \u0432\u0440\u0435\u043c\u044f \u0433\u043e\u0434\u0430 \u043e\u043a\u0440\u0430\u0441\u043a\u0430 \u043d\u0430\u0438\u0431\u043e\u043b\u0435\u0435 \u043e\u0442\u0441\u0443\u0442\u0441\u0442\u0432\u0443\u0435\u0442. \u041f\u043e\u0440\u0430\u0434\u0443\u0439\u0442\u0435 \u043e\u0441\u043e\u0431\u0435\u043d\u043d\u043e\u0433\u043e \u0447\u0435\u043b\u043e\u0432\u0435\u043a\u0430 \u0431\u0443\u043a\u0435\u0442\u043e\u043c \u0446\u0432\u0435\u0442\u043d\u044b\u0445 \u0442\u044e\u043b\u044c\u043f\u0430\u043d\u043e\u0432!\" \/>\n<meta name=\"robots\" content=\"index, follow, max-snippet:-1, max-image-preview:large, max-video-preview:-1\" \/>\n<link rel=\"canonical\" href=\"https:\/\/www.pristatomegeles.lt\/ru\/produktas\/%d0%b1%d1%83%d0%ba%d0%b5%d1%82-%d1%84%d0%b8%d0%be%d0%bb%d0%b5%d1%82%d0%be%d0%b2%d1%8b%d1%85-%d1%80%d0%be%d0%b7%d0%be%d0%b2%d1%8b%d1%85-%d0%b8-%d0%b6%d0%b5%d0%bb%d1%82%d1%8b%d1%85-%d1%82%d1%8e%d0%bb\/\" \/>\n<meta property=\"og:locale\" content=\"ru_RU\" \/>\n<meta property=\"og:type\" content=\"article\" \/>\n<meta property=\"og:title\" content=\"\u0411\u0443\u043a\u0435\u0442 \u0444\u0438\u043e\u043b\u0435\u0442\u043e\u0432\u044b\u0445, \u0440\u043e\u0437\u043e\u0432\u044b\u0445 \u0438 \u0436\u0435\u043b\u0442\u044b\u0445 \u0442\u044e\u043b\u044c\u043f\u0430\u043d\u043e\u0432 | \u0414\u043e\u0441\u0442\u0430\u0432\u043a\u0430 \u0431\u0443\u043a\u0435\u0442\u043e\u0432 \u0432 \u0412\u0438\u043b\u044c\u043d\u044e\u0441\u0435 | Pristatome G\u0117les\" \/>\n<meta property=\"og:description\" content=\"\u0427\u0430\u0449\u0435 \u0432\u0441\u0435\u0433\u043e \u0442\u044e\u043b\u044c\u043f\u0430\u043d\u044b \u0434\u0430\u0440\u044f\u0442 \u0440\u0430\u043d\u043d\u0435\u0439 \u0432\u0435\u0441\u043d\u043e\u0439, \u0438 \u0438\u043c\u0435\u043d\u043d\u043e \u0432 \u044d\u0442\u043e \u0432\u0440\u0435\u043c\u044f \u0433\u043e\u0434\u0430 \u043e\u043a\u0440\u0430\u0441\u043a\u0430 \u043d\u0430\u0438\u0431\u043e\u043b\u0435\u0435 \u043e\u0442\u0441\u0443\u0442\u0441\u0442\u0432\u0443\u0435\u0442. \u041f\u043e\u0440\u0430\u0434\u0443\u0439\u0442\u0435 \u043e\u0441\u043e\u0431\u0435\u043d\u043d\u043e\u0433\u043e \u0447\u0435\u043b\u043e\u0432\u0435\u043a\u0430 \u0431\u0443\u043a\u0435\u0442\u043e\u043c \u0446\u0432\u0435\u0442\u043d\u044b\u0445 \u0442\u044e\u043b\u044c\u043f\u0430\u043d\u043e\u0432!\" \/>\n<meta property=\"og:url\" content=\"https:\/\/www.pristatomegeles.lt\/ru\/produktas\/%d0%b1%d1%83%d0%ba%d0%b5%d1%82-%d1%84%d0%b8%d0%be%d0%bb%d0%b5%d1%82%d0%be%d0%b2%d1%8b%d1%85-%d1%80%d0%be%d0%b7%d0%be%d0%b2%d1%8b%d1%85-%d0%b8-%d0%b6%d0%b5%d0%bb%d1%82%d1%8b%d1%85-%d1%82%d1%8e%d0%bb\/\" \/>\n<meta property=\"og:site_name\" content=\"Pristatomegeles.lt\" \/>\n<meta property=\"article:modified_time\" content=\"2023-07-26T15:12:03+00:00\" \/>\n<meta property=\"og:image\" content=\"http:\/\/www.pristatomegeles.lt\/wp-content\/uploads\/2022\/02\/tulpiu-puokstes-ivairius-spalvu-scaled.jpg\" \/>\n\t<meta property=\"og:image:width\" content=\"2560\" \/>\n\t<meta property=\"og:image:height\" content=\"2560\" \/>\n\t<meta property=\"og:image:type\" content=\"image\/jpeg\" \/>\n<meta name=\"twitter:card\" content=\"summary_large_image\" \/>\n<script type=\"application\/ld+json\" class=\"yoast-schema-graph\">{\"@context\":\"https:\/\/schema.org\",\"@graph\":[{\"@type\":\"WebPage\",\"@id\":\"https:\/\/www.pristatomegeles.lt\/ru\/produktas\/%d0%b1%d1%83%d0%ba%d0%b5%d1%82-%d1%84%d0%b8%d0%be%d0%bb%d0%b5%d1%82%d0%be%d0%b2%d1%8b%d1%85-%d1%80%d0%be%d0%b7%d0%be%d0%b2%d1%8b%d1%85-%d0%b8-%d0%b6%d0%b5%d0%bb%d1%82%d1%8b%d1%85-%d1%82%d1%8e%d0%bb\/\",\"url\":\"https:\/\/www.pristatomegeles.lt\/ru\/produktas\/%d0%b1%d1%83%d0%ba%d0%b5%d1%82-%d1%84%d0%b8%d0%be%d0%bb%d0%b5%d1%82%d0%be%d0%b2%d1%8b%d1%85-%d1%80%d0%be%d0%b7%d0%be%d0%b2%d1%8b%d1%85-%d0%b8-%d0%b6%d0%b5%d0%bb%d1%82%d1%8b%d1%85-%d1%82%d1%8e%d0%bb\/\",\"name\":\"\u0411\u0443\u043a\u0435\u0442 \u0444\u0438\u043e\u043b\u0435\u0442\u043e\u0432\u044b\u0445, \u0440\u043e\u0437\u043e\u0432\u044b\u0445 \u0438 \u0436\u0435\u043b\u0442\u044b\u0445 \u0442\u044e\u043b\u044c\u043f\u0430\u043d\u043e\u0432 | \u0414\u043e\u0441\u0442\u0430\u0432\u043a\u0430 \u0431\u0443\u043a\u0435\u0442\u043e\u0432 \u0432 \u0412\u0438\u043b\u044c\u043d\u044e\u0441\u0435 | Pristatome G\u0117les\",\"isPartOf\":{\"@id\":\"https:\/\/www.pristatomegeles.lt\/ru\/#website\"},\"primaryImageOfPage\":{\"@id\":\"https:\/\/www.pristatomegeles.lt\/ru\/produktas\/%d0%b1%d1%83%d0%ba%d0%b5%d1%82-%d1%84%d0%b8%d0%be%d0%bb%d0%b5%d1%82%d0%be%d0%b2%d1%8b%d1%85-%d1%80%d0%be%d0%b7%d0%be%d0%b2%d1%8b%d1%85-%d0%b8-%d0%b6%d0%b5%d0%bb%d1%82%d1%8b%d1%85-%d1%82%d1%8e%d0%bb\/#primaryimage\"},\"image\":{\"@id\":\"https:\/\/www.pristatomegeles.lt\/ru\/produktas\/%d0%b1%d1%83%d0%ba%d0%b5%d1%82-%d1%84%d0%b8%d0%be%d0%bb%d0%b5%d1%82%d0%be%d0%b2%d1%8b%d1%85-%d1%80%d0%be%d0%b7%d0%be%d0%b2%d1%8b%d1%85-%d0%b8-%d0%b6%d0%b5%d0%bb%d1%82%d1%8b%d1%85-%d1%82%d1%8e%d0%bb\/#primaryimage\"},\"thumbnailUrl\":\"https:\/\/www.pristatomegeles.lt\/wp-content\/uploads\/2022\/02\/tulpiu-puokstes-ivairius-spalvu-scaled.jpg\",\"datePublished\":\"2022-02-07T10:31:00+00:00\",\"dateModified\":\"2023-07-26T15:12:03+00:00\",\"description\":\"\u0427\u0430\u0449\u0435 \u0432\u0441\u0435\u0433\u043e \u0442\u044e\u043b\u044c\u043f\u0430\u043d\u044b \u0434\u0430\u0440\u044f\u0442 \u0440\u0430\u043d\u043d\u0435\u0439 \u0432\u0435\u0441\u043d\u043e\u0439, \u0438 \u0438\u043c\u0435\u043d\u043d\u043e \u0432 \u044d\u0442\u043e \u0432\u0440\u0435\u043c\u044f \u0433\u043e\u0434\u0430 \u043e\u043a\u0440\u0430\u0441\u043a\u0430 \u043d\u0430\u0438\u0431\u043e\u043b\u0435\u0435 \u043e\u0442\u0441\u0443\u0442\u0441\u0442\u0432\u0443\u0435\u0442. \u041f\u043e\u0440\u0430\u0434\u0443\u0439\u0442\u0435 \u043e\u0441\u043e\u0431\u0435\u043d\u043d\u043e\u0433\u043e \u0447\u0435\u043b\u043e\u0432\u0435\u043a\u0430 \u0431\u0443\u043a\u0435\u0442\u043e\u043c \u0446\u0432\u0435\u0442\u043d\u044b\u0445 \u0442\u044e\u043b\u044c\u043f\u0430\u043d\u043e\u0432!\",\"breadcrumb\":{\"@id\":\"https:\/\/www.pristatomegeles.lt\/ru\/produktas\/%d0%b1%d1%83%d0%ba%d0%b5%d1%82-%d1%84%d0%b8%d0%be%d0%bb%d0%b5%d1%82%d0%be%d0%b2%d1%8b%d1%85-%d1%80%d0%be%d0%b7%d0%be%d0%b2%d1%8b%d1%85-%d0%b8-%d0%b6%d0%b5%d0%bb%d1%82%d1%8b%d1%85-%d1%82%d1%8e%d0%bb\/#breadcrumb\"},\"inLanguage\":\"ru-RU\",\"potentialAction\":[{\"@type\":\"ReadAction\",\"target\":[\"https:\/\/www.pristatomegeles.lt\/ru\/produktas\/%d0%b1%d1%83%d0%ba%d0%b5%d1%82-%d1%84%d0%b8%d0%be%d0%bb%d0%b5%d1%82%d0%be%d0%b2%d1%8b%d1%85-%d1%80%d0%be%d0%b7%d0%be%d0%b2%d1%8b%d1%85-%d0%b8-%d0%b6%d0%b5%d0%bb%d1%82%d1%8b%d1%85-%d1%82%d1%8e%d0%bb\/\"]}]},{\"@type\":\"ImageObject\",\"inLanguage\":\"ru-RU\",\"@id\":\"https:\/\/www.pristatomegeles.lt\/ru\/produktas\/%d0%b1%d1%83%d0%ba%d0%b5%d1%82-%d1%84%d0%b8%d0%be%d0%bb%d0%b5%d1%82%d0%be%d0%b2%d1%8b%d1%85-%d1%80%d0%be%d0%b7%d0%be%d0%b2%d1%8b%d1%85-%d0%b8-%d0%b6%d0%b5%d0%bb%d1%82%d1%8b%d1%85-%d1%82%d1%8e%d0%bb\/#primaryimage\",\"url\":\"https:\/\/www.pristatomegeles.lt\/wp-content\/uploads\/2022\/02\/tulpiu-puokstes-ivairius-spalvu-scaled.jpg\",\"contentUrl\":\"https:\/\/www.pristatomegeles.lt\/wp-content\/uploads\/2022\/02\/tulpiu-puokstes-ivairius-spalvu-scaled.jpg\",\"width\":1000,\"height\":1000,\"caption\":\"Violetini\u0173, ro\u017eini\u0173 ir gelton\u0173 tulpi\u0173 puok\u0161t\u0117\"},{\"@type\":\"BreadcrumbList\",\"@id\":\"https:\/\/www.pristatomegeles.lt\/ru\/produktas\/%d0%b1%d1%83%d0%ba%d0%b5%d1%82-%d1%84%d0%b8%d0%be%d0%bb%d0%b5%d1%82%d0%be%d0%b2%d1%8b%d1%85-%d1%80%d0%be%d0%b7%d0%be%d0%b2%d1%8b%d1%85-%d0%b8-%d0%b6%d0%b5%d0%bb%d1%82%d1%8b%d1%85-%d1%82%d1%8e%d0%bb\/#breadcrumb\",\"itemListElement\":[{\"@type\":\"ListItem\",\"position\":1,\"name\":\"Home\",\"item\":\"https:\/\/www.pristatomegeles.lt\/ru\/pagrindinisru\/\"},{\"@type\":\"ListItem\",\"position\":2,\"name\":\"\u0426\u0432\u0435\u0442\u044b\",\"item\":\"https:\/\/www.pristatomegeles.lt\/ru\/%d1%86%d0%b2%d0%b5%d1%82%d1%8b\/\"},{\"@type\":\"ListItem\",\"position\":3,\"name\":\"\u0411\u0443\u043a\u0435\u0442 \u0444\u0438\u043e\u043b\u0435\u0442\u043e\u0432\u044b\u0445, \u0440\u043e\u0437\u043e\u0432\u044b\u0445 \u0438 \u0436\u0435\u043b\u0442\u044b\u0445 \u0442\u044e\u043b\u044c\u043f\u0430\u043d\u043e\u0432\"}]},{\"@type\":\"WebSite\",\"@id\":\"https:\/\/www.pristatomegeles.lt\/ru\/#website\",\"url\":\"https:\/\/www.pristatomegeles.lt\/ru\/\",\"name\":\"Pristatomegeles.lt\",\"description\":\"\",\"potentialAction\":[{\"@type\":\"SearchAction\",\"target\":{\"@type\":\"EntryPoint\",\"urlTemplate\":\"https:\/\/www.pristatomegeles.lt\/ru\/?s={search_term_string}\"},\"query-input\":{\"@type\":\"PropertyValueSpecification\",\"valueRequired\":true,\"valueName\":\"search_term_string\"}}],\"inLanguage\":\"ru-RU\"}]}<\/script>\n<!-- \/ Yoast SEO plugin. -->","yoast_head_json":{"title":"\u0411\u0443\u043a\u0435\u0442 \u0444\u0438\u043e\u043b\u0435\u0442\u043e\u0432\u044b\u0445, \u0440\u043e\u0437\u043e\u0432\u044b\u0445 \u0438 \u0436\u0435\u043b\u0442\u044b\u0445 \u0442\u044e\u043b\u044c\u043f\u0430\u043d\u043e\u0432 | \u0414\u043e\u0441\u0442\u0430\u0432\u043a\u0430 \u0431\u0443\u043a\u0435\u0442\u043e\u0432 \u0432 \u0412\u0438\u043b\u044c\u043d\u044e\u0441\u0435 | Pristatome G\u0117les","description":"\u0427\u0430\u0449\u0435 \u0432\u0441\u0435\u0433\u043e \u0442\u044e\u043b\u044c\u043f\u0430\u043d\u044b \u0434\u0430\u0440\u044f\u0442 \u0440\u0430\u043d\u043d\u0435\u0439 \u0432\u0435\u0441\u043d\u043e\u0439, \u0438 \u0438\u043c\u0435\u043d\u043d\u043e \u0432 \u044d\u0442\u043e \u0432\u0440\u0435\u043c\u044f \u0433\u043e\u0434\u0430 \u043e\u043a\u0440\u0430\u0441\u043a\u0430 \u043d\u0430\u0438\u0431\u043e\u043b\u0435\u0435 \u043e\u0442\u0441\u0443\u0442\u0441\u0442\u0432\u0443\u0435\u0442. \u041f\u043e\u0440\u0430\u0434\u0443\u0439\u0442\u0435 \u043e\u0441\u043e\u0431\u0435\u043d\u043d\u043e\u0433\u043e \u0447\u0435\u043b\u043e\u0432\u0435\u043a\u0430 \u0431\u0443\u043a\u0435\u0442\u043e\u043c \u0446\u0432\u0435\u0442\u043d\u044b\u0445 \u0442\u044e\u043b\u044c\u043f\u0430\u043d\u043e\u0432!","robots":{"index":"index","follow":"follow","max-snippet":"max-snippet:-1","max-image-preview":"max-image-preview:large","max-video-preview":"max-video-preview:-1"},"canonical":"https:\/\/www.pristatomegeles.lt\/ru\/produktas\/%d0%b1%d1%83%d0%ba%d0%b5%d1%82-%d1%84%d0%b8%d0%be%d0%bb%d0%b5%d1%82%d0%be%d0%b2%d1%8b%d1%85-%d1%80%d0%be%d0%b7%d0%be%d0%b2%d1%8b%d1%85-%d0%b8-%d0%b6%d0%b5%d0%bb%d1%82%d1%8b%d1%85-%d1%82%d1%8e%d0%bb\/","og_locale":"ru_RU","og_type":"article","og_title":"\u0411\u0443\u043a\u0435\u0442 \u0444\u0438\u043e\u043b\u0435\u0442\u043e\u0432\u044b\u0445, \u0440\u043e\u0437\u043e\u0432\u044b\u0445 \u0438 \u0436\u0435\u043b\u0442\u044b\u0445 \u0442\u044e\u043b\u044c\u043f\u0430\u043d\u043e\u0432 | \u0414\u043e\u0441\u0442\u0430\u0432\u043a\u0430 \u0431\u0443\u043a\u0435\u0442\u043e\u0432 \u0432 \u0412\u0438\u043b\u044c\u043d\u044e\u0441\u0435 | Pristatome G\u0117les","og_description":"\u0427\u0430\u0449\u0435 \u0432\u0441\u0435\u0433\u043e \u0442\u044e\u043b\u044c\u043f\u0430\u043d\u044b \u0434\u0430\u0440\u044f\u0442 \u0440\u0430\u043d\u043d\u0435\u0439 \u0432\u0435\u0441\u043d\u043e\u0439, \u0438 \u0438\u043c\u0435\u043d\u043d\u043e \u0432 \u044d\u0442\u043e \u0432\u0440\u0435\u043c\u044f \u0433\u043e\u0434\u0430 \u043e\u043a\u0440\u0430\u0441\u043a\u0430 \u043d\u0430\u0438\u0431\u043e\u043b\u0435\u0435 \u043e\u0442\u0441\u0443\u0442\u0441\u0442\u0432\u0443\u0435\u0442. \u041f\u043e\u0440\u0430\u0434\u0443\u0439\u0442\u0435 \u043e\u0441\u043e\u0431\u0435\u043d\u043d\u043e\u0433\u043e \u0447\u0435\u043b\u043e\u0432\u0435\u043a\u0430 \u0431\u0443\u043a\u0435\u0442\u043e\u043c \u0446\u0432\u0435\u0442\u043d\u044b\u0445 \u0442\u044e\u043b\u044c\u043f\u0430\u043d\u043e\u0432!","og_url":"https:\/\/www.pristatomegeles.lt\/ru\/produktas\/%d0%b1%d1%83%d0%ba%d0%b5%d1%82-%d1%84%d0%b8%d0%be%d0%bb%d0%b5%d1%82%d0%be%d0%b2%d1%8b%d1%85-%d1%80%d0%be%d0%b7%d0%be%d0%b2%d1%8b%d1%85-%d0%b8-%d0%b6%d0%b5%d0%bb%d1%82%d1%8b%d1%85-%d1%82%d1%8e%d0%bb\/","og_site_name":"Pristatomegeles.lt","article_modified_time":"2023-07-26T15:12:03+00:00","og_image":[{"width":2560,"height":2560,"url":"http:\/\/www.pristatomegeles.lt\/wp-content\/uploads\/2022\/02\/tulpiu-puokstes-ivairius-spalvu-scaled.jpg","type":"image\/jpeg"}],"twitter_card":"summary_large_image","schema":{"@context":"https:\/\/schema.org","@graph":[{"@type":"WebPage","@id":"https:\/\/www.pristatomegeles.lt\/ru\/produktas\/%d0%b1%d1%83%d0%ba%d0%b5%d1%82-%d1%84%d0%b8%d0%be%d0%bb%d0%b5%d1%82%d0%be%d0%b2%d1%8b%d1%85-%d1%80%d0%be%d0%b7%d0%be%d0%b2%d1%8b%d1%85-%d0%b8-%d0%b6%d0%b5%d0%bb%d1%82%d1%8b%d1%85-%d1%82%d1%8e%d0%bb\/","url":"https:\/\/www.pristatomegeles.lt\/ru\/produktas\/%d0%b1%d1%83%d0%ba%d0%b5%d1%82-%d1%84%d0%b8%d0%be%d0%bb%d0%b5%d1%82%d0%be%d0%b2%d1%8b%d1%85-%d1%80%d0%be%d0%b7%d0%be%d0%b2%d1%8b%d1%85-%d0%b8-%d0%b6%d0%b5%d0%bb%d1%82%d1%8b%d1%85-%d1%82%d1%8e%d0%bb\/","name":"\u0411\u0443\u043a\u0435\u0442 \u0444\u0438\u043e\u043b\u0435\u0442\u043e\u0432\u044b\u0445, \u0440\u043e\u0437\u043e\u0432\u044b\u0445 \u0438 \u0436\u0435\u043b\u0442\u044b\u0445 \u0442\u044e\u043b\u044c\u043f\u0430\u043d\u043e\u0432 | \u0414\u043e\u0441\u0442\u0430\u0432\u043a\u0430 \u0431\u0443\u043a\u0435\u0442\u043e\u0432 \u0432 \u0412\u0438\u043b\u044c\u043d\u044e\u0441\u0435 | Pristatome G\u0117les","isPartOf":{"@id":"https:\/\/www.pristatomegeles.lt\/ru\/#website"},"primaryImageOfPage":{"@id":"https:\/\/www.pristatomegeles.lt\/ru\/produktas\/%d0%b1%d1%83%d0%ba%d0%b5%d1%82-%d1%84%d0%b8%d0%be%d0%bb%d0%b5%d1%82%d0%be%d0%b2%d1%8b%d1%85-%d1%80%d0%be%d0%b7%d0%be%d0%b2%d1%8b%d1%85-%d0%b8-%d0%b6%d0%b5%d0%bb%d1%82%d1%8b%d1%85-%d1%82%d1%8e%d0%bb\/#primaryimage"},"image":{"@id":"https:\/\/www.pristatomegeles.lt\/ru\/produktas\/%d0%b1%d1%83%d0%ba%d0%b5%d1%82-%d1%84%d0%b8%d0%be%d0%bb%d0%b5%d1%82%d0%be%d0%b2%d1%8b%d1%85-%d1%80%d0%be%d0%b7%d0%be%d0%b2%d1%8b%d1%85-%d0%b8-%d0%b6%d0%b5%d0%bb%d1%82%d1%8b%d1%85-%d1%82%d1%8e%d0%bb\/#primaryimage"},"thumbnailUrl":"https:\/\/www.pristatomegeles.lt\/wp-content\/uploads\/2022\/02\/tulpiu-puokstes-ivairius-spalvu-scaled.jpg","datePublished":"2022-02-07T10:31:00+00:00","dateModified":"2023-07-26T15:12:03+00:00","description":"\u0427\u0430\u0449\u0435 \u0432\u0441\u0435\u0433\u043e \u0442\u044e\u043b\u044c\u043f\u0430\u043d\u044b \u0434\u0430\u0440\u044f\u0442 \u0440\u0430\u043d\u043d\u0435\u0439 \u0432\u0435\u0441\u043d\u043e\u0439, \u0438 \u0438\u043c\u0435\u043d\u043d\u043e \u0432 \u044d\u0442\u043e \u0432\u0440\u0435\u043c\u044f \u0433\u043e\u0434\u0430 \u043e\u043a\u0440\u0430\u0441\u043a\u0430 \u043d\u0430\u0438\u0431\u043e\u043b\u0435\u0435 \u043e\u0442\u0441\u0443\u0442\u0441\u0442\u0432\u0443\u0435\u0442. \u041f\u043e\u0440\u0430\u0434\u0443\u0439\u0442\u0435 \u043e\u0441\u043e\u0431\u0435\u043d\u043d\u043e\u0433\u043e \u0447\u0435\u043b\u043e\u0432\u0435\u043a\u0430 \u0431\u0443\u043a\u0435\u0442\u043e\u043c \u0446\u0432\u0435\u0442\u043d\u044b\u0445 \u0442\u044e\u043b\u044c\u043f\u0430\u043d\u043e\u0432!","breadcrumb":{"@id":"https:\/\/www.pristatomegeles.lt\/ru\/produktas\/%d0%b1%d1%83%d0%ba%d0%b5%d1%82-%d1%84%d0%b8%d0%be%d0%bb%d0%b5%d1%82%d0%be%d0%b2%d1%8b%d1%85-%d1%80%d0%be%d0%b7%d0%be%d0%b2%d1%8b%d1%85-%d0%b8-%d0%b6%d0%b5%d0%bb%d1%82%d1%8b%d1%85-%d1%82%d1%8e%d0%bb\/#breadcrumb"},"inLanguage":"ru-RU","potentialAction":[{"@type":"ReadAction","target":["https:\/\/www.pristatomegeles.lt\/ru\/produktas\/%d0%b1%d1%83%d0%ba%d0%b5%d1%82-%d1%84%d0%b8%d0%be%d0%bb%d0%b5%d1%82%d0%be%d0%b2%d1%8b%d1%85-%d1%80%d0%be%d0%b7%d0%be%d0%b2%d1%8b%d1%85-%d0%b8-%d0%b6%d0%b5%d0%bb%d1%82%d1%8b%d1%85-%d1%82%d1%8e%d0%bb\/"]}]},{"@type":"ImageObject","inLanguage":"ru-RU","@id":"https:\/\/www.pristatomegeles.lt\/ru\/produktas\/%d0%b1%d1%83%d0%ba%d0%b5%d1%82-%d1%84%d0%b8%d0%be%d0%bb%d0%b5%d1%82%d0%be%d0%b2%d1%8b%d1%85-%d1%80%d0%be%d0%b7%d0%be%d0%b2%d1%8b%d1%85-%d0%b8-%d0%b6%d0%b5%d0%bb%d1%82%d1%8b%d1%85-%d1%82%d1%8e%d0%bb\/#primaryimage","url":"https:\/\/www.pristatomegeles.lt\/wp-content\/uploads\/2022\/02\/tulpiu-puokstes-ivairius-spalvu-scaled.jpg","contentUrl":"https:\/\/www.pristatomegeles.lt\/wp-content\/uploads\/2022\/02\/tulpiu-puokstes-ivairius-spalvu-scaled.jpg","width":1000,"height":1000,"caption":"Violetini\u0173, ro\u017eini\u0173 ir gelton\u0173 tulpi\u0173 puok\u0161t\u0117"},{"@type":"BreadcrumbList","@id":"https:\/\/www.pristatomegeles.lt\/ru\/produktas\/%d0%b1%d1%83%d0%ba%d0%b5%d1%82-%d1%84%d0%b8%d0%be%d0%bb%d0%b5%d1%82%d0%be%d0%b2%d1%8b%d1%85-%d1%80%d0%be%d0%b7%d0%be%d0%b2%d1%8b%d1%85-%d0%b8-%d0%b6%d0%b5%d0%bb%d1%82%d1%8b%d1%85-%d1%82%d1%8e%d0%bb\/#breadcrumb","itemListElement":[{"@type":"ListItem","position":1,"name":"Home","item":"https:\/\/www.pristatomegeles.lt\/ru\/pagrindinisru\/"},{"@type":"ListItem","position":2,"name":"\u0426\u0432\u0435\u0442\u044b","item":"https:\/\/www.pristatomegeles.lt\/ru\/%d1%86%d0%b2%d0%b5%d1%82%d1%8b\/"},{"@type":"ListItem","position":3,"name":"\u0411\u0443\u043a\u0435\u0442 \u0444\u0438\u043e\u043b\u0435\u0442\u043e\u0432\u044b\u0445, \u0440\u043e\u0437\u043e\u0432\u044b\u0445 \u0438 \u0436\u0435\u043b\u0442\u044b\u0445 \u0442\u044e\u043b\u044c\u043f\u0430\u043d\u043e\u0432"}]},{"@type":"WebSite","@id":"https:\/\/www.pristatomegeles.lt\/ru\/#website","url":"https:\/\/www.pristatomegeles.lt\/ru\/","name":"Pristatomegeles.lt","description":"","potentialAction":[{"@type":"SearchAction","target":{"@type":"EntryPoint","urlTemplate":"https:\/\/www.pristatomegeles.lt\/ru\/?s={search_term_string}"},"query-input":{"@type":"PropertyValueSpecification","valueRequired":true,"valueName":"search_term_string"}}],"inLanguage":"ru-RU"}]}},"_links":{"self":[{"href":"https:\/\/www.pristatomegeles.lt\/ru\/wp-json\/wp\/v2\/product\/14496","targetHints":{"allow":["GET"]}}],"collection":[{"href":"https:\/\/www.pristatomegeles.lt\/ru\/wp-json\/wp\/v2\/product"}],"about":[{"href":"https:\/\/www.pristatomegeles.lt\/ru\/wp-json\/wp\/v2\/types\/product"}],"wp:featuredmedia":[{"embeddable":true,"href":"https:\/\/www.pristatomegeles.lt\/ru\/wp-json\/wp\/v2\/media\/14506"}],"wp:attachment":[{"href":"https:\/\/www.pristatomegeles.lt\/ru\/wp-json\/wp\/v2\/media?parent=14496"}],"wp:term":[{"taxonomy":"product_brand","embeddable":true,"href":"https:\/\/www.pristatomegeles.lt\/ru\/wp-json\/wp\/v2\/product_brand?post=14496"},{"taxonomy":"product_cat","embeddable":true,"href":"https:\/\/www.pristatomegeles.lt\/ru\/wp-json\/wp\/v2\/product_cat?post=14496"},{"taxonomy":"product_tag","embeddable":true,"href":"https:\/\/www.pristatomegeles.lt\/ru\/wp-json\/wp\/v2\/product_tag?post=14496"}],"curies":[{"name":"wp","href":"https:\/\/api.w.org\/{rel}","templated":true}]}}