{"id":15031,"date":"2022-04-19T08:57:44","date_gmt":"2022-04-19T06:57:45","guid":{"rendered":"http:\/\/www.pristatomegeles.lt\/?post_type=product&#038;p=15031"},"modified":"2023-01-14T02:06:09","modified_gmt":"2023-01-14T00:06:09","slug":"%d0%b1%d0%b5%d0%bb%d1%8b%d0%b9-%d0%bc%d0%b5%d0%b4%d0%b2%d0%b5%d0%b6%d0%be%d0%bd%d0%be%d0%ba-%d0%b2-%d0%ba%d0%be%d1%80%d0%be%d0%b1%d0%ba%d0%b5","status":"publish","type":"product","link":"https:\/\/www.pristatomegeles.lt\/ru\/produktas\/%d0%b1%d0%b5%d0%bb%d1%8b%d0%b9-%d0%bc%d0%b5%d0%b4%d0%b2%d0%b5%d0%b6%d0%be%d0%bd%d0%be%d0%ba-%d0%b2-%d0%ba%d0%be%d1%80%d0%be%d0%b1%d0%ba%d0%b5\/","title":{"rendered":"\u0411\u0435\u043b\u044b\u0439 \u043c\u0435\u0434\u0432\u0435\u0436\u043e\u043d\u043e\u043a \u0432 \u043a\u043e\u0440\u043e\u0431\u043a\u0435"},"content":{"rendered":"","protected":false},"excerpt":{"rendered":"<p>\u0418\u0449\u0435\u0442\u0435 \u0442\u043e\u043d\u043a\u0438\u0439, \u0441\u0442\u0438\u043b\u044c\u043d\u044b\u0439 \u0438 \u044d\u043a\u0441\u043a\u043b\u044e\u0437\u0438\u0432\u043d\u044b\u0439 \u043f\u043e\u0434\u0430\u0440\u043e\u043a \u043b\u044e\u0431\u0438\u043c\u043e\u0439 \u0436\u0435\u043d\u0449\u0438\u043d\u0435, \u043c\u0430\u043c\u0435, \u0441\u0435\u0441\u0442\u0440\u0435 \u0438\u043b\u0438 \u043a\u043e\u043b\u043b\u0435\u0433\u0435? \u0423\u0434\u0438\u0432\u0438\u0442\u0435 \u044d\u0442\u0438\u043c \u043c\u0438\u043b\u044b\u043c \u0431\u0435\u043b\u044b\u043c \u043f\u043b\u044e\u0448\u0435\u0432\u044b\u043c \u043c\u0438\u0448\u043a\u043e\u0439, \u0443\u043a\u0440\u0430\u0448\u0435\u043d\u043d\u044b\u043c \u0440\u043e\u0437\u0430\u043c\u0438, \u043a\u043e\u0442\u043e\u0440\u044b\u0439 \u0443\u043a\u0440\u0430\u0441\u0438\u0442 \u043a\u0430\u043a \u0438\u043d\u0442\u0435\u0440\u044c\u0435\u0440 \u0434\u043e\u043c\u0430, \u0442\u0430\u043a \u0438 \u0440\u0430\u0431\u043e\u0447\u0435\u0435 \u043c\u0435\u0441\u0442\u043e.<\/p>\n<p>\u041f\u043b\u044e\u0448\u0435\u0432\u044b\u0439 \u043c\u0438\u0448\u043a\u0430, \u0443\u043f\u0430\u043a\u043e\u0432\u0430\u043d\u043d\u044b\u0439 \u0432 \u043a\u0440\u0430\u0441\u0438\u0432\u0443\u044e \u043a\u043e\u0440\u043e\u0431\u043a\u0443, \u0432\u044b\u0433\u043b\u044f\u0434\u0438\u0442 \u043e\u0441\u043e\u0431\u0435\u043d\u043d\u043e \u0440\u043e\u0441\u043a\u043e\u0448\u043d\u043e. \u0420\u0430\u0437\u043c\u0435\u0440 \u043c\u0435\u0434\u0432\u0435\u0436\u043e\u043d\u043a\u0430 25 \u0441\u043c.<\/p>\n","protected":false},"featured_media":15034,"template":"","meta":[],"product_brand":[],"product_cat":[1288,862],"product_tag":[],"class_list":{"0":"post-15031","1":"product","2":"type-product","3":"status-publish","4":"has-post-thumbnail","6":"product_cat-1288","7":"product_cat-862","8":"product_shipping_class-898","9":"tm-has-options","11":"first","12":"outofstock","13":"sale","14":"taxable","15":"shipping-taxable","16":"purchasable","17":"product-type-simple"},"yoast_head":"<!-- This site is optimized with the Yoast SEO plugin v24.3 - https:\/\/yoast.com\/wordpress\/plugins\/seo\/ -->\n<title>\u0411\u0435\u043b\u044b\u0439 \u043c\u0435\u0434\u0432\u0435\u0436\u043e\u043d\u043e\u043a \u0432 \u043a\u043e\u0440\u043e\u0431\u043a\u0435 | Pristatome g\u0117les<\/title>\n<meta name=\"description\" content=\"\u0411\u0435\u043b\u044b\u0439 \u043f\u043b\u044e\u0448\u0435\u0432\u044b\u0439 \u043c\u0438\u0448\u043a\u0430, \u0443\u043a\u0440\u0430\u0448\u0435\u043d\u043d\u044b\u0439 \u0440\u043e\u0437\u0430\u043c\u0438, - \u044d\u0442\u043e \u043c\u0438\u043b\u044b\u0439 \u043f\u043e\u0434\u0430\u0440\u043e\u043a, \u043a\u043e\u0442\u043e\u0440\u044b\u0439 \u0443\u0434\u0438\u0432\u0438\u0442 \u0432\u0430\u0448\u0438\u0445 \u043b\u044e\u0431\u0438\u043c\u044b\u0445 \u0436\u0435\u043d\u0449\u0438\u043d. \u0421\u0442\u0438\u043b\u044c\u043d\u043e \u0443\u043f\u0430\u043a\u043e\u0432\u0430\u043d\u043e \u0438 \u0433\u043e\u0442\u043e\u0432\u043e \u043a \u043f\u043e\u0434\u0430\u0440\u043a\u0443!\" \/>\n<meta name=\"robots\" content=\"index, follow, max-snippet:-1, max-image-preview:large, max-video-preview:-1\" \/>\n<link rel=\"canonical\" href=\"https:\/\/www.pristatomegeles.lt\/ru\/produktas\/%d0%b1%d0%b5%d0%bb%d1%8b%d0%b9-%d0%bc%d0%b5%d0%b4%d0%b2%d0%b5%d0%b6%d0%be%d0%bd%d0%be%d0%ba-%d0%b2-%d0%ba%d0%be%d1%80%d0%be%d0%b1%d0%ba%d0%b5\/\" \/>\n<meta property=\"og:locale\" content=\"ru_RU\" \/>\n<meta property=\"og:type\" content=\"article\" \/>\n<meta property=\"og:title\" content=\"\u0411\u0435\u043b\u044b\u0439 \u043c\u0435\u0434\u0432\u0435\u0436\u043e\u043d\u043e\u043a \u0432 \u043a\u043e\u0440\u043e\u0431\u043a\u0435 | Pristatome g\u0117les\" \/>\n<meta property=\"og:description\" content=\"\u0411\u0435\u043b\u044b\u0439 \u043f\u043b\u044e\u0448\u0435\u0432\u044b\u0439 \u043c\u0438\u0448\u043a\u0430, \u0443\u043a\u0440\u0430\u0448\u0435\u043d\u043d\u044b\u0439 \u0440\u043e\u0437\u0430\u043c\u0438, - \u044d\u0442\u043e \u043c\u0438\u043b\u044b\u0439 \u043f\u043e\u0434\u0430\u0440\u043e\u043a, \u043a\u043e\u0442\u043e\u0440\u044b\u0439 \u0443\u0434\u0438\u0432\u0438\u0442 \u0432\u0430\u0448\u0438\u0445 \u043b\u044e\u0431\u0438\u043c\u044b\u0445 \u0436\u0435\u043d\u0449\u0438\u043d. \u0421\u0442\u0438\u043b\u044c\u043d\u043e \u0443\u043f\u0430\u043a\u043e\u0432\u0430\u043d\u043e \u0438 \u0433\u043e\u0442\u043e\u0432\u043e \u043a \u043f\u043e\u0434\u0430\u0440\u043a\u0443!\" \/>\n<meta property=\"og:url\" content=\"https:\/\/www.pristatomegeles.lt\/ru\/produktas\/%d0%b1%d0%b5%d0%bb%d1%8b%d0%b9-%d0%bc%d0%b5%d0%b4%d0%b2%d0%b5%d0%b6%d0%be%d0%bd%d0%be%d0%ba-%d0%b2-%d0%ba%d0%be%d1%80%d0%be%d0%b1%d0%ba%d0%b5\/\" \/>\n<meta property=\"og:site_name\" content=\"Pristatomegeles.lt\" \/>\n<meta property=\"article:modified_time\" content=\"2023-01-14T00:06:09+00:00\" \/>\n<meta property=\"og:image\" content=\"https:\/\/www.pristatomegeles.lt\/wp-content\/uploads\/2022\/04\/mazas-baltas-roziu-meskiukas.jpg\" \/>\n\t<meta property=\"og:image:width\" content=\"600\" \/>\n\t<meta property=\"og:image:height\" content=\"600\" \/>\n\t<meta property=\"og:image:type\" content=\"image\/jpeg\" \/>\n<meta name=\"twitter:card\" content=\"summary_large_image\" \/>\n<script type=\"application\/ld+json\" class=\"yoast-schema-graph\">{\"@context\":\"https:\/\/schema.org\",\"@graph\":[{\"@type\":\"WebPage\",\"@id\":\"https:\/\/www.pristatomegeles.lt\/ru\/produktas\/%d0%b1%d0%b5%d0%bb%d1%8b%d0%b9-%d0%bc%d0%b5%d0%b4%d0%b2%d0%b5%d0%b6%d0%be%d0%bd%d0%be%d0%ba-%d0%b2-%d0%ba%d0%be%d1%80%d0%be%d0%b1%d0%ba%d0%b5\/\",\"url\":\"https:\/\/www.pristatomegeles.lt\/ru\/produktas\/%d0%b1%d0%b5%d0%bb%d1%8b%d0%b9-%d0%bc%d0%b5%d0%b4%d0%b2%d0%b5%d0%b6%d0%be%d0%bd%d0%be%d0%ba-%d0%b2-%d0%ba%d0%be%d1%80%d0%be%d0%b1%d0%ba%d0%b5\/\",\"name\":\"\u0411\u0435\u043b\u044b\u0439 \u043c\u0435\u0434\u0432\u0435\u0436\u043e\u043d\u043e\u043a \u0432 \u043a\u043e\u0440\u043e\u0431\u043a\u0435 | Pristatome g\u0117les\",\"isPartOf\":{\"@id\":\"https:\/\/www.pristatomegeles.lt\/ru\/#website\"},\"primaryImageOfPage\":{\"@id\":\"https:\/\/www.pristatomegeles.lt\/ru\/produktas\/%d0%b1%d0%b5%d0%bb%d1%8b%d0%b9-%d0%bc%d0%b5%d0%b4%d0%b2%d0%b5%d0%b6%d0%be%d0%bd%d0%be%d0%ba-%d0%b2-%d0%ba%d0%be%d1%80%d0%be%d0%b1%d0%ba%d0%b5\/#primaryimage\"},\"image\":{\"@id\":\"https:\/\/www.pristatomegeles.lt\/ru\/produktas\/%d0%b1%d0%b5%d0%bb%d1%8b%d0%b9-%d0%bc%d0%b5%d0%b4%d0%b2%d0%b5%d0%b6%d0%be%d0%bd%d0%be%d0%ba-%d0%b2-%d0%ba%d0%be%d1%80%d0%be%d0%b1%d0%ba%d0%b5\/#primaryimage\"},\"thumbnailUrl\":\"https:\/\/www.pristatomegeles.lt\/wp-content\/uploads\/2022\/04\/mazas-baltas-roziu-meskiukas.jpg\",\"datePublished\":\"2022-04-19T06:57:45+00:00\",\"dateModified\":\"2023-01-14T00:06:09+00:00\",\"description\":\"\u0411\u0435\u043b\u044b\u0439 \u043f\u043b\u044e\u0448\u0435\u0432\u044b\u0439 \u043c\u0438\u0448\u043a\u0430, \u0443\u043a\u0440\u0430\u0448\u0435\u043d\u043d\u044b\u0439 \u0440\u043e\u0437\u0430\u043c\u0438, - \u044d\u0442\u043e \u043c\u0438\u043b\u044b\u0439 \u043f\u043e\u0434\u0430\u0440\u043e\u043a, \u043a\u043e\u0442\u043e\u0440\u044b\u0439 \u0443\u0434\u0438\u0432\u0438\u0442 \u0432\u0430\u0448\u0438\u0445 \u043b\u044e\u0431\u0438\u043c\u044b\u0445 \u0436\u0435\u043d\u0449\u0438\u043d. \u0421\u0442\u0438\u043b\u044c\u043d\u043e \u0443\u043f\u0430\u043a\u043e\u0432\u0430\u043d\u043e \u0438 \u0433\u043e\u0442\u043e\u0432\u043e \u043a \u043f\u043e\u0434\u0430\u0440\u043a\u0443!\",\"breadcrumb\":{\"@id\":\"https:\/\/www.pristatomegeles.lt\/ru\/produktas\/%d0%b1%d0%b5%d0%bb%d1%8b%d0%b9-%d0%bc%d0%b5%d0%b4%d0%b2%d0%b5%d0%b6%d0%be%d0%bd%d0%be%d0%ba-%d0%b2-%d0%ba%d0%be%d1%80%d0%be%d0%b1%d0%ba%d0%b5\/#breadcrumb\"},\"inLanguage\":\"ru-RU\",\"potentialAction\":[{\"@type\":\"ReadAction\",\"target\":[\"https:\/\/www.pristatomegeles.lt\/ru\/produktas\/%d0%b1%d0%b5%d0%bb%d1%8b%d0%b9-%d0%bc%d0%b5%d0%b4%d0%b2%d0%b5%d0%b6%d0%be%d0%bd%d0%be%d0%ba-%d0%b2-%d0%ba%d0%be%d1%80%d0%be%d0%b1%d0%ba%d0%b5\/\"]}]},{\"@type\":\"ImageObject\",\"inLanguage\":\"ru-RU\",\"@id\":\"https:\/\/www.pristatomegeles.lt\/ru\/produktas\/%d0%b1%d0%b5%d0%bb%d1%8b%d0%b9-%d0%bc%d0%b5%d0%b4%d0%b2%d0%b5%d0%b6%d0%be%d0%bd%d0%be%d0%ba-%d0%b2-%d0%ba%d0%be%d1%80%d0%be%d0%b1%d0%ba%d0%b5\/#primaryimage\",\"url\":\"https:\/\/www.pristatomegeles.lt\/wp-content\/uploads\/2022\/04\/mazas-baltas-roziu-meskiukas.jpg\",\"contentUrl\":\"https:\/\/www.pristatomegeles.lt\/wp-content\/uploads\/2022\/04\/mazas-baltas-roziu-meskiukas.jpg\",\"width\":600,\"height\":600,\"caption\":\"Ma\u017eas baltas ro\u017ei\u0173 me\u0161kinas\"},{\"@type\":\"BreadcrumbList\",\"@id\":\"https:\/\/www.pristatomegeles.lt\/ru\/produktas\/%d0%b1%d0%b5%d0%bb%d1%8b%d0%b9-%d0%bc%d0%b5%d0%b4%d0%b2%d0%b5%d0%b6%d0%be%d0%bd%d0%be%d0%ba-%d0%b2-%d0%ba%d0%be%d1%80%d0%be%d0%b1%d0%ba%d0%b5\/#breadcrumb\",\"itemListElement\":[{\"@type\":\"ListItem\",\"position\":1,\"name\":\"Home\",\"item\":\"https:\/\/www.pristatomegeles.lt\/ru\/pagrindinisru\/\"},{\"@type\":\"ListItem\",\"position\":2,\"name\":\"\u0426\u0432\u0435\u0442\u044b\",\"item\":\"https:\/\/www.pristatomegeles.lt\/ru\/%d1%86%d0%b2%d0%b5%d1%82%d1%8b\/\"},{\"@type\":\"ListItem\",\"position\":3,\"name\":\"\u0411\u0435\u043b\u044b\u0439 \u043c\u0435\u0434\u0432\u0435\u0436\u043e\u043d\u043e\u043a \u0432 \u043a\u043e\u0440\u043e\u0431\u043a\u0435\"}]},{\"@type\":\"WebSite\",\"@id\":\"https:\/\/www.pristatomegeles.lt\/ru\/#website\",\"url\":\"https:\/\/www.pristatomegeles.lt\/ru\/\",\"name\":\"Pristatomegeles.lt\",\"description\":\"\",\"potentialAction\":[{\"@type\":\"SearchAction\",\"target\":{\"@type\":\"EntryPoint\",\"urlTemplate\":\"https:\/\/www.pristatomegeles.lt\/ru\/?s={search_term_string}\"},\"query-input\":{\"@type\":\"PropertyValueSpecification\",\"valueRequired\":true,\"valueName\":\"search_term_string\"}}],\"inLanguage\":\"ru-RU\"}]}<\/script>\n<!-- \/ Yoast SEO plugin. -->","yoast_head_json":{"title":"\u0411\u0435\u043b\u044b\u0439 \u043c\u0435\u0434\u0432\u0435\u0436\u043e\u043d\u043e\u043a \u0432 \u043a\u043e\u0440\u043e\u0431\u043a\u0435 | Pristatome g\u0117les","description":"\u0411\u0435\u043b\u044b\u0439 \u043f\u043b\u044e\u0448\u0435\u0432\u044b\u0439 \u043c\u0438\u0448\u043a\u0430, \u0443\u043a\u0440\u0430\u0448\u0435\u043d\u043d\u044b\u0439 \u0440\u043e\u0437\u0430\u043c\u0438, - \u044d\u0442\u043e \u043c\u0438\u043b\u044b\u0439 \u043f\u043e\u0434\u0430\u0440\u043e\u043a, \u043a\u043e\u0442\u043e\u0440\u044b\u0439 \u0443\u0434\u0438\u0432\u0438\u0442 \u0432\u0430\u0448\u0438\u0445 \u043b\u044e\u0431\u0438\u043c\u044b\u0445 \u0436\u0435\u043d\u0449\u0438\u043d. \u0421\u0442\u0438\u043b\u044c\u043d\u043e \u0443\u043f\u0430\u043a\u043e\u0432\u0430\u043d\u043e \u0438 \u0433\u043e\u0442\u043e\u0432\u043e \u043a \u043f\u043e\u0434\u0430\u0440\u043a\u0443!","robots":{"index":"index","follow":"follow","max-snippet":"max-snippet:-1","max-image-preview":"max-image-preview:large","max-video-preview":"max-video-preview:-1"},"canonical":"https:\/\/www.pristatomegeles.lt\/ru\/produktas\/%d0%b1%d0%b5%d0%bb%d1%8b%d0%b9-%d0%bc%d0%b5%d0%b4%d0%b2%d0%b5%d0%b6%d0%be%d0%bd%d0%be%d0%ba-%d0%b2-%d0%ba%d0%be%d1%80%d0%be%d0%b1%d0%ba%d0%b5\/","og_locale":"ru_RU","og_type":"article","og_title":"\u0411\u0435\u043b\u044b\u0439 \u043c\u0435\u0434\u0432\u0435\u0436\u043e\u043d\u043e\u043a \u0432 \u043a\u043e\u0440\u043e\u0431\u043a\u0435 | Pristatome g\u0117les","og_description":"\u0411\u0435\u043b\u044b\u0439 \u043f\u043b\u044e\u0448\u0435\u0432\u044b\u0439 \u043c\u0438\u0448\u043a\u0430, \u0443\u043a\u0440\u0430\u0448\u0435\u043d\u043d\u044b\u0439 \u0440\u043e\u0437\u0430\u043c\u0438, - \u044d\u0442\u043e \u043c\u0438\u043b\u044b\u0439 \u043f\u043e\u0434\u0430\u0440\u043e\u043a, \u043a\u043e\u0442\u043e\u0440\u044b\u0439 \u0443\u0434\u0438\u0432\u0438\u0442 \u0432\u0430\u0448\u0438\u0445 \u043b\u044e\u0431\u0438\u043c\u044b\u0445 \u0436\u0435\u043d\u0449\u0438\u043d. \u0421\u0442\u0438\u043b\u044c\u043d\u043e \u0443\u043f\u0430\u043a\u043e\u0432\u0430\u043d\u043e \u0438 \u0433\u043e\u0442\u043e\u0432\u043e \u043a \u043f\u043e\u0434\u0430\u0440\u043a\u0443!","og_url":"https:\/\/www.pristatomegeles.lt\/ru\/produktas\/%d0%b1%d0%b5%d0%bb%d1%8b%d0%b9-%d0%bc%d0%b5%d0%b4%d0%b2%d0%b5%d0%b6%d0%be%d0%bd%d0%be%d0%ba-%d0%b2-%d0%ba%d0%be%d1%80%d0%be%d0%b1%d0%ba%d0%b5\/","og_site_name":"Pristatomegeles.lt","article_modified_time":"2023-01-14T00:06:09+00:00","og_image":[{"width":600,"height":600,"url":"https:\/\/www.pristatomegeles.lt\/wp-content\/uploads\/2022\/04\/mazas-baltas-roziu-meskiukas.jpg","type":"image\/jpeg"}],"twitter_card":"summary_large_image","schema":{"@context":"https:\/\/schema.org","@graph":[{"@type":"WebPage","@id":"https:\/\/www.pristatomegeles.lt\/ru\/produktas\/%d0%b1%d0%b5%d0%bb%d1%8b%d0%b9-%d0%bc%d0%b5%d0%b4%d0%b2%d0%b5%d0%b6%d0%be%d0%bd%d0%be%d0%ba-%d0%b2-%d0%ba%d0%be%d1%80%d0%be%d0%b1%d0%ba%d0%b5\/","url":"https:\/\/www.pristatomegeles.lt\/ru\/produktas\/%d0%b1%d0%b5%d0%bb%d1%8b%d0%b9-%d0%bc%d0%b5%d0%b4%d0%b2%d0%b5%d0%b6%d0%be%d0%bd%d0%be%d0%ba-%d0%b2-%d0%ba%d0%be%d1%80%d0%be%d0%b1%d0%ba%d0%b5\/","name":"\u0411\u0435\u043b\u044b\u0439 \u043c\u0435\u0434\u0432\u0435\u0436\u043e\u043d\u043e\u043a \u0432 \u043a\u043e\u0440\u043e\u0431\u043a\u0435 | Pristatome g\u0117les","isPartOf":{"@id":"https:\/\/www.pristatomegeles.lt\/ru\/#website"},"primaryImageOfPage":{"@id":"https:\/\/www.pristatomegeles.lt\/ru\/produktas\/%d0%b1%d0%b5%d0%bb%d1%8b%d0%b9-%d0%bc%d0%b5%d0%b4%d0%b2%d0%b5%d0%b6%d0%be%d0%bd%d0%be%d0%ba-%d0%b2-%d0%ba%d0%be%d1%80%d0%be%d0%b1%d0%ba%d0%b5\/#primaryimage"},"image":{"@id":"https:\/\/www.pristatomegeles.lt\/ru\/produktas\/%d0%b1%d0%b5%d0%bb%d1%8b%d0%b9-%d0%bc%d0%b5%d0%b4%d0%b2%d0%b5%d0%b6%d0%be%d0%bd%d0%be%d0%ba-%d0%b2-%d0%ba%d0%be%d1%80%d0%be%d0%b1%d0%ba%d0%b5\/#primaryimage"},"thumbnailUrl":"https:\/\/www.pristatomegeles.lt\/wp-content\/uploads\/2022\/04\/mazas-baltas-roziu-meskiukas.jpg","datePublished":"2022-04-19T06:57:45+00:00","dateModified":"2023-01-14T00:06:09+00:00","description":"\u0411\u0435\u043b\u044b\u0439 \u043f\u043b\u044e\u0448\u0435\u0432\u044b\u0439 \u043c\u0438\u0448\u043a\u0430, \u0443\u043a\u0440\u0430\u0448\u0435\u043d\u043d\u044b\u0439 \u0440\u043e\u0437\u0430\u043c\u0438, - \u044d\u0442\u043e \u043c\u0438\u043b\u044b\u0439 \u043f\u043e\u0434\u0430\u0440\u043e\u043a, \u043a\u043e\u0442\u043e\u0440\u044b\u0439 \u0443\u0434\u0438\u0432\u0438\u0442 \u0432\u0430\u0448\u0438\u0445 \u043b\u044e\u0431\u0438\u043c\u044b\u0445 \u0436\u0435\u043d\u0449\u0438\u043d. \u0421\u0442\u0438\u043b\u044c\u043d\u043e \u0443\u043f\u0430\u043a\u043e\u0432\u0430\u043d\u043e \u0438 \u0433\u043e\u0442\u043e\u0432\u043e \u043a \u043f\u043e\u0434\u0430\u0440\u043a\u0443!","breadcrumb":{"@id":"https:\/\/www.pristatomegeles.lt\/ru\/produktas\/%d0%b1%d0%b5%d0%bb%d1%8b%d0%b9-%d0%bc%d0%b5%d0%b4%d0%b2%d0%b5%d0%b6%d0%be%d0%bd%d0%be%d0%ba-%d0%b2-%d0%ba%d0%be%d1%80%d0%be%d0%b1%d0%ba%d0%b5\/#breadcrumb"},"inLanguage":"ru-RU","potentialAction":[{"@type":"ReadAction","target":["https:\/\/www.pristatomegeles.lt\/ru\/produktas\/%d0%b1%d0%b5%d0%bb%d1%8b%d0%b9-%d0%bc%d0%b5%d0%b4%d0%b2%d0%b5%d0%b6%d0%be%d0%bd%d0%be%d0%ba-%d0%b2-%d0%ba%d0%be%d1%80%d0%be%d0%b1%d0%ba%d0%b5\/"]}]},{"@type":"ImageObject","inLanguage":"ru-RU","@id":"https:\/\/www.pristatomegeles.lt\/ru\/produktas\/%d0%b1%d0%b5%d0%bb%d1%8b%d0%b9-%d0%bc%d0%b5%d0%b4%d0%b2%d0%b5%d0%b6%d0%be%d0%bd%d0%be%d0%ba-%d0%b2-%d0%ba%d0%be%d1%80%d0%be%d0%b1%d0%ba%d0%b5\/#primaryimage","url":"https:\/\/www.pristatomegeles.lt\/wp-content\/uploads\/2022\/04\/mazas-baltas-roziu-meskiukas.jpg","contentUrl":"https:\/\/www.pristatomegeles.lt\/wp-content\/uploads\/2022\/04\/mazas-baltas-roziu-meskiukas.jpg","width":600,"height":600,"caption":"Ma\u017eas baltas ro\u017ei\u0173 me\u0161kinas"},{"@type":"BreadcrumbList","@id":"https:\/\/www.pristatomegeles.lt\/ru\/produktas\/%d0%b1%d0%b5%d0%bb%d1%8b%d0%b9-%d0%bc%d0%b5%d0%b4%d0%b2%d0%b5%d0%b6%d0%be%d0%bd%d0%be%d0%ba-%d0%b2-%d0%ba%d0%be%d1%80%d0%be%d0%b1%d0%ba%d0%b5\/#breadcrumb","itemListElement":[{"@type":"ListItem","position":1,"name":"Home","item":"https:\/\/www.pristatomegeles.lt\/ru\/pagrindinisru\/"},{"@type":"ListItem","position":2,"name":"\u0426\u0432\u0435\u0442\u044b","item":"https:\/\/www.pristatomegeles.lt\/ru\/%d1%86%d0%b2%d0%b5%d1%82%d1%8b\/"},{"@type":"ListItem","position":3,"name":"\u0411\u0435\u043b\u044b\u0439 \u043c\u0435\u0434\u0432\u0435\u0436\u043e\u043d\u043e\u043a \u0432 \u043a\u043e\u0440\u043e\u0431\u043a\u0435"}]},{"@type":"WebSite","@id":"https:\/\/www.pristatomegeles.lt\/ru\/#website","url":"https:\/\/www.pristatomegeles.lt\/ru\/","name":"Pristatomegeles.lt","description":"","potentialAction":[{"@type":"SearchAction","target":{"@type":"EntryPoint","urlTemplate":"https:\/\/www.pristatomegeles.lt\/ru\/?s={search_term_string}"},"query-input":{"@type":"PropertyValueSpecification","valueRequired":true,"valueName":"search_term_string"}}],"inLanguage":"ru-RU"}]}},"_links":{"self":[{"href":"https:\/\/www.pristatomegeles.lt\/ru\/wp-json\/wp\/v2\/product\/15031","targetHints":{"allow":["GET"]}}],"collection":[{"href":"https:\/\/www.pristatomegeles.lt\/ru\/wp-json\/wp\/v2\/product"}],"about":[{"href":"https:\/\/www.pristatomegeles.lt\/ru\/wp-json\/wp\/v2\/types\/product"}],"wp:featuredmedia":[{"embeddable":true,"href":"https:\/\/www.pristatomegeles.lt\/ru\/wp-json\/wp\/v2\/media\/15034"}],"wp:attachment":[{"href":"https:\/\/www.pristatomegeles.lt\/ru\/wp-json\/wp\/v2\/media?parent=15031"}],"wp:term":[{"taxonomy":"product_brand","embeddable":true,"href":"https:\/\/www.pristatomegeles.lt\/ru\/wp-json\/wp\/v2\/product_brand?post=15031"},{"taxonomy":"product_cat","embeddable":true,"href":"https:\/\/www.pristatomegeles.lt\/ru\/wp-json\/wp\/v2\/product_cat?post=15031"},{"taxonomy":"product_tag","embeddable":true,"href":"https:\/\/www.pristatomegeles.lt\/ru\/wp-json\/wp\/v2\/product_tag?post=15031"}],"curies":[{"name":"wp","href":"https:\/\/api.w.org\/{rel}","templated":true}]}}