{"id":16732,"date":"2023-06-17T21:32:07","date_gmt":"2023-06-17T19:32:09","guid":{"rendered":"http:\/\/www.pristatomegeles.lt\/?post_type=product&#038;p=16732"},"modified":"2026-02-05T20:02:36","modified_gmt":"2026-02-05T18:02:36","slug":"%d0%b1%d1%83%d0%ba%d0%b5%d1%82-%d1%86%d0%b2%d0%b5%d1%82%d0%be%d0%b2-%d0%bf%d0%be%d0%b7%d0%b4%d1%80%d0%b0%d0%b2%d0%bb%d0%b5%d0%bd%d0%b8%d1%8f-2","status":"publish","type":"product","link":"https:\/\/www.pristatomegeles.lt\/ru\/produktas\/%d0%b1%d1%83%d0%ba%d0%b5%d1%82-%d1%86%d0%b2%d0%b5%d1%82%d0%be%d0%b2-%d0%bf%d0%be%d0%b7%d0%b4%d1%80%d0%b0%d0%b2%d0%bb%d0%b5%d0%bd%d0%b8%d1%8f-2\/","title":{"rendered":"\u0411\u0443\u043a\u0435\u0442 \u0446\u0432\u0435\u0442\u043e\u0432 &#171;\u041f\u043e\u0436\u0435\u043b\u0430\u043d\u0438\u044f&#187;"},"content":{"rendered":"","protected":false},"excerpt":{"rendered":"<div>\u0420\u043e\u0437\u044b \u0438 \u0430\u043b\u044c\u0441\u0442\u0440\u043e\u043c\u0435\u0440\u0438\u0438 \u2014 \u043d\u0435\u043e\u0436\u0438\u0434\u0430\u043d\u043d\u043e\u0435 \u0441\u043e\u0447\u0435\u0442\u0430\u043d\u0438\u0435, \u043d\u043e \u043e\u043d\u043e \u043e\u0431\u044f\u0437\u0430\u0442\u0435\u043b\u044c\u043d\u043e \u043f\u043e\u043d\u0440\u0430\u0432\u0438\u0442\u0441\u044f \u0432\u0441\u0435\u043c. \u0412\u044b\u0431\u0435\u0440\u0438\u0442\u0435 \u043a\u043e\u043b\u0438\u0447\u0435\u0441\u0442\u0432\u043e \u0446\u0432\u0435\u0442\u043e\u0432 \u0432 \u0431\u0443\u043a\u0435\u0442\u0435. \u0411\u0443\u043a\u0435\u0442 \u0431\u0443\u0434\u0435\u0442 \u0441\u043e\u0441\u0442\u043e\u044f\u0442\u044c \u0438\u0437 \u0432\u044b\u0431\u0440\u0430\u043d\u043d\u043e\u0433\u043e \u0432\u0430\u043c\u0438 \u043a\u043e\u043b\u0438\u0447\u0435\u0441\u0442\u0432\u0430 \u0430\u043b\u044c\u0441\u0442\u0440\u043e\u043c\u0435\u0440\u0438\u0439 \u0438 \u0440\u043e\u0437, \u0447\u0442\u043e \u0442\u0430\u043a\u0436\u0435 \u043e\u043f\u0440\u0435\u0434\u0435\u043b\u0438\u0442 \u0440\u0430\u0437\u043c\u0435\u0440 \u0431\u0443\u043a\u0435\u0442\u0430.<\/div>\n<div><\/div>\n<div><em><strong>\u0426\u0432\u0435\u0442\u0430 \u0430\u043b\u044c\u0441\u0442\u0440\u043e\u043c\u0435\u0440\u0438\u0439 \u043c\u043e\u0433\u0443\u0442 \u043e\u0442\u043b\u0438\u0447\u0430\u0442\u044c\u0441\u044f \u043e\u0442 \u043f\u0440\u0435\u0434\u0441\u0442\u0430\u0432\u043b\u0435\u043d\u043d\u044b\u0445 \u043d\u0430 \u0444\u043e\u0442\u043e, \u0442\u0430\u043a \u043a\u0430\u043a \u043c\u044b \u0432\u044b\u0431\u0438\u0440\u0430\u0435\u043c \u0442\u0435 \u0446\u0432\u0435\u0442\u0430, \u043a\u043e\u0442\u043e\u0440\u044b\u0435 \u0435\u0441\u0442\u044c \u0432 \u043d\u0430\u043b\u0438\u0447\u0438\u0438 \u0432 \u043c\u0430\u0433\u0430\u0437\u0438\u043d\u0435 \u043d\u0430 \u0434\u0430\u043d\u043d\u044b\u0439 \u043c\u043e\u043c\u0435\u043d\u0442, \u043d\u043e \u043c\u044b \u0432\u0441\u0435\u0433\u0434\u0430 \u0441\u0442\u0430\u0440\u0430\u0435\u043c\u0441\u044f \u0432\u044b\u0431\u0440\u0430\u0442\u044c \u0441\u0430\u043c\u044b\u0439 \u043a\u0440\u0430\u0441\u0438\u0432\u044b\u0439 \u0432\u0430\u0440\u0438\u0430\u043d\u0442, \u0447\u0442\u043e\u0431\u044b \u0431\u0443\u043a\u0435\u0442 \u0432\u044b\u0433\u043b\u044f\u0434\u0435\u043b \u0438\u0434\u0435\u0430\u043b\u044c\u043d\u043e.<\/strong><\/em><\/div>\n","protected":false},"featured_media":16738,"template":"","meta":[],"product_brand":[],"product_cat":[937,840,855,1473,1475,1477,1474,1476,1479,1482,848,849,1478,1481,1483],"product_tag":[],"class_list":{"0":"post-16732","1":"product","2":"type-product","3":"status-publish","4":"has-post-thumbnail","6":"product_cat-937","7":"product_cat-840","8":"product_cat-855","9":"product_cat-1473","10":"product_cat-1475","11":"product_cat-1477","12":"product_cat-1474","13":"product_cat-1476","14":"product_cat---1-","15":"product_cat---14-","16":"product_cat---8-","17":"product_cat-849","18":"product_cat-1478","19":"product_cat-1481","20":"product_cat-1483","21":"tm-has-options","23":"first","24":"instock","25":"taxable","26":"shipping-taxable","27":"purchasable","28":"product-type-variable","29":"has-default-attributes"},"yoast_head":"<!-- This site is optimized with the Yoast SEO plugin v24.3 - https:\/\/yoast.com\/wordpress\/plugins\/seo\/ -->\n<title>\u0411\u0443\u043a\u0435\u0442 \u0446\u0432\u0435\u0442\u043e\u0432 &quot;\u041f\u043e\u0436\u0435\u043b\u0430\u043d\u0438\u044f&quot; | \u0414\u043e\u0441\u0442\u0430\u0432\u043a\u0430 \u0446\u0432\u0435\u0442\u043e\u0432 \u0432 \u0412\u0438\u043b\u044c\u043d\u044e\u0441\u0435 | Pristatome G\u0117les<\/title>\n<meta name=\"description\" content=\"\u0425\u043e\u0442\u0438\u0442\u0435 \u043f\u043e\u0437\u0434\u0440\u0430\u0432\u0438\u0442\u044c \u043b\u044e\u0431\u0438\u043c\u043e\u0433\u043e \u0447\u0435\u043b\u043e\u0432\u0435\u043a\u0430 \u0441 \u0434\u043d\u0435\u043c \u200b\u200b\u0440\u043e\u0436\u0434\u0435\u043d\u0438\u044f? \u0411\u0443\u043a\u0435\u0442 \u00ab\u041f\u043e\u0436\u0435\u043b\u0430\u043d\u0438\u044f\u00bb \u0441\u0442\u0430\u043d\u0435\u0442 \u0438\u0441\u043a\u0440\u0435\u043d\u043d\u0438\u043c \u043f\u043e\u0434\u0430\u0440\u043a\u043e\u043c \u0434\u043b\u044f \u0432\u0441\u0435\u0445, \u043a\u043e\u0433\u043e \u0445\u043e\u0447\u0435\u0442\u0441\u044f \u0443\u0434\u0438\u0432\u0438\u0442\u044c.\" \/>\n<meta name=\"robots\" content=\"index, follow, max-snippet:-1, max-image-preview:large, max-video-preview:-1\" \/>\n<link rel=\"canonical\" href=\"https:\/\/www.pristatomegeles.lt\/ru\/produktas\/%d0%b1%d1%83%d0%ba%d0%b5%d1%82-%d1%86%d0%b2%d0%b5%d1%82%d0%be%d0%b2-%d0%bf%d0%be%d0%b7%d0%b4%d1%80%d0%b0%d0%b2%d0%bb%d0%b5%d0%bd%d0%b8%d1%8f-2\/\" \/>\n<meta property=\"og:locale\" content=\"ru_RU\" \/>\n<meta property=\"og:type\" content=\"article\" \/>\n<meta property=\"og:title\" content=\"\u0411\u0443\u043a\u0435\u0442 \u0446\u0432\u0435\u0442\u043e\u0432 &quot;\u041f\u043e\u0436\u0435\u043b\u0430\u043d\u0438\u044f&quot; | \u0414\u043e\u0441\u0442\u0430\u0432\u043a\u0430 \u0446\u0432\u0435\u0442\u043e\u0432 \u0432 \u0412\u0438\u043b\u044c\u043d\u044e\u0441\u0435 | Pristatome G\u0117les\" \/>\n<meta property=\"og:description\" content=\"\u0425\u043e\u0442\u0438\u0442\u0435 \u043f\u043e\u0437\u0434\u0440\u0430\u0432\u0438\u0442\u044c \u043b\u044e\u0431\u0438\u043c\u043e\u0433\u043e \u0447\u0435\u043b\u043e\u0432\u0435\u043a\u0430 \u0441 \u0434\u043d\u0435\u043c \u200b\u200b\u0440\u043e\u0436\u0434\u0435\u043d\u0438\u044f? \u0411\u0443\u043a\u0435\u0442 \u00ab\u041f\u043e\u0436\u0435\u043b\u0430\u043d\u0438\u044f\u00bb \u0441\u0442\u0430\u043d\u0435\u0442 \u0438\u0441\u043a\u0440\u0435\u043d\u043d\u0438\u043c \u043f\u043e\u0434\u0430\u0440\u043a\u043e\u043c \u0434\u043b\u044f \u0432\u0441\u0435\u0445, \u043a\u043e\u0433\u043e \u0445\u043e\u0447\u0435\u0442\u0441\u044f \u0443\u0434\u0438\u0432\u0438\u0442\u044c.\" \/>\n<meta property=\"og:url\" content=\"https:\/\/www.pristatomegeles.lt\/ru\/produktas\/%d0%b1%d1%83%d0%ba%d0%b5%d1%82-%d1%86%d0%b2%d0%b5%d1%82%d0%be%d0%b2-%d0%bf%d0%be%d0%b7%d0%b4%d1%80%d0%b0%d0%b2%d0%bb%d0%b5%d0%bd%d0%b8%d1%8f-2\/\" \/>\n<meta property=\"og:site_name\" content=\"Pristatomegeles.lt\" \/>\n<meta property=\"article:modified_time\" content=\"2026-02-05T18:02:36+00:00\" \/>\n<meta property=\"og:image\" content=\"https:\/\/www.pristatomegeles.lt\/wp-content\/uploads\/2023\/06\/puokste-geliu-geltonos-rozes-ir-alstromerijos.jpg\" \/>\n\t<meta property=\"og:image:width\" content=\"1000\" \/>\n\t<meta property=\"og:image:height\" content=\"1000\" \/>\n\t<meta property=\"og:image:type\" content=\"image\/jpeg\" \/>\n<meta name=\"twitter:card\" content=\"summary_large_image\" \/>\n<meta name=\"twitter:label1\" content=\"\u041f\u0440\u0438\u043c\u0435\u0440\u043d\u043e\u0435 \u0432\u0440\u0435\u043c\u044f \u0434\u043b\u044f \u0447\u0442\u0435\u043d\u0438\u044f\" \/>\n\t<meta name=\"twitter:data1\" content=\"1 \u043c\u0438\u043d\u0443\u0442\u0430\" \/>\n<script type=\"application\/ld+json\" class=\"yoast-schema-graph\">{\"@context\":\"https:\/\/schema.org\",\"@graph\":[{\"@type\":\"WebPage\",\"@id\":\"https:\/\/www.pristatomegeles.lt\/ru\/produktas\/%d0%b1%d1%83%d0%ba%d0%b5%d1%82-%d1%86%d0%b2%d0%b5%d1%82%d0%be%d0%b2-%d0%bf%d0%be%d0%b7%d0%b4%d1%80%d0%b0%d0%b2%d0%bb%d0%b5%d0%bd%d0%b8%d1%8f-2\/\",\"url\":\"https:\/\/www.pristatomegeles.lt\/ru\/produktas\/%d0%b1%d1%83%d0%ba%d0%b5%d1%82-%d1%86%d0%b2%d0%b5%d1%82%d0%be%d0%b2-%d0%bf%d0%be%d0%b7%d0%b4%d1%80%d0%b0%d0%b2%d0%bb%d0%b5%d0%bd%d0%b8%d1%8f-2\/\",\"name\":\"\u0411\u0443\u043a\u0435\u0442 \u0446\u0432\u0435\u0442\u043e\u0432 \\\"\u041f\u043e\u0436\u0435\u043b\u0430\u043d\u0438\u044f\\\" | \u0414\u043e\u0441\u0442\u0430\u0432\u043a\u0430 \u0446\u0432\u0435\u0442\u043e\u0432 \u0432 \u0412\u0438\u043b\u044c\u043d\u044e\u0441\u0435 | Pristatome G\u0117les\",\"isPartOf\":{\"@id\":\"https:\/\/www.pristatomegeles.lt\/ru\/#website\"},\"primaryImageOfPage\":{\"@id\":\"https:\/\/www.pristatomegeles.lt\/ru\/produktas\/%d0%b1%d1%83%d0%ba%d0%b5%d1%82-%d1%86%d0%b2%d0%b5%d1%82%d0%be%d0%b2-%d0%bf%d0%be%d0%b7%d0%b4%d1%80%d0%b0%d0%b2%d0%bb%d0%b5%d0%bd%d0%b8%d1%8f-2\/#primaryimage\"},\"image\":{\"@id\":\"https:\/\/www.pristatomegeles.lt\/ru\/produktas\/%d0%b1%d1%83%d0%ba%d0%b5%d1%82-%d1%86%d0%b2%d0%b5%d1%82%d0%be%d0%b2-%d0%bf%d0%be%d0%b7%d0%b4%d1%80%d0%b0%d0%b2%d0%bb%d0%b5%d0%bd%d0%b8%d1%8f-2\/#primaryimage\"},\"thumbnailUrl\":\"https:\/\/www.pristatomegeles.lt\/wp-content\/uploads\/2023\/06\/puokste-geliu-geltonos-rozes-ir-alstromerijos.jpg\",\"datePublished\":\"2023-06-17T19:32:09+00:00\",\"dateModified\":\"2026-02-05T18:02:36+00:00\",\"description\":\"\u0425\u043e\u0442\u0438\u0442\u0435 \u043f\u043e\u0437\u0434\u0440\u0430\u0432\u0438\u0442\u044c \u043b\u044e\u0431\u0438\u043c\u043e\u0433\u043e \u0447\u0435\u043b\u043e\u0432\u0435\u043a\u0430 \u0441 \u0434\u043d\u0435\u043c \u200b\u200b\u0440\u043e\u0436\u0434\u0435\u043d\u0438\u044f? \u0411\u0443\u043a\u0435\u0442 \u00ab\u041f\u043e\u0436\u0435\u043b\u0430\u043d\u0438\u044f\u00bb \u0441\u0442\u0430\u043d\u0435\u0442 \u0438\u0441\u043a\u0440\u0435\u043d\u043d\u0438\u043c \u043f\u043e\u0434\u0430\u0440\u043a\u043e\u043c \u0434\u043b\u044f \u0432\u0441\u0435\u0445, \u043a\u043e\u0433\u043e \u0445\u043e\u0447\u0435\u0442\u0441\u044f \u0443\u0434\u0438\u0432\u0438\u0442\u044c.\",\"breadcrumb\":{\"@id\":\"https:\/\/www.pristatomegeles.lt\/ru\/produktas\/%d0%b1%d1%83%d0%ba%d0%b5%d1%82-%d1%86%d0%b2%d0%b5%d1%82%d0%be%d0%b2-%d0%bf%d0%be%d0%b7%d0%b4%d1%80%d0%b0%d0%b2%d0%bb%d0%b5%d0%bd%d0%b8%d1%8f-2\/#breadcrumb\"},\"inLanguage\":\"ru-RU\",\"potentialAction\":[{\"@type\":\"ReadAction\",\"target\":[\"https:\/\/www.pristatomegeles.lt\/ru\/produktas\/%d0%b1%d1%83%d0%ba%d0%b5%d1%82-%d1%86%d0%b2%d0%b5%d1%82%d0%be%d0%b2-%d0%bf%d0%be%d0%b7%d0%b4%d1%80%d0%b0%d0%b2%d0%bb%d0%b5%d0%bd%d0%b8%d1%8f-2\/\"]}]},{\"@type\":\"ImageObject\",\"inLanguage\":\"ru-RU\",\"@id\":\"https:\/\/www.pristatomegeles.lt\/ru\/produktas\/%d0%b1%d1%83%d0%ba%d0%b5%d1%82-%d1%86%d0%b2%d0%b5%d1%82%d0%be%d0%b2-%d0%bf%d0%be%d0%b7%d0%b4%d1%80%d0%b0%d0%b2%d0%bb%d0%b5%d0%bd%d0%b8%d1%8f-2\/#primaryimage\",\"url\":\"https:\/\/www.pristatomegeles.lt\/wp-content\/uploads\/2023\/06\/puokste-geliu-geltonos-rozes-ir-alstromerijos.jpg\",\"contentUrl\":\"https:\/\/www.pristatomegeles.lt\/wp-content\/uploads\/2023\/06\/puokste-geliu-geltonos-rozes-ir-alstromerijos.jpg\",\"width\":1000,\"height\":1000,\"caption\":\"Gelton\u0173 ro\u017ei\u0173 ir spalving\u0173 alstromerij\u0173 puok\u0161t\u0117\"},{\"@type\":\"BreadcrumbList\",\"@id\":\"https:\/\/www.pristatomegeles.lt\/ru\/produktas\/%d0%b1%d1%83%d0%ba%d0%b5%d1%82-%d1%86%d0%b2%d0%b5%d1%82%d0%be%d0%b2-%d0%bf%d0%be%d0%b7%d0%b4%d1%80%d0%b0%d0%b2%d0%bb%d0%b5%d0%bd%d0%b8%d1%8f-2\/#breadcrumb\",\"itemListElement\":[{\"@type\":\"ListItem\",\"position\":1,\"name\":\"Home\",\"item\":\"https:\/\/www.pristatomegeles.lt\/ru\/pagrindinisru\/\"},{\"@type\":\"ListItem\",\"position\":2,\"name\":\"\u0426\u0432\u0435\u0442\u044b\",\"item\":\"https:\/\/www.pristatomegeles.lt\/ru\/%d1%86%d0%b2%d0%b5%d1%82%d1%8b\/\"},{\"@type\":\"ListItem\",\"position\":3,\"name\":\"\u0411\u0443\u043a\u0435\u0442 \u0446\u0432\u0435\u0442\u043e\u0432 &#8220;\u041f\u043e\u0436\u0435\u043b\u0430\u043d\u0438\u044f&#8221;\"}]},{\"@type\":\"WebSite\",\"@id\":\"https:\/\/www.pristatomegeles.lt\/ru\/#website\",\"url\":\"https:\/\/www.pristatomegeles.lt\/ru\/\",\"name\":\"Pristatomegeles.lt\",\"description\":\"\",\"potentialAction\":[{\"@type\":\"SearchAction\",\"target\":{\"@type\":\"EntryPoint\",\"urlTemplate\":\"https:\/\/www.pristatomegeles.lt\/ru\/?s={search_term_string}\"},\"query-input\":{\"@type\":\"PropertyValueSpecification\",\"valueRequired\":true,\"valueName\":\"search_term_string\"}}],\"inLanguage\":\"ru-RU\"}]}<\/script>\n<!-- \/ Yoast SEO plugin. -->","yoast_head_json":{"title":"\u0411\u0443\u043a\u0435\u0442 \u0446\u0432\u0435\u0442\u043e\u0432 \"\u041f\u043e\u0436\u0435\u043b\u0430\u043d\u0438\u044f\" | \u0414\u043e\u0441\u0442\u0430\u0432\u043a\u0430 \u0446\u0432\u0435\u0442\u043e\u0432 \u0432 \u0412\u0438\u043b\u044c\u043d\u044e\u0441\u0435 | Pristatome G\u0117les","description":"\u0425\u043e\u0442\u0438\u0442\u0435 \u043f\u043e\u0437\u0434\u0440\u0430\u0432\u0438\u0442\u044c \u043b\u044e\u0431\u0438\u043c\u043e\u0433\u043e \u0447\u0435\u043b\u043e\u0432\u0435\u043a\u0430 \u0441 \u0434\u043d\u0435\u043c \u200b\u200b\u0440\u043e\u0436\u0434\u0435\u043d\u0438\u044f? \u0411\u0443\u043a\u0435\u0442 \u00ab\u041f\u043e\u0436\u0435\u043b\u0430\u043d\u0438\u044f\u00bb \u0441\u0442\u0430\u043d\u0435\u0442 \u0438\u0441\u043a\u0440\u0435\u043d\u043d\u0438\u043c \u043f\u043e\u0434\u0430\u0440\u043a\u043e\u043c \u0434\u043b\u044f \u0432\u0441\u0435\u0445, \u043a\u043e\u0433\u043e \u0445\u043e\u0447\u0435\u0442\u0441\u044f \u0443\u0434\u0438\u0432\u0438\u0442\u044c.","robots":{"index":"index","follow":"follow","max-snippet":"max-snippet:-1","max-image-preview":"max-image-preview:large","max-video-preview":"max-video-preview:-1"},"canonical":"https:\/\/www.pristatomegeles.lt\/ru\/produktas\/%d0%b1%d1%83%d0%ba%d0%b5%d1%82-%d1%86%d0%b2%d0%b5%d1%82%d0%be%d0%b2-%d0%bf%d0%be%d0%b7%d0%b4%d1%80%d0%b0%d0%b2%d0%bb%d0%b5%d0%bd%d0%b8%d1%8f-2\/","og_locale":"ru_RU","og_type":"article","og_title":"\u0411\u0443\u043a\u0435\u0442 \u0446\u0432\u0435\u0442\u043e\u0432 \"\u041f\u043e\u0436\u0435\u043b\u0430\u043d\u0438\u044f\" | \u0414\u043e\u0441\u0442\u0430\u0432\u043a\u0430 \u0446\u0432\u0435\u0442\u043e\u0432 \u0432 \u0412\u0438\u043b\u044c\u043d\u044e\u0441\u0435 | Pristatome G\u0117les","og_description":"\u0425\u043e\u0442\u0438\u0442\u0435 \u043f\u043e\u0437\u0434\u0440\u0430\u0432\u0438\u0442\u044c \u043b\u044e\u0431\u0438\u043c\u043e\u0433\u043e \u0447\u0435\u043b\u043e\u0432\u0435\u043a\u0430 \u0441 \u0434\u043d\u0435\u043c \u200b\u200b\u0440\u043e\u0436\u0434\u0435\u043d\u0438\u044f? \u0411\u0443\u043a\u0435\u0442 \u00ab\u041f\u043e\u0436\u0435\u043b\u0430\u043d\u0438\u044f\u00bb \u0441\u0442\u0430\u043d\u0435\u0442 \u0438\u0441\u043a\u0440\u0435\u043d\u043d\u0438\u043c \u043f\u043e\u0434\u0430\u0440\u043a\u043e\u043c \u0434\u043b\u044f \u0432\u0441\u0435\u0445, \u043a\u043e\u0433\u043e \u0445\u043e\u0447\u0435\u0442\u0441\u044f \u0443\u0434\u0438\u0432\u0438\u0442\u044c.","og_url":"https:\/\/www.pristatomegeles.lt\/ru\/produktas\/%d0%b1%d1%83%d0%ba%d0%b5%d1%82-%d1%86%d0%b2%d0%b5%d1%82%d0%be%d0%b2-%d0%bf%d0%be%d0%b7%d0%b4%d1%80%d0%b0%d0%b2%d0%bb%d0%b5%d0%bd%d0%b8%d1%8f-2\/","og_site_name":"Pristatomegeles.lt","article_modified_time":"2026-02-05T18:02:36+00:00","og_image":[{"width":1000,"height":1000,"url":"https:\/\/www.pristatomegeles.lt\/wp-content\/uploads\/2023\/06\/puokste-geliu-geltonos-rozes-ir-alstromerijos.jpg","type":"image\/jpeg"}],"twitter_card":"summary_large_image","twitter_misc":{"\u041f\u0440\u0438\u043c\u0435\u0440\u043d\u043e\u0435 \u0432\u0440\u0435\u043c\u044f \u0434\u043b\u044f \u0447\u0442\u0435\u043d\u0438\u044f":"1 \u043c\u0438\u043d\u0443\u0442\u0430"},"schema":{"@context":"https:\/\/schema.org","@graph":[{"@type":"WebPage","@id":"https:\/\/www.pristatomegeles.lt\/ru\/produktas\/%d0%b1%d1%83%d0%ba%d0%b5%d1%82-%d1%86%d0%b2%d0%b5%d1%82%d0%be%d0%b2-%d0%bf%d0%be%d0%b7%d0%b4%d1%80%d0%b0%d0%b2%d0%bb%d0%b5%d0%bd%d0%b8%d1%8f-2\/","url":"https:\/\/www.pristatomegeles.lt\/ru\/produktas\/%d0%b1%d1%83%d0%ba%d0%b5%d1%82-%d1%86%d0%b2%d0%b5%d1%82%d0%be%d0%b2-%d0%bf%d0%be%d0%b7%d0%b4%d1%80%d0%b0%d0%b2%d0%bb%d0%b5%d0%bd%d0%b8%d1%8f-2\/","name":"\u0411\u0443\u043a\u0435\u0442 \u0446\u0432\u0435\u0442\u043e\u0432 \"\u041f\u043e\u0436\u0435\u043b\u0430\u043d\u0438\u044f\" | \u0414\u043e\u0441\u0442\u0430\u0432\u043a\u0430 \u0446\u0432\u0435\u0442\u043e\u0432 \u0432 \u0412\u0438\u043b\u044c\u043d\u044e\u0441\u0435 | Pristatome G\u0117les","isPartOf":{"@id":"https:\/\/www.pristatomegeles.lt\/ru\/#website"},"primaryImageOfPage":{"@id":"https:\/\/www.pristatomegeles.lt\/ru\/produktas\/%d0%b1%d1%83%d0%ba%d0%b5%d1%82-%d1%86%d0%b2%d0%b5%d1%82%d0%be%d0%b2-%d0%bf%d0%be%d0%b7%d0%b4%d1%80%d0%b0%d0%b2%d0%bb%d0%b5%d0%bd%d0%b8%d1%8f-2\/#primaryimage"},"image":{"@id":"https:\/\/www.pristatomegeles.lt\/ru\/produktas\/%d0%b1%d1%83%d0%ba%d0%b5%d1%82-%d1%86%d0%b2%d0%b5%d1%82%d0%be%d0%b2-%d0%bf%d0%be%d0%b7%d0%b4%d1%80%d0%b0%d0%b2%d0%bb%d0%b5%d0%bd%d0%b8%d1%8f-2\/#primaryimage"},"thumbnailUrl":"https:\/\/www.pristatomegeles.lt\/wp-content\/uploads\/2023\/06\/puokste-geliu-geltonos-rozes-ir-alstromerijos.jpg","datePublished":"2023-06-17T19:32:09+00:00","dateModified":"2026-02-05T18:02:36+00:00","description":"\u0425\u043e\u0442\u0438\u0442\u0435 \u043f\u043e\u0437\u0434\u0440\u0430\u0432\u0438\u0442\u044c \u043b\u044e\u0431\u0438\u043c\u043e\u0433\u043e \u0447\u0435\u043b\u043e\u0432\u0435\u043a\u0430 \u0441 \u0434\u043d\u0435\u043c \u200b\u200b\u0440\u043e\u0436\u0434\u0435\u043d\u0438\u044f? \u0411\u0443\u043a\u0435\u0442 \u00ab\u041f\u043e\u0436\u0435\u043b\u0430\u043d\u0438\u044f\u00bb \u0441\u0442\u0430\u043d\u0435\u0442 \u0438\u0441\u043a\u0440\u0435\u043d\u043d\u0438\u043c \u043f\u043e\u0434\u0430\u0440\u043a\u043e\u043c \u0434\u043b\u044f \u0432\u0441\u0435\u0445, \u043a\u043e\u0433\u043e \u0445\u043e\u0447\u0435\u0442\u0441\u044f \u0443\u0434\u0438\u0432\u0438\u0442\u044c.","breadcrumb":{"@id":"https:\/\/www.pristatomegeles.lt\/ru\/produktas\/%d0%b1%d1%83%d0%ba%d0%b5%d1%82-%d1%86%d0%b2%d0%b5%d1%82%d0%be%d0%b2-%d0%bf%d0%be%d0%b7%d0%b4%d1%80%d0%b0%d0%b2%d0%bb%d0%b5%d0%bd%d0%b8%d1%8f-2\/#breadcrumb"},"inLanguage":"ru-RU","potentialAction":[{"@type":"ReadAction","target":["https:\/\/www.pristatomegeles.lt\/ru\/produktas\/%d0%b1%d1%83%d0%ba%d0%b5%d1%82-%d1%86%d0%b2%d0%b5%d1%82%d0%be%d0%b2-%d0%bf%d0%be%d0%b7%d0%b4%d1%80%d0%b0%d0%b2%d0%bb%d0%b5%d0%bd%d0%b8%d1%8f-2\/"]}]},{"@type":"ImageObject","inLanguage":"ru-RU","@id":"https:\/\/www.pristatomegeles.lt\/ru\/produktas\/%d0%b1%d1%83%d0%ba%d0%b5%d1%82-%d1%86%d0%b2%d0%b5%d1%82%d0%be%d0%b2-%d0%bf%d0%be%d0%b7%d0%b4%d1%80%d0%b0%d0%b2%d0%bb%d0%b5%d0%bd%d0%b8%d1%8f-2\/#primaryimage","url":"https:\/\/www.pristatomegeles.lt\/wp-content\/uploads\/2023\/06\/puokste-geliu-geltonos-rozes-ir-alstromerijos.jpg","contentUrl":"https:\/\/www.pristatomegeles.lt\/wp-content\/uploads\/2023\/06\/puokste-geliu-geltonos-rozes-ir-alstromerijos.jpg","width":1000,"height":1000,"caption":"Gelton\u0173 ro\u017ei\u0173 ir spalving\u0173 alstromerij\u0173 puok\u0161t\u0117"},{"@type":"BreadcrumbList","@id":"https:\/\/www.pristatomegeles.lt\/ru\/produktas\/%d0%b1%d1%83%d0%ba%d0%b5%d1%82-%d1%86%d0%b2%d0%b5%d1%82%d0%be%d0%b2-%d0%bf%d0%be%d0%b7%d0%b4%d1%80%d0%b0%d0%b2%d0%bb%d0%b5%d0%bd%d0%b8%d1%8f-2\/#breadcrumb","itemListElement":[{"@type":"ListItem","position":1,"name":"Home","item":"https:\/\/www.pristatomegeles.lt\/ru\/pagrindinisru\/"},{"@type":"ListItem","position":2,"name":"\u0426\u0432\u0435\u0442\u044b","item":"https:\/\/www.pristatomegeles.lt\/ru\/%d1%86%d0%b2%d0%b5%d1%82%d1%8b\/"},{"@type":"ListItem","position":3,"name":"\u0411\u0443\u043a\u0435\u0442 \u0446\u0432\u0435\u0442\u043e\u0432 &#8220;\u041f\u043e\u0436\u0435\u043b\u0430\u043d\u0438\u044f&#8221;"}]},{"@type":"WebSite","@id":"https:\/\/www.pristatomegeles.lt\/ru\/#website","url":"https:\/\/www.pristatomegeles.lt\/ru\/","name":"Pristatomegeles.lt","description":"","potentialAction":[{"@type":"SearchAction","target":{"@type":"EntryPoint","urlTemplate":"https:\/\/www.pristatomegeles.lt\/ru\/?s={search_term_string}"},"query-input":{"@type":"PropertyValueSpecification","valueRequired":true,"valueName":"search_term_string"}}],"inLanguage":"ru-RU"}]}},"_links":{"self":[{"href":"https:\/\/www.pristatomegeles.lt\/ru\/wp-json\/wp\/v2\/product\/16732","targetHints":{"allow":["GET"]}}],"collection":[{"href":"https:\/\/www.pristatomegeles.lt\/ru\/wp-json\/wp\/v2\/product"}],"about":[{"href":"https:\/\/www.pristatomegeles.lt\/ru\/wp-json\/wp\/v2\/types\/product"}],"wp:featuredmedia":[{"embeddable":true,"href":"https:\/\/www.pristatomegeles.lt\/ru\/wp-json\/wp\/v2\/media\/16738"}],"wp:attachment":[{"href":"https:\/\/www.pristatomegeles.lt\/ru\/wp-json\/wp\/v2\/media?parent=16732"}],"wp:term":[{"taxonomy":"product_brand","embeddable":true,"href":"https:\/\/www.pristatomegeles.lt\/ru\/wp-json\/wp\/v2\/product_brand?post=16732"},{"taxonomy":"product_cat","embeddable":true,"href":"https:\/\/www.pristatomegeles.lt\/ru\/wp-json\/wp\/v2\/product_cat?post=16732"},{"taxonomy":"product_tag","embeddable":true,"href":"https:\/\/www.pristatomegeles.lt\/ru\/wp-json\/wp\/v2\/product_tag?post=16732"}],"curies":[{"name":"wp","href":"https:\/\/api.w.org\/{rel}","templated":true}]}}