{"id":8070,"date":"2022-01-11T15:53:46","date_gmt":"2022-04-11T12:50:41","guid":{"rendered":"http:\/\/www.pristatomegeles.lt\/?post_type=product&#038;p=8070"},"modified":"2025-01-14T17:12:54","modified_gmt":"2025-01-14T15:12:54","slug":"%d0%b1%d1%83%d0%ba%d0%b5%d1%82-%d0%b8%d0%b7-%d0%b3%d0%b8%d0%bf%d1%81%d0%be%d1%84%d0%b8%d0%bb%d1%8b-%d0%b8-%d1%85%d1%80%d0%b8%d0%b7%d0%b0%d0%bd%d1%82%d0%b5%d0%bc-%d0%bd%d0%b5%d0%b6%d0%bd%d0%be%d1%81","status":"publish","type":"product","link":"https:\/\/www.pristatomegeles.lt\/ru\/produktas\/%d0%b1%d1%83%d0%ba%d0%b5%d1%82-%d0%b8%d0%b7-%d0%b3%d0%b8%d0%bf%d1%81%d0%be%d1%84%d0%b8%d0%bb%d1%8b-%d0%b8-%d1%85%d1%80%d0%b8%d0%b7%d0%b0%d0%bd%d1%82%d0%b5%d0%bc-%d0%bd%d0%b5%d0%b6%d0%bd%d0%be%d1%81\/","title":{"rendered":"\u0411\u0443\u043a\u0435\u0442 \u0438\u0437 \u0433\u0438\u043f\u0441\u043e\u0444\u0438\u043b\u044b \u0438 \u0445\u0440\u0438\u0437\u0430\u043d\u0442\u0435\u043c &#171;\u041d\u0435\u0436\u043d\u043e\u0441\u0442\u044c&#187;"},"content":{"rendered":"<p>\u0411\u0443\u043a\u0435\u0442 \u00ab\u041d\u0435\u0436\u043d\u043e\u0441\u0442\u044c\u00bb \u0441\u043e\u0441\u0442\u043e\u0438\u0442 \u0438\u0437 \u0445\u0440\u0438\u0437\u0430\u043d\u0442\u0435\u043c \u0438 \u0432\u0435\u0442\u043e\u043a \u0433\u0438\u043f\u0441\u043e\u0444\u0438\u043b . \u041a\u0440\u0430\u0441\u0438\u0432\u0430\u044f \u0443\u043f\u0430\u043a\u043e\u0432\u043a\u0430 \u043f\u0440\u0435\u043a\u0440\u0430\u0441\u043d\u043e \u0443\u043a\u0440\u0430\u0448\u0430\u0435\u0442 \u0431\u0443\u043a\u0435\u0442 \u0438 \u043f\u0440\u0438\u0434\u0430\u0435\u0442 \u0435\u043c\u0443 \u043d\u0435\u043f\u043e\u0432\u0442\u043e\u0440\u0438\u043c\u044b\u0439 \u0448\u0430\u0440\u043c.<\/p>\n<p>&nbsp;<\/p>\n","protected":false},"excerpt":{"rendered":"<p>\u041e\u0447\u0430\u0440\u0443\u0439\u0442\u0435 \u0432\u0441\u0435\u0445, \u043a\u0442\u043e \u043f\u043e\u043b\u0443\u0447\u0438\u0442 \u044d\u0442\u043e\u0442 \u0431\u0443\u043a\u0435\u0442! \u0420\u043e\u043c\u0430\u043d\u0442\u0438\u0447\u0435\u0441\u043a\u0438\u0439 \u0431\u0443\u043a\u0435\u0442 &#8212; \u0434\u043b\u044f \u0440\u043e\u043c\u0430\u043d\u0442\u0438\u0447\u0435\u0441\u043a\u043e\u0433\u043e \u0441\u043b\u0443\u0447\u0430\u044f. \u0412\u044b\u0440\u0430\u0437\u0438\u0442\u0435 \u0441\u0432\u043e\u0438 \u0441\u0430\u043c\u044b\u0435 \u043f\u0440\u0435\u043a\u0440\u0430\u0441\u043d\u044b\u0435 \u0447\u0443\u0432\u0441\u0442\u0432\u0430 \u044d\u0442\u0438\u043c \u0437\u0430\u043c\u0435\u0447\u0430\u0442\u0435\u043b\u044c\u043d\u044b\u043c \u043f\u043e\u0434\u0430\u0440\u043a\u043e\u043c.<\/p>\n<p>\u0411\u0443\u043a\u0435\u0442 \u0446\u0432\u0435\u0442\u043e\u0432 \u0441\u043e\u0441\u0442\u043e\u0438\u0442 \u0438\u0437:<\/p>\n<p>\u043c\u0435\u043b\u043a\u0438\u0435 &#8212; 5 \u0445\u0440\u0438\u0437\u0430\u043d\u0442\u0435\u043c, 4 \u0432\u0435\u0442\u043a\u0438 \u0433\u0438\u043f\u0441\u043e\u0444\u0438\u043b\u044b;<br \/>\n\u0441\u0440\u0435\u0434\u043d\u0438\u0439 \u2013 8 \u0445\u0440\u0438\u0437\u0430\u043d\u0442\u0435\u043c, 7 \u0432\u0435\u0442\u043e\u043a \u0433\u0438\u043f\u0441\u043e\u0444\u0438\u043b\u044b;<br \/>\n\u0431\u043e\u043b\u044c\u0448\u0438\u0435 &#8212; 11 \u0445\u0440\u0438\u0437\u0430\u043d\u0442\u0435\u043c, 10 \u0432\u0435\u0442\u043e\u043a \u0433\u0438\u043f\u0441\u043e\u0444\u0438\u043b\u044b;<\/p>\n<p><strong><span class=\"HwtZe\" lang=\"ru\"><span class=\"jCAhz ChMk0b\"><span class=\"ryNqvb\">\u0426\u0432\u0435\u0442 \u0445\u0440\u0438\u0437\u0430\u043d\u0442\u0435\u043c \u0438 \u0433\u0438\u043f\u0441\u043e\u0444\u0438\u043b \u043c\u043e\u0436\u0435\u0442 \u043e\u0442\u043b\u0438\u0447\u0430\u0442\u044c\u0441\u044f \u043e\u0442 \u043f\u0440\u0435\u0434\u0441\u0442\u0430\u0432\u043b\u0435\u043d\u043d\u043e\u0433\u043e \u043d\u0430 \u0444\u043e\u0442\u043e, \u043d\u043e \u0446\u0432\u0435\u0442\u0430 \u0446\u0432\u0435\u0442\u043e\u0432 \u0432\u0441\u0435\u0433\u0434\u0430 \u0441\u043e\u0432\u043f\u0430\u0434\u0430\u044e\u0442, \u0447\u0442\u043e\u0431\u044b \u043f\u043e\u043d\u0440\u0430\u0432\u0438\u0442\u044c\u0441\u044f \u0432 \u043b\u044e\u0431\u043e\u043c \u0441\u043b\u0443\u0447\u0430\u0435.<\/span><\/span><\/span><\/strong><\/p>\n","protected":false},"featured_media":14313,"template":"","meta":[],"product_brand":[],"product_cat":[1425,840,1422,1473,1475,1477,1474,1476,1479,848,849,1478,1481,1483],"product_tag":[],"class_list":{"0":"post-8070","1":"product","2":"type-product","3":"status-publish","4":"has-post-thumbnail","6":"product_cat-x","7":"product_cat-840","8":"product_cat-1422","9":"product_cat-1473","10":"product_cat-1475","11":"product_cat-1477","12":"product_cat-1474","13":"product_cat-1476","14":"product_cat---1-","15":"product_cat---8-","16":"product_cat-849","17":"product_cat-1478","18":"product_cat-1481","19":"product_cat-1483","20":"tm-has-options","22":"first","23":"instock","24":"taxable","25":"shipping-taxable","26":"purchasable","27":"product-type-variable","28":"has-default-attributes"},"yoast_head":"<!-- This site is optimized with the Yoast SEO plugin v24.3 - https:\/\/yoast.com\/wordpress\/plugins\/seo\/ -->\n<title>\u0411\u0443\u043a\u0435\u0442 \u0438\u0437 \u0433\u0438\u043f\u0441\u043e\u0444\u0438\u043b\u044b \u0438 \u0445\u0440\u0438\u0437\u0430\u043d\u0442\u0435\u043c &quot;\u041d\u0435\u0436\u043d\u043e\u0441\u0442\u044c&quot; | Pristatome g\u0117les<\/title>\n<meta name=\"description\" content=\"\u041d\u0435\u0436\u043d\u044b\u0439 \u0431\u0443\u043a\u0435\u0442 \u0438\u0437 \u043f\u0430\u0441\u0442\u0435\u043b\u044c\u043d\u044b\u0445 \u0442\u043e\u043d\u043e\u0432, \u043c\u0435\u0447\u0442\u0430\u0442\u0435\u043b\u044c\u043d\u044b\u0445, \u0433\u0438\u043f\u0441\u043e\u0444\u0438\u043b \u0445\u0440\u0438\u0437\u0430\u043d\u0442\u0435\u043c &quot;\u041d\u0435\u0436\u043d\u043e\u0441\u0442\u044c&quot; - \u0434\u043b\u044f \u0441\u0430\u043c\u043e\u0433\u043e \u043a\u0440\u0430\u0441\u0438\u0432\u043e\u0433\u043e \u0442\u043e\u0440\u0436\u0435\u0441\u0442\u0432\u0430, \u0447\u0442\u043e\u0431\u044b \u0443\u0434\u0438\u0432\u0438\u0442\u044c \u0438 \u043f\u043e\u0440\u0430\u0434\u043e\u0432\u0430\u0442\u044c!\" \/>\n<meta name=\"robots\" content=\"index, follow, max-snippet:-1, max-image-preview:large, max-video-preview:-1\" \/>\n<link rel=\"canonical\" href=\"https:\/\/www.pristatomegeles.lt\/ru\/produktas\/%d0%b1%d1%83%d0%ba%d0%b5%d1%82-%d0%b8%d0%b7-%d0%b3%d0%b8%d0%bf%d1%81%d0%be%d1%84%d0%b8%d0%bb%d1%8b-%d0%b8-%d1%85%d1%80%d0%b8%d0%b7%d0%b0%d0%bd%d1%82%d0%b5%d0%bc-%d0%bd%d0%b5%d0%b6%d0%bd%d0%be%d1%81\/\" \/>\n<meta property=\"og:locale\" content=\"ru_RU\" \/>\n<meta property=\"og:type\" content=\"article\" \/>\n<meta property=\"og:title\" content=\"\u0411\u0443\u043a\u0435\u0442 \u0438\u0437 \u0433\u0438\u043f\u0441\u043e\u0444\u0438\u043b\u044b \u0438 \u0445\u0440\u0438\u0437\u0430\u043d\u0442\u0435\u043c &quot;\u041d\u0435\u0436\u043d\u043e\u0441\u0442\u044c&quot; | Pristatome g\u0117les\" \/>\n<meta property=\"og:description\" content=\"\u041d\u0435\u0436\u043d\u044b\u0439 \u0431\u0443\u043a\u0435\u0442 \u0438\u0437 \u043f\u0430\u0441\u0442\u0435\u043b\u044c\u043d\u044b\u0445 \u0442\u043e\u043d\u043e\u0432, \u043c\u0435\u0447\u0442\u0430\u0442\u0435\u043b\u044c\u043d\u044b\u0445, \u0433\u0438\u043f\u0441\u043e\u0444\u0438\u043b \u0445\u0440\u0438\u0437\u0430\u043d\u0442\u0435\u043c &quot;\u041d\u0435\u0436\u043d\u043e\u0441\u0442\u044c&quot; - \u0434\u043b\u044f \u0441\u0430\u043c\u043e\u0433\u043e \u043a\u0440\u0430\u0441\u0438\u0432\u043e\u0433\u043e \u0442\u043e\u0440\u0436\u0435\u0441\u0442\u0432\u0430, \u0447\u0442\u043e\u0431\u044b \u0443\u0434\u0438\u0432\u0438\u0442\u044c \u0438 \u043f\u043e\u0440\u0430\u0434\u043e\u0432\u0430\u0442\u044c!\" \/>\n<meta property=\"og:url\" content=\"https:\/\/www.pristatomegeles.lt\/ru\/produktas\/%d0%b1%d1%83%d0%ba%d0%b5%d1%82-%d0%b8%d0%b7-%d0%b3%d0%b8%d0%bf%d1%81%d0%be%d1%84%d0%b8%d0%bb%d1%8b-%d0%b8-%d1%85%d1%80%d0%b8%d0%b7%d0%b0%d0%bd%d1%82%d0%b5%d0%bc-%d0%bd%d0%b5%d0%b6%d0%bd%d0%be%d1%81\/\" \/>\n<meta property=\"og:site_name\" content=\"Pristatomegeles.lt\" \/>\n<meta property=\"article:modified_time\" content=\"2025-01-14T15:12:54+00:00\" \/>\n<meta property=\"og:image\" content=\"https:\/\/www.pristatomegeles.lt\/wp-content\/uploads\/2021\/08\/roziniu-chrizantemu-ir-violetiniu-guboju-puokste-scaled.jpg\" \/>\n\t<meta property=\"og:image:width\" content=\"2560\" \/>\n\t<meta property=\"og:image:height\" content=\"2560\" \/>\n\t<meta property=\"og:image:type\" content=\"image\/jpeg\" \/>\n<meta name=\"twitter:card\" content=\"summary_large_image\" \/>\n<meta name=\"twitter:label1\" content=\"\u041f\u0440\u0438\u043c\u0435\u0440\u043d\u043e\u0435 \u0432\u0440\u0435\u043c\u044f \u0434\u043b\u044f \u0447\u0442\u0435\u043d\u0438\u044f\" \/>\n\t<meta name=\"twitter:data1\" content=\"1 \u043c\u0438\u043d\u0443\u0442\u0430\" \/>\n<script type=\"application\/ld+json\" class=\"yoast-schema-graph\">{\"@context\":\"https:\/\/schema.org\",\"@graph\":[{\"@type\":\"WebPage\",\"@id\":\"https:\/\/www.pristatomegeles.lt\/ru\/produktas\/%d0%b1%d1%83%d0%ba%d0%b5%d1%82-%d0%b8%d0%b7-%d0%b3%d0%b8%d0%bf%d1%81%d0%be%d1%84%d0%b8%d0%bb%d1%8b-%d0%b8-%d1%85%d1%80%d0%b8%d0%b7%d0%b0%d0%bd%d1%82%d0%b5%d0%bc-%d0%bd%d0%b5%d0%b6%d0%bd%d0%be%d1%81\/\",\"url\":\"https:\/\/www.pristatomegeles.lt\/ru\/produktas\/%d0%b1%d1%83%d0%ba%d0%b5%d1%82-%d0%b8%d0%b7-%d0%b3%d0%b8%d0%bf%d1%81%d0%be%d1%84%d0%b8%d0%bb%d1%8b-%d0%b8-%d1%85%d1%80%d0%b8%d0%b7%d0%b0%d0%bd%d1%82%d0%b5%d0%bc-%d0%bd%d0%b5%d0%b6%d0%bd%d0%be%d1%81\/\",\"name\":\"\u0411\u0443\u043a\u0435\u0442 \u0438\u0437 \u0433\u0438\u043f\u0441\u043e\u0444\u0438\u043b\u044b \u0438 \u0445\u0440\u0438\u0437\u0430\u043d\u0442\u0435\u043c \\\"\u041d\u0435\u0436\u043d\u043e\u0441\u0442\u044c\\\" | Pristatome g\u0117les\",\"isPartOf\":{\"@id\":\"https:\/\/www.pristatomegeles.lt\/ru\/#website\"},\"primaryImageOfPage\":{\"@id\":\"https:\/\/www.pristatomegeles.lt\/ru\/produktas\/%d0%b1%d1%83%d0%ba%d0%b5%d1%82-%d0%b8%d0%b7-%d0%b3%d0%b8%d0%bf%d1%81%d0%be%d1%84%d0%b8%d0%bb%d1%8b-%d0%b8-%d1%85%d1%80%d0%b8%d0%b7%d0%b0%d0%bd%d1%82%d0%b5%d0%bc-%d0%bd%d0%b5%d0%b6%d0%bd%d0%be%d1%81\/#primaryimage\"},\"image\":{\"@id\":\"https:\/\/www.pristatomegeles.lt\/ru\/produktas\/%d0%b1%d1%83%d0%ba%d0%b5%d1%82-%d0%b8%d0%b7-%d0%b3%d0%b8%d0%bf%d1%81%d0%be%d1%84%d0%b8%d0%bb%d1%8b-%d0%b8-%d1%85%d1%80%d0%b8%d0%b7%d0%b0%d0%bd%d1%82%d0%b5%d0%bc-%d0%bd%d0%b5%d0%b6%d0%bd%d0%be%d1%81\/#primaryimage\"},\"thumbnailUrl\":\"https:\/\/www.pristatomegeles.lt\/wp-content\/uploads\/2021\/08\/roziniu-chrizantemu-ir-violetiniu-guboju-puokste-scaled.jpg\",\"datePublished\":\"2022-04-11T12:50:41+00:00\",\"dateModified\":\"2025-01-14T15:12:54+00:00\",\"description\":\"\u041d\u0435\u0436\u043d\u044b\u0439 \u0431\u0443\u043a\u0435\u0442 \u0438\u0437 \u043f\u0430\u0441\u0442\u0435\u043b\u044c\u043d\u044b\u0445 \u0442\u043e\u043d\u043e\u0432, \u043c\u0435\u0447\u0442\u0430\u0442\u0435\u043b\u044c\u043d\u044b\u0445, \u0433\u0438\u043f\u0441\u043e\u0444\u0438\u043b \u0445\u0440\u0438\u0437\u0430\u043d\u0442\u0435\u043c \\\"\u041d\u0435\u0436\u043d\u043e\u0441\u0442\u044c\\\" - \u0434\u043b\u044f \u0441\u0430\u043c\u043e\u0433\u043e \u043a\u0440\u0430\u0441\u0438\u0432\u043e\u0433\u043e \u0442\u043e\u0440\u0436\u0435\u0441\u0442\u0432\u0430, \u0447\u0442\u043e\u0431\u044b \u0443\u0434\u0438\u0432\u0438\u0442\u044c \u0438 \u043f\u043e\u0440\u0430\u0434\u043e\u0432\u0430\u0442\u044c!\",\"breadcrumb\":{\"@id\":\"https:\/\/www.pristatomegeles.lt\/ru\/produktas\/%d0%b1%d1%83%d0%ba%d0%b5%d1%82-%d0%b8%d0%b7-%d0%b3%d0%b8%d0%bf%d1%81%d0%be%d1%84%d0%b8%d0%bb%d1%8b-%d0%b8-%d1%85%d1%80%d0%b8%d0%b7%d0%b0%d0%bd%d1%82%d0%b5%d0%bc-%d0%bd%d0%b5%d0%b6%d0%bd%d0%be%d1%81\/#breadcrumb\"},\"inLanguage\":\"ru-RU\",\"potentialAction\":[{\"@type\":\"ReadAction\",\"target\":[\"https:\/\/www.pristatomegeles.lt\/ru\/produktas\/%d0%b1%d1%83%d0%ba%d0%b5%d1%82-%d0%b8%d0%b7-%d0%b3%d0%b8%d0%bf%d1%81%d0%be%d1%84%d0%b8%d0%bb%d1%8b-%d0%b8-%d1%85%d1%80%d0%b8%d0%b7%d0%b0%d0%bd%d1%82%d0%b5%d0%bc-%d0%bd%d0%b5%d0%b6%d0%bd%d0%be%d1%81\/\"]}]},{\"@type\":\"ImageObject\",\"inLanguage\":\"ru-RU\",\"@id\":\"https:\/\/www.pristatomegeles.lt\/ru\/produktas\/%d0%b1%d1%83%d0%ba%d0%b5%d1%82-%d0%b8%d0%b7-%d0%b3%d0%b8%d0%bf%d1%81%d0%be%d1%84%d0%b8%d0%bb%d1%8b-%d0%b8-%d1%85%d1%80%d0%b8%d0%b7%d0%b0%d0%bd%d1%82%d0%b5%d0%bc-%d0%bd%d0%b5%d0%b6%d0%bd%d0%be%d1%81\/#primaryimage\",\"url\":\"https:\/\/www.pristatomegeles.lt\/wp-content\/uploads\/2021\/08\/roziniu-chrizantemu-ir-violetiniu-guboju-puokste-scaled.jpg\",\"contentUrl\":\"https:\/\/www.pristatomegeles.lt\/wp-content\/uploads\/2021\/08\/roziniu-chrizantemu-ir-violetiniu-guboju-puokste-scaled.jpg\",\"width\":1000,\"height\":1000,\"caption\":\"G\u0117li\u0173 puok\u0161t\u0117 moterims su gubojomis ir ro\u017ein\u0117mis chrizantemomis\"},{\"@type\":\"BreadcrumbList\",\"@id\":\"https:\/\/www.pristatomegeles.lt\/ru\/produktas\/%d0%b1%d1%83%d0%ba%d0%b5%d1%82-%d0%b8%d0%b7-%d0%b3%d0%b8%d0%bf%d1%81%d0%be%d1%84%d0%b8%d0%bb%d1%8b-%d0%b8-%d1%85%d1%80%d0%b8%d0%b7%d0%b0%d0%bd%d1%82%d0%b5%d0%bc-%d0%bd%d0%b5%d0%b6%d0%bd%d0%be%d1%81\/#breadcrumb\",\"itemListElement\":[{\"@type\":\"ListItem\",\"position\":1,\"name\":\"Home\",\"item\":\"https:\/\/www.pristatomegeles.lt\/ru\/pagrindinisru\/\"},{\"@type\":\"ListItem\",\"position\":2,\"name\":\"\u0426\u0432\u0435\u0442\u044b\",\"item\":\"https:\/\/www.pristatomegeles.lt\/ru\/%d1%86%d0%b2%d0%b5%d1%82%d1%8b\/\"},{\"@type\":\"ListItem\",\"position\":3,\"name\":\"\u0411\u0443\u043a\u0435\u0442 \u0438\u0437 \u0433\u0438\u043f\u0441\u043e\u0444\u0438\u043b\u044b \u0438 \u0445\u0440\u0438\u0437\u0430\u043d\u0442\u0435\u043c &#8220;\u041d\u0435\u0436\u043d\u043e\u0441\u0442\u044c&#8221;\"}]},{\"@type\":\"WebSite\",\"@id\":\"https:\/\/www.pristatomegeles.lt\/ru\/#website\",\"url\":\"https:\/\/www.pristatomegeles.lt\/ru\/\",\"name\":\"Pristatomegeles.lt\",\"description\":\"\",\"potentialAction\":[{\"@type\":\"SearchAction\",\"target\":{\"@type\":\"EntryPoint\",\"urlTemplate\":\"https:\/\/www.pristatomegeles.lt\/ru\/?s={search_term_string}\"},\"query-input\":{\"@type\":\"PropertyValueSpecification\",\"valueRequired\":true,\"valueName\":\"search_term_string\"}}],\"inLanguage\":\"ru-RU\"}]}<\/script>\n<!-- \/ Yoast SEO plugin. -->","yoast_head_json":{"title":"\u0411\u0443\u043a\u0435\u0442 \u0438\u0437 \u0433\u0438\u043f\u0441\u043e\u0444\u0438\u043b\u044b \u0438 \u0445\u0440\u0438\u0437\u0430\u043d\u0442\u0435\u043c \"\u041d\u0435\u0436\u043d\u043e\u0441\u0442\u044c\" | Pristatome g\u0117les","description":"\u041d\u0435\u0436\u043d\u044b\u0439 \u0431\u0443\u043a\u0435\u0442 \u0438\u0437 \u043f\u0430\u0441\u0442\u0435\u043b\u044c\u043d\u044b\u0445 \u0442\u043e\u043d\u043e\u0432, \u043c\u0435\u0447\u0442\u0430\u0442\u0435\u043b\u044c\u043d\u044b\u0445, \u0433\u0438\u043f\u0441\u043e\u0444\u0438\u043b \u0445\u0440\u0438\u0437\u0430\u043d\u0442\u0435\u043c \"\u041d\u0435\u0436\u043d\u043e\u0441\u0442\u044c\" - \u0434\u043b\u044f \u0441\u0430\u043c\u043e\u0433\u043e \u043a\u0440\u0430\u0441\u0438\u0432\u043e\u0433\u043e \u0442\u043e\u0440\u0436\u0435\u0441\u0442\u0432\u0430, \u0447\u0442\u043e\u0431\u044b \u0443\u0434\u0438\u0432\u0438\u0442\u044c \u0438 \u043f\u043e\u0440\u0430\u0434\u043e\u0432\u0430\u0442\u044c!","robots":{"index":"index","follow":"follow","max-snippet":"max-snippet:-1","max-image-preview":"max-image-preview:large","max-video-preview":"max-video-preview:-1"},"canonical":"https:\/\/www.pristatomegeles.lt\/ru\/produktas\/%d0%b1%d1%83%d0%ba%d0%b5%d1%82-%d0%b8%d0%b7-%d0%b3%d0%b8%d0%bf%d1%81%d0%be%d1%84%d0%b8%d0%bb%d1%8b-%d0%b8-%d1%85%d1%80%d0%b8%d0%b7%d0%b0%d0%bd%d1%82%d0%b5%d0%bc-%d0%bd%d0%b5%d0%b6%d0%bd%d0%be%d1%81\/","og_locale":"ru_RU","og_type":"article","og_title":"\u0411\u0443\u043a\u0435\u0442 \u0438\u0437 \u0433\u0438\u043f\u0441\u043e\u0444\u0438\u043b\u044b \u0438 \u0445\u0440\u0438\u0437\u0430\u043d\u0442\u0435\u043c \"\u041d\u0435\u0436\u043d\u043e\u0441\u0442\u044c\" | Pristatome g\u0117les","og_description":"\u041d\u0435\u0436\u043d\u044b\u0439 \u0431\u0443\u043a\u0435\u0442 \u0438\u0437 \u043f\u0430\u0441\u0442\u0435\u043b\u044c\u043d\u044b\u0445 \u0442\u043e\u043d\u043e\u0432, \u043c\u0435\u0447\u0442\u0430\u0442\u0435\u043b\u044c\u043d\u044b\u0445, \u0433\u0438\u043f\u0441\u043e\u0444\u0438\u043b \u0445\u0440\u0438\u0437\u0430\u043d\u0442\u0435\u043c \"\u041d\u0435\u0436\u043d\u043e\u0441\u0442\u044c\" - \u0434\u043b\u044f \u0441\u0430\u043c\u043e\u0433\u043e \u043a\u0440\u0430\u0441\u0438\u0432\u043e\u0433\u043e \u0442\u043e\u0440\u0436\u0435\u0441\u0442\u0432\u0430, \u0447\u0442\u043e\u0431\u044b \u0443\u0434\u0438\u0432\u0438\u0442\u044c \u0438 \u043f\u043e\u0440\u0430\u0434\u043e\u0432\u0430\u0442\u044c!","og_url":"https:\/\/www.pristatomegeles.lt\/ru\/produktas\/%d0%b1%d1%83%d0%ba%d0%b5%d1%82-%d0%b8%d0%b7-%d0%b3%d0%b8%d0%bf%d1%81%d0%be%d1%84%d0%b8%d0%bb%d1%8b-%d0%b8-%d1%85%d1%80%d0%b8%d0%b7%d0%b0%d0%bd%d1%82%d0%b5%d0%bc-%d0%bd%d0%b5%d0%b6%d0%bd%d0%be%d1%81\/","og_site_name":"Pristatomegeles.lt","article_modified_time":"2025-01-14T15:12:54+00:00","og_image":[{"width":2560,"height":2560,"url":"https:\/\/www.pristatomegeles.lt\/wp-content\/uploads\/2021\/08\/roziniu-chrizantemu-ir-violetiniu-guboju-puokste-scaled.jpg","type":"image\/jpeg"}],"twitter_card":"summary_large_image","twitter_misc":{"\u041f\u0440\u0438\u043c\u0435\u0440\u043d\u043e\u0435 \u0432\u0440\u0435\u043c\u044f \u0434\u043b\u044f \u0447\u0442\u0435\u043d\u0438\u044f":"1 \u043c\u0438\u043d\u0443\u0442\u0430"},"schema":{"@context":"https:\/\/schema.org","@graph":[{"@type":"WebPage","@id":"https:\/\/www.pristatomegeles.lt\/ru\/produktas\/%d0%b1%d1%83%d0%ba%d0%b5%d1%82-%d0%b8%d0%b7-%d0%b3%d0%b8%d0%bf%d1%81%d0%be%d1%84%d0%b8%d0%bb%d1%8b-%d0%b8-%d1%85%d1%80%d0%b8%d0%b7%d0%b0%d0%bd%d1%82%d0%b5%d0%bc-%d0%bd%d0%b5%d0%b6%d0%bd%d0%be%d1%81\/","url":"https:\/\/www.pristatomegeles.lt\/ru\/produktas\/%d0%b1%d1%83%d0%ba%d0%b5%d1%82-%d0%b8%d0%b7-%d0%b3%d0%b8%d0%bf%d1%81%d0%be%d1%84%d0%b8%d0%bb%d1%8b-%d0%b8-%d1%85%d1%80%d0%b8%d0%b7%d0%b0%d0%bd%d1%82%d0%b5%d0%bc-%d0%bd%d0%b5%d0%b6%d0%bd%d0%be%d1%81\/","name":"\u0411\u0443\u043a\u0435\u0442 \u0438\u0437 \u0433\u0438\u043f\u0441\u043e\u0444\u0438\u043b\u044b \u0438 \u0445\u0440\u0438\u0437\u0430\u043d\u0442\u0435\u043c \"\u041d\u0435\u0436\u043d\u043e\u0441\u0442\u044c\" | Pristatome g\u0117les","isPartOf":{"@id":"https:\/\/www.pristatomegeles.lt\/ru\/#website"},"primaryImageOfPage":{"@id":"https:\/\/www.pristatomegeles.lt\/ru\/produktas\/%d0%b1%d1%83%d0%ba%d0%b5%d1%82-%d0%b8%d0%b7-%d0%b3%d0%b8%d0%bf%d1%81%d0%be%d1%84%d0%b8%d0%bb%d1%8b-%d0%b8-%d1%85%d1%80%d0%b8%d0%b7%d0%b0%d0%bd%d1%82%d0%b5%d0%bc-%d0%bd%d0%b5%d0%b6%d0%bd%d0%be%d1%81\/#primaryimage"},"image":{"@id":"https:\/\/www.pristatomegeles.lt\/ru\/produktas\/%d0%b1%d1%83%d0%ba%d0%b5%d1%82-%d0%b8%d0%b7-%d0%b3%d0%b8%d0%bf%d1%81%d0%be%d1%84%d0%b8%d0%bb%d1%8b-%d0%b8-%d1%85%d1%80%d0%b8%d0%b7%d0%b0%d0%bd%d1%82%d0%b5%d0%bc-%d0%bd%d0%b5%d0%b6%d0%bd%d0%be%d1%81\/#primaryimage"},"thumbnailUrl":"https:\/\/www.pristatomegeles.lt\/wp-content\/uploads\/2021\/08\/roziniu-chrizantemu-ir-violetiniu-guboju-puokste-scaled.jpg","datePublished":"2022-04-11T12:50:41+00:00","dateModified":"2025-01-14T15:12:54+00:00","description":"\u041d\u0435\u0436\u043d\u044b\u0439 \u0431\u0443\u043a\u0435\u0442 \u0438\u0437 \u043f\u0430\u0441\u0442\u0435\u043b\u044c\u043d\u044b\u0445 \u0442\u043e\u043d\u043e\u0432, \u043c\u0435\u0447\u0442\u0430\u0442\u0435\u043b\u044c\u043d\u044b\u0445, \u0433\u0438\u043f\u0441\u043e\u0444\u0438\u043b \u0445\u0440\u0438\u0437\u0430\u043d\u0442\u0435\u043c \"\u041d\u0435\u0436\u043d\u043e\u0441\u0442\u044c\" - \u0434\u043b\u044f \u0441\u0430\u043c\u043e\u0433\u043e \u043a\u0440\u0430\u0441\u0438\u0432\u043e\u0433\u043e \u0442\u043e\u0440\u0436\u0435\u0441\u0442\u0432\u0430, \u0447\u0442\u043e\u0431\u044b \u0443\u0434\u0438\u0432\u0438\u0442\u044c \u0438 \u043f\u043e\u0440\u0430\u0434\u043e\u0432\u0430\u0442\u044c!","breadcrumb":{"@id":"https:\/\/www.pristatomegeles.lt\/ru\/produktas\/%d0%b1%d1%83%d0%ba%d0%b5%d1%82-%d0%b8%d0%b7-%d0%b3%d0%b8%d0%bf%d1%81%d0%be%d1%84%d0%b8%d0%bb%d1%8b-%d0%b8-%d1%85%d1%80%d0%b8%d0%b7%d0%b0%d0%bd%d1%82%d0%b5%d0%bc-%d0%bd%d0%b5%d0%b6%d0%bd%d0%be%d1%81\/#breadcrumb"},"inLanguage":"ru-RU","potentialAction":[{"@type":"ReadAction","target":["https:\/\/www.pristatomegeles.lt\/ru\/produktas\/%d0%b1%d1%83%d0%ba%d0%b5%d1%82-%d0%b8%d0%b7-%d0%b3%d0%b8%d0%bf%d1%81%d0%be%d1%84%d0%b8%d0%bb%d1%8b-%d0%b8-%d1%85%d1%80%d0%b8%d0%b7%d0%b0%d0%bd%d1%82%d0%b5%d0%bc-%d0%bd%d0%b5%d0%b6%d0%bd%d0%be%d1%81\/"]}]},{"@type":"ImageObject","inLanguage":"ru-RU","@id":"https:\/\/www.pristatomegeles.lt\/ru\/produktas\/%d0%b1%d1%83%d0%ba%d0%b5%d1%82-%d0%b8%d0%b7-%d0%b3%d0%b8%d0%bf%d1%81%d0%be%d1%84%d0%b8%d0%bb%d1%8b-%d0%b8-%d1%85%d1%80%d0%b8%d0%b7%d0%b0%d0%bd%d1%82%d0%b5%d0%bc-%d0%bd%d0%b5%d0%b6%d0%bd%d0%be%d1%81\/#primaryimage","url":"https:\/\/www.pristatomegeles.lt\/wp-content\/uploads\/2021\/08\/roziniu-chrizantemu-ir-violetiniu-guboju-puokste-scaled.jpg","contentUrl":"https:\/\/www.pristatomegeles.lt\/wp-content\/uploads\/2021\/08\/roziniu-chrizantemu-ir-violetiniu-guboju-puokste-scaled.jpg","width":1000,"height":1000,"caption":"G\u0117li\u0173 puok\u0161t\u0117 moterims su gubojomis ir ro\u017ein\u0117mis chrizantemomis"},{"@type":"BreadcrumbList","@id":"https:\/\/www.pristatomegeles.lt\/ru\/produktas\/%d0%b1%d1%83%d0%ba%d0%b5%d1%82-%d0%b8%d0%b7-%d0%b3%d0%b8%d0%bf%d1%81%d0%be%d1%84%d0%b8%d0%bb%d1%8b-%d0%b8-%d1%85%d1%80%d0%b8%d0%b7%d0%b0%d0%bd%d1%82%d0%b5%d0%bc-%d0%bd%d0%b5%d0%b6%d0%bd%d0%be%d1%81\/#breadcrumb","itemListElement":[{"@type":"ListItem","position":1,"name":"Home","item":"https:\/\/www.pristatomegeles.lt\/ru\/pagrindinisru\/"},{"@type":"ListItem","position":2,"name":"\u0426\u0432\u0435\u0442\u044b","item":"https:\/\/www.pristatomegeles.lt\/ru\/%d1%86%d0%b2%d0%b5%d1%82%d1%8b\/"},{"@type":"ListItem","position":3,"name":"\u0411\u0443\u043a\u0435\u0442 \u0438\u0437 \u0433\u0438\u043f\u0441\u043e\u0444\u0438\u043b\u044b \u0438 \u0445\u0440\u0438\u0437\u0430\u043d\u0442\u0435\u043c &#8220;\u041d\u0435\u0436\u043d\u043e\u0441\u0442\u044c&#8221;"}]},{"@type":"WebSite","@id":"https:\/\/www.pristatomegeles.lt\/ru\/#website","url":"https:\/\/www.pristatomegeles.lt\/ru\/","name":"Pristatomegeles.lt","description":"","potentialAction":[{"@type":"SearchAction","target":{"@type":"EntryPoint","urlTemplate":"https:\/\/www.pristatomegeles.lt\/ru\/?s={search_term_string}"},"query-input":{"@type":"PropertyValueSpecification","valueRequired":true,"valueName":"search_term_string"}}],"inLanguage":"ru-RU"}]}},"_links":{"self":[{"href":"https:\/\/www.pristatomegeles.lt\/ru\/wp-json\/wp\/v2\/product\/8070","targetHints":{"allow":["GET"]}}],"collection":[{"href":"https:\/\/www.pristatomegeles.lt\/ru\/wp-json\/wp\/v2\/product"}],"about":[{"href":"https:\/\/www.pristatomegeles.lt\/ru\/wp-json\/wp\/v2\/types\/product"}],"wp:featuredmedia":[{"embeddable":true,"href":"https:\/\/www.pristatomegeles.lt\/ru\/wp-json\/wp\/v2\/media\/14313"}],"wp:attachment":[{"href":"https:\/\/www.pristatomegeles.lt\/ru\/wp-json\/wp\/v2\/media?parent=8070"}],"wp:term":[{"taxonomy":"product_brand","embeddable":true,"href":"https:\/\/www.pristatomegeles.lt\/ru\/wp-json\/wp\/v2\/product_brand?post=8070"},{"taxonomy":"product_cat","embeddable":true,"href":"https:\/\/www.pristatomegeles.lt\/ru\/wp-json\/wp\/v2\/product_cat?post=8070"},{"taxonomy":"product_tag","embeddable":true,"href":"https:\/\/www.pristatomegeles.lt\/ru\/wp-json\/wp\/v2\/product_tag?post=8070"}],"curies":[{"name":"wp","href":"https:\/\/api.w.org\/{rel}","templated":true}]}}