{"id":8254,"date":"2021-03-30T14:10:49","date_gmt":"2022-04-12T12:50:06","guid":{"rendered":"http:\/\/www.pristatomegeles.lt\/?post_type=product&#038;p=8254"},"modified":"2025-03-03T11:27:12","modified_gmt":"2025-03-03T09:27:12","slug":"%d0%ba%d0%be%d1%80%d0%be%d0%b1%d0%ba%d0%b0-%d0%ba%d1%80%d0%b0%d1%81%d0%bd%d1%8b%d1%85-%d1%80%d0%be%d0%b7-%d1%84%d0%b0%d0%bd%d1%82%d0%b0%d0%b7%d0%b8%d1%8f","status":"publish","type":"product","link":"https:\/\/www.pristatomegeles.lt\/ru\/produktas\/%d0%ba%d0%be%d1%80%d0%be%d0%b1%d0%ba%d0%b0-%d0%ba%d1%80%d0%b0%d1%81%d0%bd%d1%8b%d1%85-%d1%80%d0%be%d0%b7-%d1%84%d0%b0%d0%bd%d1%82%d0%b0%d0%b7%d0%b8%d1%8f\/","title":{"rendered":"\u041a\u043e\u0440\u043e\u0431\u043a\u0430 \u043a\u0440\u0430\u0441\u043d\u044b\u0445 \u0440\u043e\u0437 &#171;\u0424\u0430\u043d\u0442\u0430\u0437\u0438\u044f&#187;"},"content":{"rendered":"","protected":false},"excerpt":{"rendered":"<p>\u042d\u0442\u0430 \u041a\u043e\u0440\u043e\u0431\u043a\u0430 \u043f\u043e\u0434\u043e\u0439\u0434\u0435\u0442 \u0434\u043b\u044f \u0442\u0435\u0445, \u043a\u0442\u043e \u0445\u043e\u0447\u0435\u0442 \u0443\u0434\u0438\u0432\u0438\u0442\u044c \u0431\u043b\u0438\u0437\u043a\u043e\u0433\u043e \u0447\u0435\u043b\u043e\u0432\u0435\u043a\u0430, \u043b\u044e\u0431\u0438\u043c\u043e\u0433\u043e \u0447\u0435\u043b\u043e\u0432\u0435\u043a\u0430 \u0438\u043b\u0438 \u0447\u0442\u043e \u0431\u044b \u0432\u044b \u043d\u0438 \u043f\u0440\u0438\u0434\u0443\u043c\u0430\u043b\u0438. \u041c\u044b \u043d\u0435 \u0441\u043e\u043c\u043d\u0435\u0432\u0430\u0435\u043c\u0441\u044f, \u0447\u0442\u043e \u0438\u0441\u043a\u043b\u044e\u0447\u0438\u0442\u0435\u043b\u044c\u043d\u044b\u0439 \u043e\u0431\u0440\u0430\u0437 \u043f\u043e\u043d\u0440\u0430\u0432\u0438\u0442\u0441\u044f \u0438 \u0436\u0435\u043d\u0449\u0438\u043d\u0430\u043c, \u0438 \u043c\u0443\u0436\u0447\u0438\u043d\u0430\u043c. \u041e\u0442\u043b\u0438\u0447\u0438\u0442\u0435\u043b\u044c\u043d\u043e\u0439 \u043e\u0441\u043e\u0431\u0435\u043d\u043d\u043e\u0441\u0442\u044c\u044e \u043a\u043e\u0440\u043e\u0431\u043a\u0438 \u044f\u0432\u043b\u044f\u0435\u0442\u0441\u044f \u0442\u043e, \u0447\u0442\u043e \u043f\u043e\u043b\u0443\u0447\u0430\u0442\u0435\u043b\u044c \u043d\u0435 \u0432\u0438\u0434\u0438\u0442 \u0441\u043e\u0434\u0435\u0440\u0436\u0438\u043c\u043e\u0433\u043e , \u043a\u043e\u0433\u0434\u0430 \u043e\u043d\u0430 \u0437\u0430\u043a\u0440\u044b\u0442\u0430. \u041f\u043e\u0434\u043e\u0439\u0434\u0435\u0442 \u0432 \u043a\u0430\u0447\u0435\u0441\u0442\u0432\u0435 \u043f\u043e\u0434\u0430\u0440\u043a\u0430 \u043d\u0430 \u043b\u044e\u0431\u043e\u0439 \u0441\u043b\u0443\u0447\u0430\u0439<\/p>\n<p>\u041a\u043e\u0440\u043e\u0431\u043a\u0430 \u0441\u043e\u0441\u0442\u043e\u0438\u0442 \u0438\u0437 17 \u0448\u0442. \u043a\u0440\u0430\u0441\u043d\u044b\u0445 \u0440\u043e\u0437.<\/p>\n","protected":false},"featured_media":14177,"template":"","meta":[],"product_brand":[],"product_cat":[855,842,1473,1475,1477,1482,848,849,1478,1483],"product_tag":[],"class_list":{"0":"post-8254","1":"product","2":"type-product","3":"status-publish","4":"has-post-thumbnail","6":"product_cat-855","7":"product_cat-842","8":"product_cat-1473","9":"product_cat-1475","10":"product_cat-1477","11":"product_cat---14-","12":"product_cat---8-","13":"product_cat-849","14":"product_cat-1478","15":"product_cat-1483","16":"tm-no-options","18":"first","19":"instock","20":"taxable","21":"shipping-taxable","22":"purchasable","23":"product-type-simple"},"yoast_head":"<!-- This site is optimized with the Yoast SEO plugin v24.3 - https:\/\/yoast.com\/wordpress\/plugins\/seo\/ -->\n<title>\u041a\u043e\u0440\u043e\u0431\u043a\u0430 \u043a\u0440\u0430\u0441\u043d\u044b\u0445 \u0440\u043e\u0437 &quot;\u0424\u0430\u043d\u0442\u0430\u0437\u0438\u044f&quot; | \u0414\u043e\u0441\u0442\u0430\u0432\u043a\u0430 \u0446\u0432\u0435\u0442\u043e\u0447\u043d\u044b\u0445 \u044f\u0449\u0438\u043a\u043e\u0432 \u043f\u043e \u0412\u0438\u043b\u044c\u043d\u044e\u0441\u0443<\/title>\n<meta name=\"description\" content=\"\u0425\u043e\u0442\u0438\u0442\u0435 \u0443\u0434\u0438\u0432\u0438\u0442\u044c \u0438 \u043e\u0441\u0442\u0430\u0432\u0438\u0442\u044c \u043d\u0435\u0437\u0430\u0431\u044b\u0432\u0430\u0435\u043c\u044b\u0435 \u0432\u043f\u0435\u0447\u0430\u0442\u043b\u0435\u043d\u0438\u044f? \u0422\u0430\u0438\u043d\u0441\u0442\u0432\u0435\u043d\u043d\u0430\u044f \u043a\u043e\u0440\u043e\u0431\u043a\u0430 \u0441 \u043a\u0440\u0430\u0441\u043d\u044b\u043c\u0438 \u0440\u043e\u0437\u0430\u043c\u0438 - \u0442\u043e, \u0447\u0442\u043e \u0432\u044b \u0438\u0449\u0435\u0442\u0435!\" \/>\n<meta name=\"robots\" content=\"index, follow, max-snippet:-1, max-image-preview:large, max-video-preview:-1\" \/>\n<link rel=\"canonical\" href=\"https:\/\/www.pristatomegeles.lt\/ru\/produktas\/%d0%ba%d0%be%d1%80%d0%be%d0%b1%d0%ba%d0%b0-%d0%ba%d1%80%d0%b0%d1%81%d0%bd%d1%8b%d1%85-%d1%80%d0%be%d0%b7-%d1%84%d0%b0%d0%bd%d1%82%d0%b0%d0%b7%d0%b8%d1%8f\/\" \/>\n<meta property=\"og:locale\" content=\"ru_RU\" \/>\n<meta property=\"og:type\" content=\"article\" \/>\n<meta property=\"og:title\" content=\"\u041a\u043e\u0440\u043e\u0431\u043a\u0430 \u043a\u0440\u0430\u0441\u043d\u044b\u0445 \u0440\u043e\u0437 &quot;\u0424\u0430\u043d\u0442\u0430\u0437\u0438\u044f&quot; | \u0414\u043e\u0441\u0442\u0430\u0432\u043a\u0430 \u0446\u0432\u0435\u0442\u043e\u0447\u043d\u044b\u0445 \u044f\u0449\u0438\u043a\u043e\u0432 \u043f\u043e \u0412\u0438\u043b\u044c\u043d\u044e\u0441\u0443\" \/>\n<meta property=\"og:description\" content=\"\u0425\u043e\u0442\u0438\u0442\u0435 \u0443\u0434\u0438\u0432\u0438\u0442\u044c \u0438 \u043e\u0441\u0442\u0430\u0432\u0438\u0442\u044c \u043d\u0435\u0437\u0430\u0431\u044b\u0432\u0430\u0435\u043c\u044b\u0435 \u0432\u043f\u0435\u0447\u0430\u0442\u043b\u0435\u043d\u0438\u044f? \u0422\u0430\u0438\u043d\u0441\u0442\u0432\u0435\u043d\u043d\u0430\u044f \u043a\u043e\u0440\u043e\u0431\u043a\u0430 \u0441 \u043a\u0440\u0430\u0441\u043d\u044b\u043c\u0438 \u0440\u043e\u0437\u0430\u043c\u0438 - \u0442\u043e, \u0447\u0442\u043e \u0432\u044b \u0438\u0449\u0435\u0442\u0435!\" \/>\n<meta property=\"og:url\" content=\"https:\/\/www.pristatomegeles.lt\/ru\/produktas\/%d0%ba%d0%be%d1%80%d0%be%d0%b1%d0%ba%d0%b0-%d0%ba%d1%80%d0%b0%d1%81%d0%bd%d1%8b%d1%85-%d1%80%d0%be%d0%b7-%d1%84%d0%b0%d0%bd%d1%82%d0%b0%d0%b7%d0%b8%d1%8f\/\" \/>\n<meta property=\"og:site_name\" content=\"Pristatomegeles.lt\" \/>\n<meta property=\"article:modified_time\" content=\"2025-03-03T09:27:12+00:00\" \/>\n<meta property=\"og:image\" content=\"https:\/\/www.pristatomegeles.lt\/wp-content\/uploads\/2021\/03\/raudonos-rozes-dezuteje-fantazija-scaled.jpg\" \/>\n\t<meta property=\"og:image:width\" content=\"1000\" \/>\n\t<meta property=\"og:image:height\" content=\"1000\" \/>\n\t<meta property=\"og:image:type\" content=\"image\/jpeg\" \/>\n<meta name=\"twitter:card\" content=\"summary_large_image\" \/>\n<meta name=\"twitter:label1\" content=\"\u041f\u0440\u0438\u043c\u0435\u0440\u043d\u043e\u0435 \u0432\u0440\u0435\u043c\u044f \u0434\u043b\u044f \u0447\u0442\u0435\u043d\u0438\u044f\" \/>\n\t<meta name=\"twitter:data1\" content=\"1 \u043c\u0438\u043d\u0443\u0442\u0430\" \/>\n<script type=\"application\/ld+json\" class=\"yoast-schema-graph\">{\"@context\":\"https:\/\/schema.org\",\"@graph\":[{\"@type\":\"WebPage\",\"@id\":\"https:\/\/www.pristatomegeles.lt\/ru\/produktas\/%d0%ba%d0%be%d1%80%d0%be%d0%b1%d0%ba%d0%b0-%d0%ba%d1%80%d0%b0%d1%81%d0%bd%d1%8b%d1%85-%d1%80%d0%be%d0%b7-%d1%84%d0%b0%d0%bd%d1%82%d0%b0%d0%b7%d0%b8%d1%8f\/\",\"url\":\"https:\/\/www.pristatomegeles.lt\/ru\/produktas\/%d0%ba%d0%be%d1%80%d0%be%d0%b1%d0%ba%d0%b0-%d0%ba%d1%80%d0%b0%d1%81%d0%bd%d1%8b%d1%85-%d1%80%d0%be%d0%b7-%d1%84%d0%b0%d0%bd%d1%82%d0%b0%d0%b7%d0%b8%d1%8f\/\",\"name\":\"\u041a\u043e\u0440\u043e\u0431\u043a\u0430 \u043a\u0440\u0430\u0441\u043d\u044b\u0445 \u0440\u043e\u0437 \\\"\u0424\u0430\u043d\u0442\u0430\u0437\u0438\u044f\\\" | \u0414\u043e\u0441\u0442\u0430\u0432\u043a\u0430 \u0446\u0432\u0435\u0442\u043e\u0447\u043d\u044b\u0445 \u044f\u0449\u0438\u043a\u043e\u0432 \u043f\u043e \u0412\u0438\u043b\u044c\u043d\u044e\u0441\u0443\",\"isPartOf\":{\"@id\":\"https:\/\/www.pristatomegeles.lt\/ru\/#website\"},\"primaryImageOfPage\":{\"@id\":\"https:\/\/www.pristatomegeles.lt\/ru\/produktas\/%d0%ba%d0%be%d1%80%d0%be%d0%b1%d0%ba%d0%b0-%d0%ba%d1%80%d0%b0%d1%81%d0%bd%d1%8b%d1%85-%d1%80%d0%be%d0%b7-%d1%84%d0%b0%d0%bd%d1%82%d0%b0%d0%b7%d0%b8%d1%8f\/#primaryimage\"},\"image\":{\"@id\":\"https:\/\/www.pristatomegeles.lt\/ru\/produktas\/%d0%ba%d0%be%d1%80%d0%be%d0%b1%d0%ba%d0%b0-%d0%ba%d1%80%d0%b0%d1%81%d0%bd%d1%8b%d1%85-%d1%80%d0%be%d0%b7-%d1%84%d0%b0%d0%bd%d1%82%d0%b0%d0%b7%d0%b8%d1%8f\/#primaryimage\"},\"thumbnailUrl\":\"https:\/\/www.pristatomegeles.lt\/wp-content\/uploads\/2021\/03\/raudonos-rozes-dezuteje-fantazija-scaled.jpg\",\"datePublished\":\"2022-04-12T12:50:06+00:00\",\"dateModified\":\"2025-03-03T09:27:12+00:00\",\"description\":\"\u0425\u043e\u0442\u0438\u0442\u0435 \u0443\u0434\u0438\u0432\u0438\u0442\u044c \u0438 \u043e\u0441\u0442\u0430\u0432\u0438\u0442\u044c \u043d\u0435\u0437\u0430\u0431\u044b\u0432\u0430\u0435\u043c\u044b\u0435 \u0432\u043f\u0435\u0447\u0430\u0442\u043b\u0435\u043d\u0438\u044f? \u0422\u0430\u0438\u043d\u0441\u0442\u0432\u0435\u043d\u043d\u0430\u044f \u043a\u043e\u0440\u043e\u0431\u043a\u0430 \u0441 \u043a\u0440\u0430\u0441\u043d\u044b\u043c\u0438 \u0440\u043e\u0437\u0430\u043c\u0438 - \u0442\u043e, \u0447\u0442\u043e \u0432\u044b \u0438\u0449\u0435\u0442\u0435!\",\"breadcrumb\":{\"@id\":\"https:\/\/www.pristatomegeles.lt\/ru\/produktas\/%d0%ba%d0%be%d1%80%d0%be%d0%b1%d0%ba%d0%b0-%d0%ba%d1%80%d0%b0%d1%81%d0%bd%d1%8b%d1%85-%d1%80%d0%be%d0%b7-%d1%84%d0%b0%d0%bd%d1%82%d0%b0%d0%b7%d0%b8%d1%8f\/#breadcrumb\"},\"inLanguage\":\"ru-RU\",\"potentialAction\":[{\"@type\":\"ReadAction\",\"target\":[\"https:\/\/www.pristatomegeles.lt\/ru\/produktas\/%d0%ba%d0%be%d1%80%d0%be%d0%b1%d0%ba%d0%b0-%d0%ba%d1%80%d0%b0%d1%81%d0%bd%d1%8b%d1%85-%d1%80%d0%be%d0%b7-%d1%84%d0%b0%d0%bd%d1%82%d0%b0%d0%b7%d0%b8%d1%8f\/\"]}]},{\"@type\":\"ImageObject\",\"inLanguage\":\"ru-RU\",\"@id\":\"https:\/\/www.pristatomegeles.lt\/ru\/produktas\/%d0%ba%d0%be%d1%80%d0%be%d0%b1%d0%ba%d0%b0-%d0%ba%d1%80%d0%b0%d1%81%d0%bd%d1%8b%d1%85-%d1%80%d0%be%d0%b7-%d1%84%d0%b0%d0%bd%d1%82%d0%b0%d0%b7%d0%b8%d1%8f\/#primaryimage\",\"url\":\"https:\/\/www.pristatomegeles.lt\/wp-content\/uploads\/2021\/03\/raudonos-rozes-dezuteje-fantazija-scaled.jpg\",\"contentUrl\":\"https:\/\/www.pristatomegeles.lt\/wp-content\/uploads\/2021\/03\/raudonos-rozes-dezuteje-fantazija-scaled.jpg\",\"width\":1000,\"height\":1000,\"caption\":\"Raudon\u0173 ro\u017ei\u0173 d\u0117\u017eut\u0117 gimtadienio g\u0117l\u0117s\"},{\"@type\":\"BreadcrumbList\",\"@id\":\"https:\/\/www.pristatomegeles.lt\/ru\/produktas\/%d0%ba%d0%be%d1%80%d0%be%d0%b1%d0%ba%d0%b0-%d0%ba%d1%80%d0%b0%d1%81%d0%bd%d1%8b%d1%85-%d1%80%d0%be%d0%b7-%d1%84%d0%b0%d0%bd%d1%82%d0%b0%d0%b7%d0%b8%d1%8f\/#breadcrumb\",\"itemListElement\":[{\"@type\":\"ListItem\",\"position\":1,\"name\":\"Home\",\"item\":\"https:\/\/www.pristatomegeles.lt\/ru\/pagrindinisru\/\"},{\"@type\":\"ListItem\",\"position\":2,\"name\":\"\u0426\u0432\u0435\u0442\u044b\",\"item\":\"https:\/\/www.pristatomegeles.lt\/ru\/%d1%86%d0%b2%d0%b5%d1%82%d1%8b\/\"},{\"@type\":\"ListItem\",\"position\":3,\"name\":\"\u041a\u043e\u0440\u043e\u0431\u043a\u0430 \u043a\u0440\u0430\u0441\u043d\u044b\u0445 \u0440\u043e\u0437 &#8220;\u0424\u0430\u043d\u0442\u0430\u0437\u0438\u044f&#8221;\"}]},{\"@type\":\"WebSite\",\"@id\":\"https:\/\/www.pristatomegeles.lt\/ru\/#website\",\"url\":\"https:\/\/www.pristatomegeles.lt\/ru\/\",\"name\":\"Pristatomegeles.lt\",\"description\":\"\",\"potentialAction\":[{\"@type\":\"SearchAction\",\"target\":{\"@type\":\"EntryPoint\",\"urlTemplate\":\"https:\/\/www.pristatomegeles.lt\/ru\/?s={search_term_string}\"},\"query-input\":{\"@type\":\"PropertyValueSpecification\",\"valueRequired\":true,\"valueName\":\"search_term_string\"}}],\"inLanguage\":\"ru-RU\"}]}<\/script>\n<!-- \/ Yoast SEO plugin. -->","yoast_head_json":{"title":"\u041a\u043e\u0440\u043e\u0431\u043a\u0430 \u043a\u0440\u0430\u0441\u043d\u044b\u0445 \u0440\u043e\u0437 \"\u0424\u0430\u043d\u0442\u0430\u0437\u0438\u044f\" | \u0414\u043e\u0441\u0442\u0430\u0432\u043a\u0430 \u0446\u0432\u0435\u0442\u043e\u0447\u043d\u044b\u0445 \u044f\u0449\u0438\u043a\u043e\u0432 \u043f\u043e \u0412\u0438\u043b\u044c\u043d\u044e\u0441\u0443","description":"\u0425\u043e\u0442\u0438\u0442\u0435 \u0443\u0434\u0438\u0432\u0438\u0442\u044c \u0438 \u043e\u0441\u0442\u0430\u0432\u0438\u0442\u044c \u043d\u0435\u0437\u0430\u0431\u044b\u0432\u0430\u0435\u043c\u044b\u0435 \u0432\u043f\u0435\u0447\u0430\u0442\u043b\u0435\u043d\u0438\u044f? \u0422\u0430\u0438\u043d\u0441\u0442\u0432\u0435\u043d\u043d\u0430\u044f \u043a\u043e\u0440\u043e\u0431\u043a\u0430 \u0441 \u043a\u0440\u0430\u0441\u043d\u044b\u043c\u0438 \u0440\u043e\u0437\u0430\u043c\u0438 - \u0442\u043e, \u0447\u0442\u043e \u0432\u044b \u0438\u0449\u0435\u0442\u0435!","robots":{"index":"index","follow":"follow","max-snippet":"max-snippet:-1","max-image-preview":"max-image-preview:large","max-video-preview":"max-video-preview:-1"},"canonical":"https:\/\/www.pristatomegeles.lt\/ru\/produktas\/%d0%ba%d0%be%d1%80%d0%be%d0%b1%d0%ba%d0%b0-%d0%ba%d1%80%d0%b0%d1%81%d0%bd%d1%8b%d1%85-%d1%80%d0%be%d0%b7-%d1%84%d0%b0%d0%bd%d1%82%d0%b0%d0%b7%d0%b8%d1%8f\/","og_locale":"ru_RU","og_type":"article","og_title":"\u041a\u043e\u0440\u043e\u0431\u043a\u0430 \u043a\u0440\u0430\u0441\u043d\u044b\u0445 \u0440\u043e\u0437 \"\u0424\u0430\u043d\u0442\u0430\u0437\u0438\u044f\" | \u0414\u043e\u0441\u0442\u0430\u0432\u043a\u0430 \u0446\u0432\u0435\u0442\u043e\u0447\u043d\u044b\u0445 \u044f\u0449\u0438\u043a\u043e\u0432 \u043f\u043e \u0412\u0438\u043b\u044c\u043d\u044e\u0441\u0443","og_description":"\u0425\u043e\u0442\u0438\u0442\u0435 \u0443\u0434\u0438\u0432\u0438\u0442\u044c \u0438 \u043e\u0441\u0442\u0430\u0432\u0438\u0442\u044c \u043d\u0435\u0437\u0430\u0431\u044b\u0432\u0430\u0435\u043c\u044b\u0435 \u0432\u043f\u0435\u0447\u0430\u0442\u043b\u0435\u043d\u0438\u044f? \u0422\u0430\u0438\u043d\u0441\u0442\u0432\u0435\u043d\u043d\u0430\u044f \u043a\u043e\u0440\u043e\u0431\u043a\u0430 \u0441 \u043a\u0440\u0430\u0441\u043d\u044b\u043c\u0438 \u0440\u043e\u0437\u0430\u043c\u0438 - \u0442\u043e, \u0447\u0442\u043e \u0432\u044b \u0438\u0449\u0435\u0442\u0435!","og_url":"https:\/\/www.pristatomegeles.lt\/ru\/produktas\/%d0%ba%d0%be%d1%80%d0%be%d0%b1%d0%ba%d0%b0-%d0%ba%d1%80%d0%b0%d1%81%d0%bd%d1%8b%d1%85-%d1%80%d0%be%d0%b7-%d1%84%d0%b0%d0%bd%d1%82%d0%b0%d0%b7%d0%b8%d1%8f\/","og_site_name":"Pristatomegeles.lt","article_modified_time":"2025-03-03T09:27:12+00:00","og_image":[{"width":1000,"height":1000,"url":"https:\/\/www.pristatomegeles.lt\/wp-content\/uploads\/2021\/03\/raudonos-rozes-dezuteje-fantazija-scaled.jpg","type":"image\/jpeg"}],"twitter_card":"summary_large_image","twitter_misc":{"\u041f\u0440\u0438\u043c\u0435\u0440\u043d\u043e\u0435 \u0432\u0440\u0435\u043c\u044f \u0434\u043b\u044f \u0447\u0442\u0435\u043d\u0438\u044f":"1 \u043c\u0438\u043d\u0443\u0442\u0430"},"schema":{"@context":"https:\/\/schema.org","@graph":[{"@type":"WebPage","@id":"https:\/\/www.pristatomegeles.lt\/ru\/produktas\/%d0%ba%d0%be%d1%80%d0%be%d0%b1%d0%ba%d0%b0-%d0%ba%d1%80%d0%b0%d1%81%d0%bd%d1%8b%d1%85-%d1%80%d0%be%d0%b7-%d1%84%d0%b0%d0%bd%d1%82%d0%b0%d0%b7%d0%b8%d1%8f\/","url":"https:\/\/www.pristatomegeles.lt\/ru\/produktas\/%d0%ba%d0%be%d1%80%d0%be%d0%b1%d0%ba%d0%b0-%d0%ba%d1%80%d0%b0%d1%81%d0%bd%d1%8b%d1%85-%d1%80%d0%be%d0%b7-%d1%84%d0%b0%d0%bd%d1%82%d0%b0%d0%b7%d0%b8%d1%8f\/","name":"\u041a\u043e\u0440\u043e\u0431\u043a\u0430 \u043a\u0440\u0430\u0441\u043d\u044b\u0445 \u0440\u043e\u0437 \"\u0424\u0430\u043d\u0442\u0430\u0437\u0438\u044f\" | \u0414\u043e\u0441\u0442\u0430\u0432\u043a\u0430 \u0446\u0432\u0435\u0442\u043e\u0447\u043d\u044b\u0445 \u044f\u0449\u0438\u043a\u043e\u0432 \u043f\u043e \u0412\u0438\u043b\u044c\u043d\u044e\u0441\u0443","isPartOf":{"@id":"https:\/\/www.pristatomegeles.lt\/ru\/#website"},"primaryImageOfPage":{"@id":"https:\/\/www.pristatomegeles.lt\/ru\/produktas\/%d0%ba%d0%be%d1%80%d0%be%d0%b1%d0%ba%d0%b0-%d0%ba%d1%80%d0%b0%d1%81%d0%bd%d1%8b%d1%85-%d1%80%d0%be%d0%b7-%d1%84%d0%b0%d0%bd%d1%82%d0%b0%d0%b7%d0%b8%d1%8f\/#primaryimage"},"image":{"@id":"https:\/\/www.pristatomegeles.lt\/ru\/produktas\/%d0%ba%d0%be%d1%80%d0%be%d0%b1%d0%ba%d0%b0-%d0%ba%d1%80%d0%b0%d1%81%d0%bd%d1%8b%d1%85-%d1%80%d0%be%d0%b7-%d1%84%d0%b0%d0%bd%d1%82%d0%b0%d0%b7%d0%b8%d1%8f\/#primaryimage"},"thumbnailUrl":"https:\/\/www.pristatomegeles.lt\/wp-content\/uploads\/2021\/03\/raudonos-rozes-dezuteje-fantazija-scaled.jpg","datePublished":"2022-04-12T12:50:06+00:00","dateModified":"2025-03-03T09:27:12+00:00","description":"\u0425\u043e\u0442\u0438\u0442\u0435 \u0443\u0434\u0438\u0432\u0438\u0442\u044c \u0438 \u043e\u0441\u0442\u0430\u0432\u0438\u0442\u044c \u043d\u0435\u0437\u0430\u0431\u044b\u0432\u0430\u0435\u043c\u044b\u0435 \u0432\u043f\u0435\u0447\u0430\u0442\u043b\u0435\u043d\u0438\u044f? \u0422\u0430\u0438\u043d\u0441\u0442\u0432\u0435\u043d\u043d\u0430\u044f \u043a\u043e\u0440\u043e\u0431\u043a\u0430 \u0441 \u043a\u0440\u0430\u0441\u043d\u044b\u043c\u0438 \u0440\u043e\u0437\u0430\u043c\u0438 - \u0442\u043e, \u0447\u0442\u043e \u0432\u044b \u0438\u0449\u0435\u0442\u0435!","breadcrumb":{"@id":"https:\/\/www.pristatomegeles.lt\/ru\/produktas\/%d0%ba%d0%be%d1%80%d0%be%d0%b1%d0%ba%d0%b0-%d0%ba%d1%80%d0%b0%d1%81%d0%bd%d1%8b%d1%85-%d1%80%d0%be%d0%b7-%d1%84%d0%b0%d0%bd%d1%82%d0%b0%d0%b7%d0%b8%d1%8f\/#breadcrumb"},"inLanguage":"ru-RU","potentialAction":[{"@type":"ReadAction","target":["https:\/\/www.pristatomegeles.lt\/ru\/produktas\/%d0%ba%d0%be%d1%80%d0%be%d0%b1%d0%ba%d0%b0-%d0%ba%d1%80%d0%b0%d1%81%d0%bd%d1%8b%d1%85-%d1%80%d0%be%d0%b7-%d1%84%d0%b0%d0%bd%d1%82%d0%b0%d0%b7%d0%b8%d1%8f\/"]}]},{"@type":"ImageObject","inLanguage":"ru-RU","@id":"https:\/\/www.pristatomegeles.lt\/ru\/produktas\/%d0%ba%d0%be%d1%80%d0%be%d0%b1%d0%ba%d0%b0-%d0%ba%d1%80%d0%b0%d1%81%d0%bd%d1%8b%d1%85-%d1%80%d0%be%d0%b7-%d1%84%d0%b0%d0%bd%d1%82%d0%b0%d0%b7%d0%b8%d1%8f\/#primaryimage","url":"https:\/\/www.pristatomegeles.lt\/wp-content\/uploads\/2021\/03\/raudonos-rozes-dezuteje-fantazija-scaled.jpg","contentUrl":"https:\/\/www.pristatomegeles.lt\/wp-content\/uploads\/2021\/03\/raudonos-rozes-dezuteje-fantazija-scaled.jpg","width":1000,"height":1000,"caption":"Raudon\u0173 ro\u017ei\u0173 d\u0117\u017eut\u0117 gimtadienio g\u0117l\u0117s"},{"@type":"BreadcrumbList","@id":"https:\/\/www.pristatomegeles.lt\/ru\/produktas\/%d0%ba%d0%be%d1%80%d0%be%d0%b1%d0%ba%d0%b0-%d0%ba%d1%80%d0%b0%d1%81%d0%bd%d1%8b%d1%85-%d1%80%d0%be%d0%b7-%d1%84%d0%b0%d0%bd%d1%82%d0%b0%d0%b7%d0%b8%d1%8f\/#breadcrumb","itemListElement":[{"@type":"ListItem","position":1,"name":"Home","item":"https:\/\/www.pristatomegeles.lt\/ru\/pagrindinisru\/"},{"@type":"ListItem","position":2,"name":"\u0426\u0432\u0435\u0442\u044b","item":"https:\/\/www.pristatomegeles.lt\/ru\/%d1%86%d0%b2%d0%b5%d1%82%d1%8b\/"},{"@type":"ListItem","position":3,"name":"\u041a\u043e\u0440\u043e\u0431\u043a\u0430 \u043a\u0440\u0430\u0441\u043d\u044b\u0445 \u0440\u043e\u0437 &#8220;\u0424\u0430\u043d\u0442\u0430\u0437\u0438\u044f&#8221;"}]},{"@type":"WebSite","@id":"https:\/\/www.pristatomegeles.lt\/ru\/#website","url":"https:\/\/www.pristatomegeles.lt\/ru\/","name":"Pristatomegeles.lt","description":"","potentialAction":[{"@type":"SearchAction","target":{"@type":"EntryPoint","urlTemplate":"https:\/\/www.pristatomegeles.lt\/ru\/?s={search_term_string}"},"query-input":{"@type":"PropertyValueSpecification","valueRequired":true,"valueName":"search_term_string"}}],"inLanguage":"ru-RU"}]}},"_links":{"self":[{"href":"https:\/\/www.pristatomegeles.lt\/ru\/wp-json\/wp\/v2\/product\/8254","targetHints":{"allow":["GET"]}}],"collection":[{"href":"https:\/\/www.pristatomegeles.lt\/ru\/wp-json\/wp\/v2\/product"}],"about":[{"href":"https:\/\/www.pristatomegeles.lt\/ru\/wp-json\/wp\/v2\/types\/product"}],"wp:featuredmedia":[{"embeddable":true,"href":"https:\/\/www.pristatomegeles.lt\/ru\/wp-json\/wp\/v2\/media\/14177"}],"wp:attachment":[{"href":"https:\/\/www.pristatomegeles.lt\/ru\/wp-json\/wp\/v2\/media?parent=8254"}],"wp:term":[{"taxonomy":"product_brand","embeddable":true,"href":"https:\/\/www.pristatomegeles.lt\/ru\/wp-json\/wp\/v2\/product_brand?post=8254"},{"taxonomy":"product_cat","embeddable":true,"href":"https:\/\/www.pristatomegeles.lt\/ru\/wp-json\/wp\/v2\/product_cat?post=8254"},{"taxonomy":"product_tag","embeddable":true,"href":"https:\/\/www.pristatomegeles.lt\/ru\/wp-json\/wp\/v2\/product_tag?post=8254"}],"curies":[{"name":"wp","href":"https:\/\/api.w.org\/{rel}","templated":true}]}}