{"id":8327,"date":"2023-07-19T15:05:32","date_gmt":"2023-07-20T14:37:54","guid":{"rendered":"http:\/\/www.pristatomegeles.lt\/?post_type=product&#038;p=8327"},"modified":"2023-07-23T09:29:54","modified_gmt":"2023-07-23T07:29:54","slug":"%d0%b1%d1%83%d0%ba%d0%b5%d1%82-%d0%ba%d1%80%d0%b0%d1%81%d0%bd%d1%8b%d1%85-%d1%80%d0%be%d0%b7-%d0%b8%d0%b7%d1%8e%d0%bc%d0%b8%d0%bd%d0%ba%d0%b0","status":"publish","type":"product","link":"https:\/\/www.pristatomegeles.lt\/ru\/produktas\/%d0%b1%d1%83%d0%ba%d0%b5%d1%82-%d0%ba%d1%80%d0%b0%d1%81%d0%bd%d1%8b%d1%85-%d1%80%d0%be%d0%b7-%d0%b8%d0%b7%d1%8e%d0%bc%d0%b8%d0%bd%d0%ba%d0%b0\/","title":{"rendered":"\u0411\u0443\u043a\u0435\u0442 \u043a\u0440\u0430\u0441\u043d\u044b\u0445 \u0440\u043e\u0437 &#171;\u0418\u0437\u044e\u043c\u0438\u043d\u043a\u0430&#187;"},"content":{"rendered":"","protected":false},"excerpt":{"rendered":"<p>\u042d\u0442\u043e\u0442 \u044d\u043a\u0441\u043a\u043b\u044e\u0437\u0438\u0432\u043d\u044b\u0439 \u0431\u0443\u043a\u0435\u0442 \u043a\u0440\u0430\u0441\u043d\u044b\u0445 \u0440\u043e\u0437 \u0441 \u0447\u0435\u0440\u043d\u044b\u043c\u0438 \u043a\u0440\u0430\u044f\u043c\u0438 \u043e\u0447\u0430\u0440\u0443\u0435\u0442 \u0432\u0441\u0435\u0445. \u042d\u0442\u043e \u043e\u0441\u043e\u0431\u0435\u043d\u043d\u043e \u0445\u043e\u0440\u043e\u0448\u0438\u0439 \u0432\u044b\u0431\u043e\u0440, \u0435\u0441\u043b\u0438 \u0432\u044b \u0445\u043e\u0442\u0438\u0442\u0435 \u043e\u0441\u0442\u0430\u0432\u0430\u0442\u044c\u0441\u044f \u043a\u043b\u0430\u0441\u0441\u0438\u0447\u0435\u0441\u043a\u0438\u043c, \u043d\u043e \u043d\u0435 \u0445\u043e\u0442\u0438\u0442\u0435 \u043f\u0440\u0438 \u044d\u0442\u043e\u043c \u0431\u044b\u0442\u044c \u0431\u0430\u043d\u0430\u043b\u044c\u043d\u044b\u043c. \u0423\u0432\u0435\u0440\u0435\u043d\u044b, \u0431\u0443\u043a\u0435\u0442 \u043f\u043e\u043d\u0440\u0430\u0432\u0438\u0442\u0441\u044f \u0438 \u043c\u0443\u0436\u0447\u0438\u043d\u0430\u043c, \u0438 \u0436\u0435\u043d\u0449\u0438\u043d\u0430\u043c!<\/p>\n","protected":false},"featured_media":17015,"template":"","meta":[],"product_brand":[],"product_cat":[840,855,1473,1475,1477,1482,848,849,1478,1483],"product_tag":[],"class_list":{"0":"post-8327","1":"product","2":"type-product","3":"status-publish","4":"has-post-thumbnail","6":"product_cat-840","7":"product_cat-855","8":"product_cat-1473","9":"product_cat-1475","10":"product_cat-1477","11":"product_cat---14-","12":"product_cat---8-","13":"product_cat-849","14":"product_cat-1478","15":"product_cat-1483","16":"tm-has-options","18":"first","19":"outofstock","20":"taxable","21":"shipping-taxable","22":"purchasable","23":"product-type-variable","24":"has-default-attributes"},"yoast_head":"<!-- This site is optimized with the Yoast SEO plugin v24.3 - https:\/\/yoast.com\/wordpress\/plugins\/seo\/ -->\n<title>\u0411\u0443\u043a\u0435\u0442 \u043a\u0440\u0430\u0441\u043d\u044b\u0445 \u0440\u043e\u0437 &quot;\u0418\u0437\u044e\u043c\u0438\u043d\u043a\u0430&quot; | \u0414\u043e\u0441\u0442\u0430\u0432\u043b\u044f\u0435\u043c \u0446\u0432\u0435\u0442\u044b \u043f\u043e \u0412\u0438\u043b\u044c\u043d\u044e\u0441\u0443.<\/title>\n<meta name=\"description\" content=\"\u0423\u0434\u0438\u0432\u0438\u0442\u0435 \u043b\u044e\u0431\u0438\u043c\u043e\u0433\u043e \u0447\u0435\u043b\u043e\u0432\u0435\u043a\u0430 \u044d\u0442\u0438\u043c \u044d\u043a\u0441\u043a\u043b\u044e\u0437\u0438\u0432\u043d\u044b\u043c \u0431\u0443\u043a\u0435\u0442\u043e\u043c \u0440\u043e\u0437, \u043a\u043e\u0442\u043e\u0440\u044b\u0439 \u043d\u0438\u043a\u043e\u0433\u043e \u043d\u0435 \u043e\u0441\u0442\u0430\u0432\u0438\u0442 \u0440\u0430\u0432\u043d\u043e\u0434\u0443\u0448\u043d\u044b\u043c. \u041f\u043e\u043a\u0443\u043f\u0430\u0439\u0442\u0435 \u0438 \u043e\u0441\u0442\u0430\u0432\u043b\u044f\u0439\u0442\u0435 \u0431\u043b\u0438\u0437\u043a\u0438\u0445 \u0431\u0435\u0437 \u0441\u043b\u043e\u0432!\" \/>\n<meta name=\"robots\" content=\"index, follow, max-snippet:-1, max-image-preview:large, max-video-preview:-1\" \/>\n<link rel=\"canonical\" href=\"https:\/\/www.pristatomegeles.lt\/ru\/produktas\/%d0%b1%d1%83%d0%ba%d0%b5%d1%82-%d0%ba%d1%80%d0%b0%d1%81%d0%bd%d1%8b%d1%85-%d1%80%d0%be%d0%b7-%d0%b8%d0%b7%d1%8e%d0%bc%d0%b8%d0%bd%d0%ba%d0%b0\/\" \/>\n<meta property=\"og:locale\" content=\"ru_RU\" \/>\n<meta property=\"og:type\" content=\"article\" \/>\n<meta property=\"og:title\" content=\"\u0411\u0443\u043a\u0435\u0442 \u043a\u0440\u0430\u0441\u043d\u044b\u0445 \u0440\u043e\u0437 &quot;\u0418\u0437\u044e\u043c\u0438\u043d\u043a\u0430&quot; | \u0414\u043e\u0441\u0442\u0430\u0432\u043b\u044f\u0435\u043c \u0446\u0432\u0435\u0442\u044b \u043f\u043e \u0412\u0438\u043b\u044c\u043d\u044e\u0441\u0443.\" \/>\n<meta property=\"og:description\" content=\"\u0423\u0434\u0438\u0432\u0438\u0442\u0435 \u043b\u044e\u0431\u0438\u043c\u043e\u0433\u043e \u0447\u0435\u043b\u043e\u0432\u0435\u043a\u0430 \u044d\u0442\u0438\u043c \u044d\u043a\u0441\u043a\u043b\u044e\u0437\u0438\u0432\u043d\u044b\u043c \u0431\u0443\u043a\u0435\u0442\u043e\u043c \u0440\u043e\u0437, \u043a\u043e\u0442\u043e\u0440\u044b\u0439 \u043d\u0438\u043a\u043e\u0433\u043e \u043d\u0435 \u043e\u0441\u0442\u0430\u0432\u0438\u0442 \u0440\u0430\u0432\u043d\u043e\u0434\u0443\u0448\u043d\u044b\u043c. \u041f\u043e\u043a\u0443\u043f\u0430\u0439\u0442\u0435 \u0438 \u043e\u0441\u0442\u0430\u0432\u043b\u044f\u0439\u0442\u0435 \u0431\u043b\u0438\u0437\u043a\u0438\u0445 \u0431\u0435\u0437 \u0441\u043b\u043e\u0432!\" \/>\n<meta property=\"og:url\" content=\"https:\/\/www.pristatomegeles.lt\/ru\/produktas\/%d0%b1%d1%83%d0%ba%d0%b5%d1%82-%d0%ba%d1%80%d0%b0%d1%81%d0%bd%d1%8b%d1%85-%d1%80%d0%be%d0%b7-%d0%b8%d0%b7%d1%8e%d0%bc%d0%b8%d0%bd%d0%ba%d0%b0\/\" \/>\n<meta property=\"og:site_name\" content=\"Pristatomegeles.lt\" \/>\n<meta property=\"article:modified_time\" content=\"2023-07-23T07:29:54+00:00\" \/>\n<meta property=\"og:image\" content=\"https:\/\/www.pristatomegeles.lt\/wp-content\/uploads\/2021\/08\/raudonos-rozes-su-juodais-krasteliais-gimtadienio-proga.jpg\" \/>\n\t<meta property=\"og:image:width\" content=\"1200\" \/>\n\t<meta property=\"og:image:height\" content=\"1200\" \/>\n\t<meta property=\"og:image:type\" content=\"image\/jpeg\" \/>\n<meta name=\"twitter:card\" content=\"summary_large_image\" \/>\n<script type=\"application\/ld+json\" class=\"yoast-schema-graph\">{\"@context\":\"https:\/\/schema.org\",\"@graph\":[{\"@type\":\"WebPage\",\"@id\":\"https:\/\/www.pristatomegeles.lt\/ru\/produktas\/%d0%b1%d1%83%d0%ba%d0%b5%d1%82-%d0%ba%d1%80%d0%b0%d1%81%d0%bd%d1%8b%d1%85-%d1%80%d0%be%d0%b7-%d0%b8%d0%b7%d1%8e%d0%bc%d0%b8%d0%bd%d0%ba%d0%b0\/\",\"url\":\"https:\/\/www.pristatomegeles.lt\/ru\/produktas\/%d0%b1%d1%83%d0%ba%d0%b5%d1%82-%d0%ba%d1%80%d0%b0%d1%81%d0%bd%d1%8b%d1%85-%d1%80%d0%be%d0%b7-%d0%b8%d0%b7%d1%8e%d0%bc%d0%b8%d0%bd%d0%ba%d0%b0\/\",\"name\":\"\u0411\u0443\u043a\u0435\u0442 \u043a\u0440\u0430\u0441\u043d\u044b\u0445 \u0440\u043e\u0437 \\\"\u0418\u0437\u044e\u043c\u0438\u043d\u043a\u0430\\\" | \u0414\u043e\u0441\u0442\u0430\u0432\u043b\u044f\u0435\u043c \u0446\u0432\u0435\u0442\u044b \u043f\u043e \u0412\u0438\u043b\u044c\u043d\u044e\u0441\u0443.\",\"isPartOf\":{\"@id\":\"https:\/\/www.pristatomegeles.lt\/ru\/#website\"},\"primaryImageOfPage\":{\"@id\":\"https:\/\/www.pristatomegeles.lt\/ru\/produktas\/%d0%b1%d1%83%d0%ba%d0%b5%d1%82-%d0%ba%d1%80%d0%b0%d1%81%d0%bd%d1%8b%d1%85-%d1%80%d0%be%d0%b7-%d0%b8%d0%b7%d1%8e%d0%bc%d0%b8%d0%bd%d0%ba%d0%b0\/#primaryimage\"},\"image\":{\"@id\":\"https:\/\/www.pristatomegeles.lt\/ru\/produktas\/%d0%b1%d1%83%d0%ba%d0%b5%d1%82-%d0%ba%d1%80%d0%b0%d1%81%d0%bd%d1%8b%d1%85-%d1%80%d0%be%d0%b7-%d0%b8%d0%b7%d1%8e%d0%bc%d0%b8%d0%bd%d0%ba%d0%b0\/#primaryimage\"},\"thumbnailUrl\":\"https:\/\/www.pristatomegeles.lt\/wp-content\/uploads\/2021\/08\/raudonos-rozes-su-juodais-krasteliais-gimtadienio-proga.jpg\",\"datePublished\":\"2023-07-20T14:37:54+00:00\",\"dateModified\":\"2023-07-23T07:29:54+00:00\",\"description\":\"\u0423\u0434\u0438\u0432\u0438\u0442\u0435 \u043b\u044e\u0431\u0438\u043c\u043e\u0433\u043e \u0447\u0435\u043b\u043e\u0432\u0435\u043a\u0430 \u044d\u0442\u0438\u043c \u044d\u043a\u0441\u043a\u043b\u044e\u0437\u0438\u0432\u043d\u044b\u043c \u0431\u0443\u043a\u0435\u0442\u043e\u043c \u0440\u043e\u0437, \u043a\u043e\u0442\u043e\u0440\u044b\u0439 \u043d\u0438\u043a\u043e\u0433\u043e \u043d\u0435 \u043e\u0441\u0442\u0430\u0432\u0438\u0442 \u0440\u0430\u0432\u043d\u043e\u0434\u0443\u0448\u043d\u044b\u043c. \u041f\u043e\u043a\u0443\u043f\u0430\u0439\u0442\u0435 \u0438 \u043e\u0441\u0442\u0430\u0432\u043b\u044f\u0439\u0442\u0435 \u0431\u043b\u0438\u0437\u043a\u0438\u0445 \u0431\u0435\u0437 \u0441\u043b\u043e\u0432!\",\"breadcrumb\":{\"@id\":\"https:\/\/www.pristatomegeles.lt\/ru\/produktas\/%d0%b1%d1%83%d0%ba%d0%b5%d1%82-%d0%ba%d1%80%d0%b0%d1%81%d0%bd%d1%8b%d1%85-%d1%80%d0%be%d0%b7-%d0%b8%d0%b7%d1%8e%d0%bc%d0%b8%d0%bd%d0%ba%d0%b0\/#breadcrumb\"},\"inLanguage\":\"ru-RU\",\"potentialAction\":[{\"@type\":\"ReadAction\",\"target\":[\"https:\/\/www.pristatomegeles.lt\/ru\/produktas\/%d0%b1%d1%83%d0%ba%d0%b5%d1%82-%d0%ba%d1%80%d0%b0%d1%81%d0%bd%d1%8b%d1%85-%d1%80%d0%be%d0%b7-%d0%b8%d0%b7%d1%8e%d0%bc%d0%b8%d0%bd%d0%ba%d0%b0\/\"]}]},{\"@type\":\"ImageObject\",\"inLanguage\":\"ru-RU\",\"@id\":\"https:\/\/www.pristatomegeles.lt\/ru\/produktas\/%d0%b1%d1%83%d0%ba%d0%b5%d1%82-%d0%ba%d1%80%d0%b0%d1%81%d0%bd%d1%8b%d1%85-%d1%80%d0%be%d0%b7-%d0%b8%d0%b7%d1%8e%d0%bc%d0%b8%d0%bd%d0%ba%d0%b0\/#primaryimage\",\"url\":\"https:\/\/www.pristatomegeles.lt\/wp-content\/uploads\/2021\/08\/raudonos-rozes-su-juodais-krasteliais-gimtadienio-proga.jpg\",\"contentUrl\":\"https:\/\/www.pristatomegeles.lt\/wp-content\/uploads\/2021\/08\/raudonos-rozes-su-juodais-krasteliais-gimtadienio-proga.jpg\",\"width\":1000,\"height\":1000,\"caption\":\"I\u0161skirtin\u0117s raudonos ro\u017e\u0117s su juodais kra\u0161teliais jubiliejaus proga\"},{\"@type\":\"BreadcrumbList\",\"@id\":\"https:\/\/www.pristatomegeles.lt\/ru\/produktas\/%d0%b1%d1%83%d0%ba%d0%b5%d1%82-%d0%ba%d1%80%d0%b0%d1%81%d0%bd%d1%8b%d1%85-%d1%80%d0%be%d0%b7-%d0%b8%d0%b7%d1%8e%d0%bc%d0%b8%d0%bd%d0%ba%d0%b0\/#breadcrumb\",\"itemListElement\":[{\"@type\":\"ListItem\",\"position\":1,\"name\":\"Home\",\"item\":\"https:\/\/www.pristatomegeles.lt\/ru\/pagrindinisru\/\"},{\"@type\":\"ListItem\",\"position\":2,\"name\":\"\u0426\u0432\u0435\u0442\u044b\",\"item\":\"https:\/\/www.pristatomegeles.lt\/ru\/%d1%86%d0%b2%d0%b5%d1%82%d1%8b\/\"},{\"@type\":\"ListItem\",\"position\":3,\"name\":\"\u0411\u0443\u043a\u0435\u0442 \u043a\u0440\u0430\u0441\u043d\u044b\u0445 \u0440\u043e\u0437 &#171;\u0418\u0437\u044e\u043c\u0438\u043d\u043a\u0430&#187;\"}]},{\"@type\":\"WebSite\",\"@id\":\"https:\/\/www.pristatomegeles.lt\/ru\/#website\",\"url\":\"https:\/\/www.pristatomegeles.lt\/ru\/\",\"name\":\"Pristatomegeles.lt\",\"description\":\"\",\"potentialAction\":[{\"@type\":\"SearchAction\",\"target\":{\"@type\":\"EntryPoint\",\"urlTemplate\":\"https:\/\/www.pristatomegeles.lt\/ru\/?s={search_term_string}\"},\"query-input\":{\"@type\":\"PropertyValueSpecification\",\"valueRequired\":true,\"valueName\":\"search_term_string\"}}],\"inLanguage\":\"ru-RU\"}]}<\/script>\n<!-- \/ Yoast SEO plugin. -->","yoast_head_json":{"title":"\u0411\u0443\u043a\u0435\u0442 \u043a\u0440\u0430\u0441\u043d\u044b\u0445 \u0440\u043e\u0437 \"\u0418\u0437\u044e\u043c\u0438\u043d\u043a\u0430\" | \u0414\u043e\u0441\u0442\u0430\u0432\u043b\u044f\u0435\u043c \u0446\u0432\u0435\u0442\u044b \u043f\u043e \u0412\u0438\u043b\u044c\u043d\u044e\u0441\u0443.","description":"\u0423\u0434\u0438\u0432\u0438\u0442\u0435 \u043b\u044e\u0431\u0438\u043c\u043e\u0433\u043e \u0447\u0435\u043b\u043e\u0432\u0435\u043a\u0430 \u044d\u0442\u0438\u043c \u044d\u043a\u0441\u043a\u043b\u044e\u0437\u0438\u0432\u043d\u044b\u043c \u0431\u0443\u043a\u0435\u0442\u043e\u043c \u0440\u043e\u0437, \u043a\u043e\u0442\u043e\u0440\u044b\u0439 \u043d\u0438\u043a\u043e\u0433\u043e \u043d\u0435 \u043e\u0441\u0442\u0430\u0432\u0438\u0442 \u0440\u0430\u0432\u043d\u043e\u0434\u0443\u0448\u043d\u044b\u043c. \u041f\u043e\u043a\u0443\u043f\u0430\u0439\u0442\u0435 \u0438 \u043e\u0441\u0442\u0430\u0432\u043b\u044f\u0439\u0442\u0435 \u0431\u043b\u0438\u0437\u043a\u0438\u0445 \u0431\u0435\u0437 \u0441\u043b\u043e\u0432!","robots":{"index":"index","follow":"follow","max-snippet":"max-snippet:-1","max-image-preview":"max-image-preview:large","max-video-preview":"max-video-preview:-1"},"canonical":"https:\/\/www.pristatomegeles.lt\/ru\/produktas\/%d0%b1%d1%83%d0%ba%d0%b5%d1%82-%d0%ba%d1%80%d0%b0%d1%81%d0%bd%d1%8b%d1%85-%d1%80%d0%be%d0%b7-%d0%b8%d0%b7%d1%8e%d0%bc%d0%b8%d0%bd%d0%ba%d0%b0\/","og_locale":"ru_RU","og_type":"article","og_title":"\u0411\u0443\u043a\u0435\u0442 \u043a\u0440\u0430\u0441\u043d\u044b\u0445 \u0440\u043e\u0437 \"\u0418\u0437\u044e\u043c\u0438\u043d\u043a\u0430\" | \u0414\u043e\u0441\u0442\u0430\u0432\u043b\u044f\u0435\u043c \u0446\u0432\u0435\u0442\u044b \u043f\u043e \u0412\u0438\u043b\u044c\u043d\u044e\u0441\u0443.","og_description":"\u0423\u0434\u0438\u0432\u0438\u0442\u0435 \u043b\u044e\u0431\u0438\u043c\u043e\u0433\u043e \u0447\u0435\u043b\u043e\u0432\u0435\u043a\u0430 \u044d\u0442\u0438\u043c \u044d\u043a\u0441\u043a\u043b\u044e\u0437\u0438\u0432\u043d\u044b\u043c \u0431\u0443\u043a\u0435\u0442\u043e\u043c \u0440\u043e\u0437, \u043a\u043e\u0442\u043e\u0440\u044b\u0439 \u043d\u0438\u043a\u043e\u0433\u043e \u043d\u0435 \u043e\u0441\u0442\u0430\u0432\u0438\u0442 \u0440\u0430\u0432\u043d\u043e\u0434\u0443\u0448\u043d\u044b\u043c. \u041f\u043e\u043a\u0443\u043f\u0430\u0439\u0442\u0435 \u0438 \u043e\u0441\u0442\u0430\u0432\u043b\u044f\u0439\u0442\u0435 \u0431\u043b\u0438\u0437\u043a\u0438\u0445 \u0431\u0435\u0437 \u0441\u043b\u043e\u0432!","og_url":"https:\/\/www.pristatomegeles.lt\/ru\/produktas\/%d0%b1%d1%83%d0%ba%d0%b5%d1%82-%d0%ba%d1%80%d0%b0%d1%81%d0%bd%d1%8b%d1%85-%d1%80%d0%be%d0%b7-%d0%b8%d0%b7%d1%8e%d0%bc%d0%b8%d0%bd%d0%ba%d0%b0\/","og_site_name":"Pristatomegeles.lt","article_modified_time":"2023-07-23T07:29:54+00:00","og_image":[{"width":1200,"height":1200,"url":"https:\/\/www.pristatomegeles.lt\/wp-content\/uploads\/2021\/08\/raudonos-rozes-su-juodais-krasteliais-gimtadienio-proga.jpg","type":"image\/jpeg"}],"twitter_card":"summary_large_image","schema":{"@context":"https:\/\/schema.org","@graph":[{"@type":"WebPage","@id":"https:\/\/www.pristatomegeles.lt\/ru\/produktas\/%d0%b1%d1%83%d0%ba%d0%b5%d1%82-%d0%ba%d1%80%d0%b0%d1%81%d0%bd%d1%8b%d1%85-%d1%80%d0%be%d0%b7-%d0%b8%d0%b7%d1%8e%d0%bc%d0%b8%d0%bd%d0%ba%d0%b0\/","url":"https:\/\/www.pristatomegeles.lt\/ru\/produktas\/%d0%b1%d1%83%d0%ba%d0%b5%d1%82-%d0%ba%d1%80%d0%b0%d1%81%d0%bd%d1%8b%d1%85-%d1%80%d0%be%d0%b7-%d0%b8%d0%b7%d1%8e%d0%bc%d0%b8%d0%bd%d0%ba%d0%b0\/","name":"\u0411\u0443\u043a\u0435\u0442 \u043a\u0440\u0430\u0441\u043d\u044b\u0445 \u0440\u043e\u0437 \"\u0418\u0437\u044e\u043c\u0438\u043d\u043a\u0430\" | \u0414\u043e\u0441\u0442\u0430\u0432\u043b\u044f\u0435\u043c \u0446\u0432\u0435\u0442\u044b \u043f\u043e \u0412\u0438\u043b\u044c\u043d\u044e\u0441\u0443.","isPartOf":{"@id":"https:\/\/www.pristatomegeles.lt\/ru\/#website"},"primaryImageOfPage":{"@id":"https:\/\/www.pristatomegeles.lt\/ru\/produktas\/%d0%b1%d1%83%d0%ba%d0%b5%d1%82-%d0%ba%d1%80%d0%b0%d1%81%d0%bd%d1%8b%d1%85-%d1%80%d0%be%d0%b7-%d0%b8%d0%b7%d1%8e%d0%bc%d0%b8%d0%bd%d0%ba%d0%b0\/#primaryimage"},"image":{"@id":"https:\/\/www.pristatomegeles.lt\/ru\/produktas\/%d0%b1%d1%83%d0%ba%d0%b5%d1%82-%d0%ba%d1%80%d0%b0%d1%81%d0%bd%d1%8b%d1%85-%d1%80%d0%be%d0%b7-%d0%b8%d0%b7%d1%8e%d0%bc%d0%b8%d0%bd%d0%ba%d0%b0\/#primaryimage"},"thumbnailUrl":"https:\/\/www.pristatomegeles.lt\/wp-content\/uploads\/2021\/08\/raudonos-rozes-su-juodais-krasteliais-gimtadienio-proga.jpg","datePublished":"2023-07-20T14:37:54+00:00","dateModified":"2023-07-23T07:29:54+00:00","description":"\u0423\u0434\u0438\u0432\u0438\u0442\u0435 \u043b\u044e\u0431\u0438\u043c\u043e\u0433\u043e \u0447\u0435\u043b\u043e\u0432\u0435\u043a\u0430 \u044d\u0442\u0438\u043c \u044d\u043a\u0441\u043a\u043b\u044e\u0437\u0438\u0432\u043d\u044b\u043c \u0431\u0443\u043a\u0435\u0442\u043e\u043c \u0440\u043e\u0437, \u043a\u043e\u0442\u043e\u0440\u044b\u0439 \u043d\u0438\u043a\u043e\u0433\u043e \u043d\u0435 \u043e\u0441\u0442\u0430\u0432\u0438\u0442 \u0440\u0430\u0432\u043d\u043e\u0434\u0443\u0448\u043d\u044b\u043c. \u041f\u043e\u043a\u0443\u043f\u0430\u0439\u0442\u0435 \u0438 \u043e\u0441\u0442\u0430\u0432\u043b\u044f\u0439\u0442\u0435 \u0431\u043b\u0438\u0437\u043a\u0438\u0445 \u0431\u0435\u0437 \u0441\u043b\u043e\u0432!","breadcrumb":{"@id":"https:\/\/www.pristatomegeles.lt\/ru\/produktas\/%d0%b1%d1%83%d0%ba%d0%b5%d1%82-%d0%ba%d1%80%d0%b0%d1%81%d0%bd%d1%8b%d1%85-%d1%80%d0%be%d0%b7-%d0%b8%d0%b7%d1%8e%d0%bc%d0%b8%d0%bd%d0%ba%d0%b0\/#breadcrumb"},"inLanguage":"ru-RU","potentialAction":[{"@type":"ReadAction","target":["https:\/\/www.pristatomegeles.lt\/ru\/produktas\/%d0%b1%d1%83%d0%ba%d0%b5%d1%82-%d0%ba%d1%80%d0%b0%d1%81%d0%bd%d1%8b%d1%85-%d1%80%d0%be%d0%b7-%d0%b8%d0%b7%d1%8e%d0%bc%d0%b8%d0%bd%d0%ba%d0%b0\/"]}]},{"@type":"ImageObject","inLanguage":"ru-RU","@id":"https:\/\/www.pristatomegeles.lt\/ru\/produktas\/%d0%b1%d1%83%d0%ba%d0%b5%d1%82-%d0%ba%d1%80%d0%b0%d1%81%d0%bd%d1%8b%d1%85-%d1%80%d0%be%d0%b7-%d0%b8%d0%b7%d1%8e%d0%bc%d0%b8%d0%bd%d0%ba%d0%b0\/#primaryimage","url":"https:\/\/www.pristatomegeles.lt\/wp-content\/uploads\/2021\/08\/raudonos-rozes-su-juodais-krasteliais-gimtadienio-proga.jpg","contentUrl":"https:\/\/www.pristatomegeles.lt\/wp-content\/uploads\/2021\/08\/raudonos-rozes-su-juodais-krasteliais-gimtadienio-proga.jpg","width":1000,"height":1000,"caption":"I\u0161skirtin\u0117s raudonos ro\u017e\u0117s su juodais kra\u0161teliais jubiliejaus proga"},{"@type":"BreadcrumbList","@id":"https:\/\/www.pristatomegeles.lt\/ru\/produktas\/%d0%b1%d1%83%d0%ba%d0%b5%d1%82-%d0%ba%d1%80%d0%b0%d1%81%d0%bd%d1%8b%d1%85-%d1%80%d0%be%d0%b7-%d0%b8%d0%b7%d1%8e%d0%bc%d0%b8%d0%bd%d0%ba%d0%b0\/#breadcrumb","itemListElement":[{"@type":"ListItem","position":1,"name":"Home","item":"https:\/\/www.pristatomegeles.lt\/ru\/pagrindinisru\/"},{"@type":"ListItem","position":2,"name":"\u0426\u0432\u0435\u0442\u044b","item":"https:\/\/www.pristatomegeles.lt\/ru\/%d1%86%d0%b2%d0%b5%d1%82%d1%8b\/"},{"@type":"ListItem","position":3,"name":"\u0411\u0443\u043a\u0435\u0442 \u043a\u0440\u0430\u0441\u043d\u044b\u0445 \u0440\u043e\u0437 &#171;\u0418\u0437\u044e\u043c\u0438\u043d\u043a\u0430&#187;"}]},{"@type":"WebSite","@id":"https:\/\/www.pristatomegeles.lt\/ru\/#website","url":"https:\/\/www.pristatomegeles.lt\/ru\/","name":"Pristatomegeles.lt","description":"","potentialAction":[{"@type":"SearchAction","target":{"@type":"EntryPoint","urlTemplate":"https:\/\/www.pristatomegeles.lt\/ru\/?s={search_term_string}"},"query-input":{"@type":"PropertyValueSpecification","valueRequired":true,"valueName":"search_term_string"}}],"inLanguage":"ru-RU"}]}},"_links":{"self":[{"href":"https:\/\/www.pristatomegeles.lt\/ru\/wp-json\/wp\/v2\/product\/8327","targetHints":{"allow":["GET"]}}],"collection":[{"href":"https:\/\/www.pristatomegeles.lt\/ru\/wp-json\/wp\/v2\/product"}],"about":[{"href":"https:\/\/www.pristatomegeles.lt\/ru\/wp-json\/wp\/v2\/types\/product"}],"wp:featuredmedia":[{"embeddable":true,"href":"https:\/\/www.pristatomegeles.lt\/ru\/wp-json\/wp\/v2\/media\/17015"}],"wp:attachment":[{"href":"https:\/\/www.pristatomegeles.lt\/ru\/wp-json\/wp\/v2\/media?parent=8327"}],"wp:term":[{"taxonomy":"product_brand","embeddable":true,"href":"https:\/\/www.pristatomegeles.lt\/ru\/wp-json\/wp\/v2\/product_brand?post=8327"},{"taxonomy":"product_cat","embeddable":true,"href":"https:\/\/www.pristatomegeles.lt\/ru\/wp-json\/wp\/v2\/product_cat?post=8327"},{"taxonomy":"product_tag","embeddable":true,"href":"https:\/\/www.pristatomegeles.lt\/ru\/wp-json\/wp\/v2\/product_tag?post=8327"}],"curies":[{"name":"wp","href":"https:\/\/api.w.org\/{rel}","templated":true}]}}