{"id":8552,"date":"2019-04-04T11:14:41","date_gmt":"2019-04-04T08:14:41","guid":{"rendered":"http:\/\/www.pristatomegeles.lt\/produktas\/%d0%b1%d1%83%d0%ba%d0%b5%d1%82-%d0%b3%d0%b2%d0%be%d0%b7%d0%b4%d0%b8%d0%ba-%d0%ba%d1%80%d0%b0%d1%81%d0%be%d1%87%d0%bd%d1%8b%d0%b9\/"},"modified":"2023-03-27T09:46:38","modified_gmt":"2023-03-27T07:46:38","slug":"%d0%b1%d1%83%d0%ba%d0%b5%d1%82-%d0%b3%d0%b2%d0%be%d0%b7%d0%b4%d0%b8%d0%ba-%d0%ba%d1%80%d0%b0%d1%81%d0%be%d1%87%d0%bd%d1%8b%d0%b9","status":"publish","type":"product","link":"https:\/\/www.pristatomegeles.lt\/ru\/produktas\/%d0%b1%d1%83%d0%ba%d0%b5%d1%82-%d0%b3%d0%b2%d0%be%d0%b7%d0%b4%d0%b8%d0%ba-%d0%ba%d1%80%d0%b0%d1%81%d0%be%d1%87%d0%bd%d1%8b%d0%b9\/","title":{"rendered":"\u0411\u0443\u043a\u0435\u0442 \u0433\u0432\u043e\u0437\u0434\u0438\u043a &#171;\u041a\u0440\u0430\u0441\u043e\u0447\u043d\u044b\u0439&#187;"},"content":{"rendered":"<p>\u041f\u0440\u0438\u0431\u043b\u0438\u0436\u0430\u0435\u0442\u0441\u044f \u0434\u0435\u043d\u044c \u0440\u043e\u0436\u0434\u0435\u043d\u0438\u044f \u043b\u044e\u0431\u0438\u043c\u043e\u0433\u043e \u0447\u0435\u043b\u043e\u0432\u0435\u043a\u0430, \u0432\u044b\u043f\u0443\u0441\u043a\u043d\u043e\u0439 \u043f\u0440\u0430\u0437\u0434\u043d\u0438\u043a, \u0430 \u043c\u043e\u0436\u0435\u0442 \u0431\u044b\u0442\u044c, \u0432\u044b \u0445\u043e\u0442\u0438\u0442\u0435 \u0443\u0434\u0438\u0432\u0438\u0442\u044c \u043b\u044e\u0431\u0438\u043c\u043e\u0433\u043e \u043f\u0440\u043e\u0441\u0442\u044b\u043c \u0434\u043d\u0435\u043c? \u041a\u0440\u0430\u0441\u043e\u0447\u043d\u044b\u0439 \u0431\u0443\u043a\u0435\u0442 \u0438\u0437 \u0433\u0432\u043e\u0437\u0434\u0438\u043a \u00ab\u0420\u0430\u0437\u043d\u043e\u0446\u0432\u0435\u0442\u043d\u044b\u0439\u00bb \u0438\u0434\u0435\u0430\u043b\u044c\u043d\u043e \u043f\u043e\u0434\u0445\u043e\u0434\u0438\u0442 \u0434\u043b\u044f \u044d\u0442\u043e\u0433\u043e. \u041e\u043d \u044f\u0440\u043a\u0438\u0439 \u0438 \u0440\u0430\u0437\u043d\u043e\u0446\u0432\u0435\u0442\u043d\u044b\u0439, \u0438\u043d\u0442\u0435\u0440\u0435\u0441\u043d\u044b\u0439 \u0438 \u043f\u043e-\u043d\u0430\u0441\u0442\u043e\u044f\u0449\u0435\u043c\u0443 \u043a\u0440\u0430\u0441\u0438\u0432\u044b\u0439. \u0411\u0443\u043a\u0435\u0442 \u0438\u0437 \u0433\u0432\u043e\u0437\u0434\u0438\u043a \u0441\u043e\u0441\u0442\u043e\u0438\u0442 \u0438\u0437 \u0442\u0440\u0435\u0445 \u0446\u0432\u0435\u0442\u043e\u0432. \u0421\u0430\u043c\u0438 \u0446\u0432\u0435\u0442\u0430 \u0432\u044b\u0431\u0438\u0440\u0430\u044e\u0442\u0441\u044f \u043f\u0440\u0438 \u043e\u0444\u043e\u0440\u043c\u043b\u0435\u043d\u0438\u0438 \u0437\u0430\u043a\u0430\u0437\u0430, \u0442\u0430\u043a \u043a\u0430\u043a \u043e\u043d\u0438 \u0435\u0441\u0442\u044c \u0432 \u043c\u0430\u0433\u0430\u0437\u0438\u043d\u0435 \u043d\u0430 \u0434\u0430\u043d\u043d\u044b\u0439 \u043c\u043e\u043c\u0435\u043d\u0442, \u043d\u043e \u0435\u0441\u043b\u0438 \u0432\u0430\u043c \u043d\u0443\u0436\u043d\u044b \u043e\u043f\u0440\u0435\u0434\u0435\u043b\u0435\u043d\u043d\u044b\u0435 \u0446\u0432\u0435\u0442\u0430, \u043a\u043e\u0442\u043e\u0440\u044b\u0435 \u043c\u043e\u0433\u0443\u0442 \u043f\u043e\u043d\u0440\u0430\u0432\u0438\u0442\u044c\u0441\u044f \u043f\u043e\u043b\u0443\u0447\u0430\u0442\u0435\u043b\u044e, \u0441\u0432\u044f\u0436\u0438\u0442\u0435\u0441\u044c \u0441 \u043d\u0430\u043c\u0438, \u0438 \u043c\u044b \u043f\u043e\u0441\u0442\u0430\u0440\u0430\u0435\u043c\u0441\u044f \u043d\u0430\u0439\u0442\u0438 \u0434\u043b\u044f \u0432\u0430\u0441 \u043d\u0430\u0438\u0431\u043e\u043b\u0435\u0435 \u043e\u043f\u0442\u0438\u043c\u0430\u043b\u044c\u043d\u044b\u0439 \u0432\u0430\u0440\u0438\u0430\u043d\u0442. \u0413\u0432\u043e\u0437\u0434\u0438\u043a\u0438 \u0441\u0432\u044f\u0437\u0430\u043d\u044b \u0432 \u043e\u0434\u043d\u0443 \u043a\u043e\u043c\u043f\u043e\u0437\u0438\u0446\u0438\u044e, \u043a\u043e\u0442\u043e\u0440\u0443\u044e \u043e\u043a\u0440\u0443\u0436\u0430\u0435\u0442 \u043b\u0435\u043d\u0442\u043e\u0447\u043a\u0430 \u0432 \u0442\u043e\u043d \u0446\u0432\u0435\u0442\u043e\u0432, \u0447\u0442\u043e \u043f\u0440\u0438\u0434\u0430\u0435\u0442 \u043e\u0431\u0449\u0435\u043c\u0443 \u043e\u0431\u0440\u0430\u0437\u0443 \u043f\u0440\u0430\u0437\u0434\u043d\u0438\u0447\u043d\u043e\u0441\u0442\u044c. \u00ab\u041a\u0440\u0430\u0441\u043e\u0447\u043d\u044b\u0439\u00bb \u0431\u0443\u043a\u0435\u0442 \u0433\u0432\u043e\u0437\u0434\u0438\u043a \u0441\u0442\u043e\u0438\u0442 \u043f\u043e-\u0440\u0430\u0437\u043d\u043e\u043c\u0443. \u0415\u0433\u043e \u0446\u0435\u043d\u0430 \u0437\u0430\u0432\u0438\u0441\u0438\u0442 \u043e\u0442 \u043a\u043e\u043b\u0438\u0447\u0435\u0441\u0442\u0432\u0430 \u0446\u0432\u0435\u0442\u043e\u0432 \u0432 \u0431\u0443\u043a\u0435\u0442\u0435, \u0438 \u0432\u044b \u043c\u043e\u0436\u0435\u0442\u0435 \u0432\u044b\u0431\u0440\u0430\u0442\u044c \u043a\u043e\u043b\u0438\u0447\u0435\u0441\u0442\u0432\u043e \u043f\u0440\u0438 \u0437\u0430\u043a\u0430\u0437\u0435 \u0431\u0443\u043a\u0435\u0442\u0430. \u041c\u044b \u0434\u0435\u043b\u0430\u0435\u043c \u043a\u0430\u043a \u043c\u0438\u043d\u0438\u043c\u0443\u043c \u0431\u0443\u043a\u0435\u0442 \u0433\u0432\u043e\u0437\u0434\u0438\u043a \u0438\u0437 9 \u0433\u0432\u043e\u0437\u0434\u0438\u043a, \u0438 \u0435\u0441\u043b\u0438 \u0432\u044b \u0445\u043e\u0442\u0438\u0442\u0435 \u044d\u043a\u0441\u043a\u043b\u044e\u0437\u0438\u0432\u043d\u044b\u0439 \u043e\u0431\u0440\u0430\u0437, \u043a\u043e\u0442\u043e\u0440\u044b\u0439 \u0437\u0430\u0441\u0442\u0430\u0432\u0438\u0442 \u0432\u0441\u0435\u0445 \u0441\u0438\u044f\u0442\u044c &#8212; \u0432\u044b\u0431\u0435\u0440\u0438\u0442\u0435 \u0430\u0436 101 \u0431\u0443\u043a\u0435\u0442 \u0433\u0432\u043e\u0437\u0434\u0438\u043a. \u041d\u0430\u0448 \u043a\u0443\u0440\u044c\u0435\u0440 \u0434\u043e\u0441\u0442\u0430\u0432\u043b\u044f\u0435\u0442 \u0446\u0432\u0435\u0442\u044b \u043f\u043e \u0412\u0438\u043b\u044c\u043d\u044e\u0441\u0443 \u0438 \u0431\u043b\u0438\u0436\u0430\u0439\u0448\u0438\u043c \u0440\u0430\u0439\u043e\u043d\u0430\u043c \u044d\u0442\u043e\u0433\u043e \u0433\u043e\u0440\u043e\u0434\u0430, \u043f\u043e\u044d\u0442\u043e\u043c\u0443, \u0435\u0441\u043b\u0438 \u043f\u043e\u043b\u0443\u0447\u0430\u0442\u0435\u043b\u044c \u043f\u0440\u043e\u0436\u0438\u0432\u0430\u0435\u0442 \u0438\u043c\u0435\u043d\u043d\u043e \u0442\u0430\u043c, \u0437\u0430\u043a\u0430\u0436\u0438\u0442\u0435 \u0431\u0443\u043a\u0435\u0442 \u0433\u0432\u043e\u0437\u0434\u0438\u043a \u0438 \u0443\u0434\u0438\u0432\u0438\u0442\u0435 \u043f\u0440\u043e\u044f\u0432\u043b\u0435\u043d\u043d\u044b\u043c \u0432\u043d\u0438\u043c\u0430\u043d\u0438\u0435\u043c.<\/p>\n","protected":false},"excerpt":{"rendered":"<p>\u0411\u0443\u043a\u0435\u0442 \u0433\u0432\u043e\u0437\u0434\u0438\u043a &#8212; \u043e\u0434\u0438\u043d \u0438\u0437 \u0441\u0430\u043c\u044b\u0445 \u044d\u043b\u0435\u0433\u0430\u043d\u0442\u043d\u044b\u0445 \u0438\u0437 \u0432\u0441\u0435\u0445 \u0446\u0432\u0435\u0442\u043e\u0432, \u0441\u043e\u0437\u0434\u0430\u044e\u0449\u0438\u0439 \u043d\u0435\u043f\u043e\u0432\u0442\u043e\u0440\u0438\u043c\u044b\u0439 \u043f\u043e\u0434\u0430\u0440\u043e\u043a \u0434\u043b\u044f \u0431\u043b\u0438\u0437\u043a\u0438\u0445, \u0432\u044b\u0431\u0440\u0430\u0432 \u0438\u0434\u0435\u0430\u043b\u044c\u043d\u044b\u0439 \u0432\u043a\u0443\u0441 \u0438 \u044d\u043b\u0435\u0433\u0430\u043d\u0442\u043d\u043e\u0441\u0442\u044c.<\/p>\n<p><strong>\u0412\u044b\u0431\u0438\u0440\u0430\u0435\u043c \u0442\u0435 \u0446\u0432\u0435\u0442\u0430 \u0433\u0432\u043e\u0437\u0434\u0438\u043a, \u043a\u043e\u0442\u043e\u0440\u044b\u0435 \u0435\u0441\u0442\u044c \u0443 \u043d\u0430\u0441 \u043d\u0430 \u0442\u043e\u0442 \u043c\u043e\u043c\u0435\u043d\u0442. \u041b\u0435\u043d\u0442\u0430 \u043f\u043e\u0434\u043e\u0431\u0440\u0430\u043d\u0430 \u043a \u0446\u0432\u0435\u0442\u0443 \u043a\u043e\u043b\u0435\u0446.<\/strong><\/p>\n","protected":false},"featured_media":8553,"template":"","meta":[],"product_brand":[],"product_cat":[840,939,1473,1475,1477,1474,1476,1479,849,1478,1481],"product_tag":[],"class_list":{"0":"post-8552","1":"product","2":"type-product","3":"status-publish","4":"has-post-thumbnail","6":"product_cat-840","7":"product_cat-939","8":"product_cat-1473","9":"product_cat-1475","10":"product_cat-1477","11":"product_cat-1474","12":"product_cat-1476","13":"product_cat---1-","14":"product_cat-849","15":"product_cat-1478","16":"product_cat-1481","17":"tm-has-options","19":"first","20":"instock","21":"taxable","22":"shipping-taxable","23":"purchasable","24":"product-type-variable","25":"has-default-attributes"},"yoast_head":"<!-- This site is optimized with the Yoast SEO plugin v24.3 - https:\/\/yoast.com\/wordpress\/plugins\/seo\/ -->\n<title>\u0411\u0443\u043a\u0435\u0442 \u0433\u0432\u043e\u0437\u0434\u0438\u043a &quot;\u041a\u0440\u0430\u0441\u043e\u0447\u043d\u044b\u0439&quot; | G\u0117li\u0173 puok\u0161t\u0117 | Pristatome g\u0117les<\/title>\n<meta name=\"description\" content=\"\u042d\u043b\u0435\u0433\u0430\u043d\u0442\u043d\u044b\u0439 \u0442\u0440\u0435\u0445\u0446\u0432\u0435\u0442\u043d\u044b\u0439 \u0431\u0443\u043a\u0435\u0442 \u0438\u0437 \u0433\u0432\u043e\u0437\u0434\u0438\u043a \u0432\u043d\u0435 \u0437\u0430\u0432\u0438\u0441\u0438\u043c\u043e\u0441\u0442\u0438 \u043e\u0442 \u043d\u0430\u0441\u0442\u0440\u043e\u0435\u043d\u0438\u044f \u043c\u043e\u0436\u043d\u043e \u043f\u043e\u0434\u0430\u0440\u0438\u0442\u044c \u0440\u0430\u0437\u043d\u044b\u043c \u043f\u043e\u0432\u043e\u0434\u0430\u043c \u0438 \u043b\u044e\u0434\u044f\u043c \u043b\u044e\u0431\u043e\u0433\u043e \u0432\u043e\u0437\u0440\u0430\u0441\u0442\u0430. \u0421\u044e\u0440\u043f\u0440\u0438\u0437!\" \/>\n<meta name=\"robots\" content=\"index, follow, max-snippet:-1, max-image-preview:large, max-video-preview:-1\" \/>\n<link rel=\"canonical\" href=\"https:\/\/www.pristatomegeles.lt\/ru\/produktas\/%d0%b1%d1%83%d0%ba%d0%b5%d1%82-%d0%b3%d0%b2%d0%be%d0%b7%d0%b4%d0%b8%d0%ba-%d0%ba%d1%80%d0%b0%d1%81%d0%be%d1%87%d0%bd%d1%8b%d0%b9\/\" \/>\n<meta property=\"og:locale\" content=\"ru_RU\" \/>\n<meta property=\"og:type\" content=\"article\" \/>\n<meta property=\"og:title\" content=\"\u0411\u0443\u043a\u0435\u0442 \u0433\u0432\u043e\u0437\u0434\u0438\u043a &quot;\u041a\u0440\u0430\u0441\u043e\u0447\u043d\u044b\u0439&quot; | G\u0117li\u0173 puok\u0161t\u0117 | Pristatome g\u0117les\" \/>\n<meta property=\"og:description\" content=\"\u042d\u043b\u0435\u0433\u0430\u043d\u0442\u043d\u044b\u0439 \u0442\u0440\u0435\u0445\u0446\u0432\u0435\u0442\u043d\u044b\u0439 \u0431\u0443\u043a\u0435\u0442 \u0438\u0437 \u0433\u0432\u043e\u0437\u0434\u0438\u043a \u0432\u043d\u0435 \u0437\u0430\u0432\u0438\u0441\u0438\u043c\u043e\u0441\u0442\u0438 \u043e\u0442 \u043d\u0430\u0441\u0442\u0440\u043e\u0435\u043d\u0438\u044f \u043c\u043e\u0436\u043d\u043e \u043f\u043e\u0434\u0430\u0440\u0438\u0442\u044c \u0440\u0430\u0437\u043d\u044b\u043c \u043f\u043e\u0432\u043e\u0434\u0430\u043c \u0438 \u043b\u044e\u0434\u044f\u043c \u043b\u044e\u0431\u043e\u0433\u043e \u0432\u043e\u0437\u0440\u0430\u0441\u0442\u0430. \u0421\u044e\u0440\u043f\u0440\u0438\u0437!\" \/>\n<meta property=\"og:url\" content=\"https:\/\/www.pristatomegeles.lt\/ru\/produktas\/%d0%b1%d1%83%d0%ba%d0%b5%d1%82-%d0%b3%d0%b2%d0%be%d0%b7%d0%b4%d0%b8%d0%ba-%d0%ba%d1%80%d0%b0%d1%81%d0%be%d1%87%d0%bd%d1%8b%d0%b9\/\" \/>\n<meta property=\"og:site_name\" content=\"Pristatomegeles.lt\" \/>\n<meta property=\"article:modified_time\" content=\"2023-03-27T07:46:38+00:00\" \/>\n<meta property=\"og:image\" content=\"https:\/\/www.pristatomegeles.lt\/wp-content\/uploads\/2019\/04\/geliu-puokste-triju-spalvu-gvazdikai.jpg\" \/>\n\t<meta property=\"og:image:width\" content=\"600\" \/>\n\t<meta property=\"og:image:height\" content=\"600\" \/>\n\t<meta property=\"og:image:type\" content=\"image\/jpeg\" \/>\n<meta name=\"twitter:card\" content=\"summary_large_image\" \/>\n<script type=\"application\/ld+json\" class=\"yoast-schema-graph\">{\"@context\":\"https:\/\/schema.org\",\"@graph\":[{\"@type\":\"WebPage\",\"@id\":\"https:\/\/www.pristatomegeles.lt\/ru\/produktas\/%d0%b1%d1%83%d0%ba%d0%b5%d1%82-%d0%b3%d0%b2%d0%be%d0%b7%d0%b4%d0%b8%d0%ba-%d0%ba%d1%80%d0%b0%d1%81%d0%be%d1%87%d0%bd%d1%8b%d0%b9\/\",\"url\":\"https:\/\/www.pristatomegeles.lt\/ru\/produktas\/%d0%b1%d1%83%d0%ba%d0%b5%d1%82-%d0%b3%d0%b2%d0%be%d0%b7%d0%b4%d0%b8%d0%ba-%d0%ba%d1%80%d0%b0%d1%81%d0%be%d1%87%d0%bd%d1%8b%d0%b9\/\",\"name\":\"\u0411\u0443\u043a\u0435\u0442 \u0433\u0432\u043e\u0437\u0434\u0438\u043a \\\"\u041a\u0440\u0430\u0441\u043e\u0447\u043d\u044b\u0439\\\" | G\u0117li\u0173 puok\u0161t\u0117 | Pristatome g\u0117les\",\"isPartOf\":{\"@id\":\"https:\/\/www.pristatomegeles.lt\/ru\/#website\"},\"primaryImageOfPage\":{\"@id\":\"https:\/\/www.pristatomegeles.lt\/ru\/produktas\/%d0%b1%d1%83%d0%ba%d0%b5%d1%82-%d0%b3%d0%b2%d0%be%d0%b7%d0%b4%d0%b8%d0%ba-%d0%ba%d1%80%d0%b0%d1%81%d0%be%d1%87%d0%bd%d1%8b%d0%b9\/#primaryimage\"},\"image\":{\"@id\":\"https:\/\/www.pristatomegeles.lt\/ru\/produktas\/%d0%b1%d1%83%d0%ba%d0%b5%d1%82-%d0%b3%d0%b2%d0%be%d0%b7%d0%b4%d0%b8%d0%ba-%d0%ba%d1%80%d0%b0%d1%81%d0%be%d1%87%d0%bd%d1%8b%d0%b9\/#primaryimage\"},\"thumbnailUrl\":\"https:\/\/www.pristatomegeles.lt\/wp-content\/uploads\/2019\/04\/geliu-puokste-triju-spalvu-gvazdikai.jpg\",\"datePublished\":\"2019-04-04T08:14:41+00:00\",\"dateModified\":\"2023-03-27T07:46:38+00:00\",\"description\":\"\u042d\u043b\u0435\u0433\u0430\u043d\u0442\u043d\u044b\u0439 \u0442\u0440\u0435\u0445\u0446\u0432\u0435\u0442\u043d\u044b\u0439 \u0431\u0443\u043a\u0435\u0442 \u0438\u0437 \u0433\u0432\u043e\u0437\u0434\u0438\u043a \u0432\u043d\u0435 \u0437\u0430\u0432\u0438\u0441\u0438\u043c\u043e\u0441\u0442\u0438 \u043e\u0442 \u043d\u0430\u0441\u0442\u0440\u043e\u0435\u043d\u0438\u044f \u043c\u043e\u0436\u043d\u043e \u043f\u043e\u0434\u0430\u0440\u0438\u0442\u044c \u0440\u0430\u0437\u043d\u044b\u043c \u043f\u043e\u0432\u043e\u0434\u0430\u043c \u0438 \u043b\u044e\u0434\u044f\u043c \u043b\u044e\u0431\u043e\u0433\u043e \u0432\u043e\u0437\u0440\u0430\u0441\u0442\u0430. \u0421\u044e\u0440\u043f\u0440\u0438\u0437!\",\"breadcrumb\":{\"@id\":\"https:\/\/www.pristatomegeles.lt\/ru\/produktas\/%d0%b1%d1%83%d0%ba%d0%b5%d1%82-%d0%b3%d0%b2%d0%be%d0%b7%d0%b4%d0%b8%d0%ba-%d0%ba%d1%80%d0%b0%d1%81%d0%be%d1%87%d0%bd%d1%8b%d0%b9\/#breadcrumb\"},\"inLanguage\":\"ru-RU\",\"potentialAction\":[{\"@type\":\"ReadAction\",\"target\":[\"https:\/\/www.pristatomegeles.lt\/ru\/produktas\/%d0%b1%d1%83%d0%ba%d0%b5%d1%82-%d0%b3%d0%b2%d0%be%d0%b7%d0%b4%d0%b8%d0%ba-%d0%ba%d1%80%d0%b0%d1%81%d0%be%d1%87%d0%bd%d1%8b%d0%b9\/\"]}]},{\"@type\":\"ImageObject\",\"inLanguage\":\"ru-RU\",\"@id\":\"https:\/\/www.pristatomegeles.lt\/ru\/produktas\/%d0%b1%d1%83%d0%ba%d0%b5%d1%82-%d0%b3%d0%b2%d0%be%d0%b7%d0%b4%d0%b8%d0%ba-%d0%ba%d1%80%d0%b0%d1%81%d0%be%d1%87%d0%bd%d1%8b%d0%b9\/#primaryimage\",\"url\":\"https:\/\/www.pristatomegeles.lt\/wp-content\/uploads\/2019\/04\/geliu-puokste-triju-spalvu-gvazdikai.jpg\",\"contentUrl\":\"https:\/\/www.pristatomegeles.lt\/wp-content\/uploads\/2019\/04\/geliu-puokste-triju-spalvu-gvazdikai.jpg\",\"width\":600,\"height\":600,\"caption\":\"geliu-puokste-triju-spalvu-gvazdikai\"},{\"@type\":\"BreadcrumbList\",\"@id\":\"https:\/\/www.pristatomegeles.lt\/ru\/produktas\/%d0%b1%d1%83%d0%ba%d0%b5%d1%82-%d0%b3%d0%b2%d0%be%d0%b7%d0%b4%d0%b8%d0%ba-%d0%ba%d1%80%d0%b0%d1%81%d0%be%d1%87%d0%bd%d1%8b%d0%b9\/#breadcrumb\",\"itemListElement\":[{\"@type\":\"ListItem\",\"position\":1,\"name\":\"Home\",\"item\":\"https:\/\/www.pristatomegeles.lt\/ru\/pagrindinisru\/\"},{\"@type\":\"ListItem\",\"position\":2,\"name\":\"\u0426\u0432\u0435\u0442\u044b\",\"item\":\"https:\/\/www.pristatomegeles.lt\/ru\/%d1%86%d0%b2%d0%b5%d1%82%d1%8b\/\"},{\"@type\":\"ListItem\",\"position\":3,\"name\":\"\u0411\u0443\u043a\u0435\u0442 \u0433\u0432\u043e\u0437\u0434\u0438\u043a &#171;\u041a\u0440\u0430\u0441\u043e\u0447\u043d\u044b\u0439&#187;\"}]},{\"@type\":\"WebSite\",\"@id\":\"https:\/\/www.pristatomegeles.lt\/ru\/#website\",\"url\":\"https:\/\/www.pristatomegeles.lt\/ru\/\",\"name\":\"Pristatomegeles.lt\",\"description\":\"\",\"potentialAction\":[{\"@type\":\"SearchAction\",\"target\":{\"@type\":\"EntryPoint\",\"urlTemplate\":\"https:\/\/www.pristatomegeles.lt\/ru\/?s={search_term_string}\"},\"query-input\":{\"@type\":\"PropertyValueSpecification\",\"valueRequired\":true,\"valueName\":\"search_term_string\"}}],\"inLanguage\":\"ru-RU\"}]}<\/script>\n<!-- \/ Yoast SEO plugin. -->","yoast_head_json":{"title":"\u0411\u0443\u043a\u0435\u0442 \u0433\u0432\u043e\u0437\u0434\u0438\u043a \"\u041a\u0440\u0430\u0441\u043e\u0447\u043d\u044b\u0439\" | G\u0117li\u0173 puok\u0161t\u0117 | Pristatome g\u0117les","description":"\u042d\u043b\u0435\u0433\u0430\u043d\u0442\u043d\u044b\u0439 \u0442\u0440\u0435\u0445\u0446\u0432\u0435\u0442\u043d\u044b\u0439 \u0431\u0443\u043a\u0435\u0442 \u0438\u0437 \u0433\u0432\u043e\u0437\u0434\u0438\u043a \u0432\u043d\u0435 \u0437\u0430\u0432\u0438\u0441\u0438\u043c\u043e\u0441\u0442\u0438 \u043e\u0442 \u043d\u0430\u0441\u0442\u0440\u043e\u0435\u043d\u0438\u044f \u043c\u043e\u0436\u043d\u043e \u043f\u043e\u0434\u0430\u0440\u0438\u0442\u044c \u0440\u0430\u0437\u043d\u044b\u043c \u043f\u043e\u0432\u043e\u0434\u0430\u043c \u0438 \u043b\u044e\u0434\u044f\u043c \u043b\u044e\u0431\u043e\u0433\u043e \u0432\u043e\u0437\u0440\u0430\u0441\u0442\u0430. \u0421\u044e\u0440\u043f\u0440\u0438\u0437!","robots":{"index":"index","follow":"follow","max-snippet":"max-snippet:-1","max-image-preview":"max-image-preview:large","max-video-preview":"max-video-preview:-1"},"canonical":"https:\/\/www.pristatomegeles.lt\/ru\/produktas\/%d0%b1%d1%83%d0%ba%d0%b5%d1%82-%d0%b3%d0%b2%d0%be%d0%b7%d0%b4%d0%b8%d0%ba-%d0%ba%d1%80%d0%b0%d1%81%d0%be%d1%87%d0%bd%d1%8b%d0%b9\/","og_locale":"ru_RU","og_type":"article","og_title":"\u0411\u0443\u043a\u0435\u0442 \u0433\u0432\u043e\u0437\u0434\u0438\u043a \"\u041a\u0440\u0430\u0441\u043e\u0447\u043d\u044b\u0439\" | G\u0117li\u0173 puok\u0161t\u0117 | Pristatome g\u0117les","og_description":"\u042d\u043b\u0435\u0433\u0430\u043d\u0442\u043d\u044b\u0439 \u0442\u0440\u0435\u0445\u0446\u0432\u0435\u0442\u043d\u044b\u0439 \u0431\u0443\u043a\u0435\u0442 \u0438\u0437 \u0433\u0432\u043e\u0437\u0434\u0438\u043a \u0432\u043d\u0435 \u0437\u0430\u0432\u0438\u0441\u0438\u043c\u043e\u0441\u0442\u0438 \u043e\u0442 \u043d\u0430\u0441\u0442\u0440\u043e\u0435\u043d\u0438\u044f \u043c\u043e\u0436\u043d\u043e \u043f\u043e\u0434\u0430\u0440\u0438\u0442\u044c \u0440\u0430\u0437\u043d\u044b\u043c \u043f\u043e\u0432\u043e\u0434\u0430\u043c \u0438 \u043b\u044e\u0434\u044f\u043c \u043b\u044e\u0431\u043e\u0433\u043e \u0432\u043e\u0437\u0440\u0430\u0441\u0442\u0430. \u0421\u044e\u0440\u043f\u0440\u0438\u0437!","og_url":"https:\/\/www.pristatomegeles.lt\/ru\/produktas\/%d0%b1%d1%83%d0%ba%d0%b5%d1%82-%d0%b3%d0%b2%d0%be%d0%b7%d0%b4%d0%b8%d0%ba-%d0%ba%d1%80%d0%b0%d1%81%d0%be%d1%87%d0%bd%d1%8b%d0%b9\/","og_site_name":"Pristatomegeles.lt","article_modified_time":"2023-03-27T07:46:38+00:00","og_image":[{"width":600,"height":600,"url":"https:\/\/www.pristatomegeles.lt\/wp-content\/uploads\/2019\/04\/geliu-puokste-triju-spalvu-gvazdikai.jpg","type":"image\/jpeg"}],"twitter_card":"summary_large_image","schema":{"@context":"https:\/\/schema.org","@graph":[{"@type":"WebPage","@id":"https:\/\/www.pristatomegeles.lt\/ru\/produktas\/%d0%b1%d1%83%d0%ba%d0%b5%d1%82-%d0%b3%d0%b2%d0%be%d0%b7%d0%b4%d0%b8%d0%ba-%d0%ba%d1%80%d0%b0%d1%81%d0%be%d1%87%d0%bd%d1%8b%d0%b9\/","url":"https:\/\/www.pristatomegeles.lt\/ru\/produktas\/%d0%b1%d1%83%d0%ba%d0%b5%d1%82-%d0%b3%d0%b2%d0%be%d0%b7%d0%b4%d0%b8%d0%ba-%d0%ba%d1%80%d0%b0%d1%81%d0%be%d1%87%d0%bd%d1%8b%d0%b9\/","name":"\u0411\u0443\u043a\u0435\u0442 \u0433\u0432\u043e\u0437\u0434\u0438\u043a \"\u041a\u0440\u0430\u0441\u043e\u0447\u043d\u044b\u0439\" | G\u0117li\u0173 puok\u0161t\u0117 | Pristatome g\u0117les","isPartOf":{"@id":"https:\/\/www.pristatomegeles.lt\/ru\/#website"},"primaryImageOfPage":{"@id":"https:\/\/www.pristatomegeles.lt\/ru\/produktas\/%d0%b1%d1%83%d0%ba%d0%b5%d1%82-%d0%b3%d0%b2%d0%be%d0%b7%d0%b4%d0%b8%d0%ba-%d0%ba%d1%80%d0%b0%d1%81%d0%be%d1%87%d0%bd%d1%8b%d0%b9\/#primaryimage"},"image":{"@id":"https:\/\/www.pristatomegeles.lt\/ru\/produktas\/%d0%b1%d1%83%d0%ba%d0%b5%d1%82-%d0%b3%d0%b2%d0%be%d0%b7%d0%b4%d0%b8%d0%ba-%d0%ba%d1%80%d0%b0%d1%81%d0%be%d1%87%d0%bd%d1%8b%d0%b9\/#primaryimage"},"thumbnailUrl":"https:\/\/www.pristatomegeles.lt\/wp-content\/uploads\/2019\/04\/geliu-puokste-triju-spalvu-gvazdikai.jpg","datePublished":"2019-04-04T08:14:41+00:00","dateModified":"2023-03-27T07:46:38+00:00","description":"\u042d\u043b\u0435\u0433\u0430\u043d\u0442\u043d\u044b\u0439 \u0442\u0440\u0435\u0445\u0446\u0432\u0435\u0442\u043d\u044b\u0439 \u0431\u0443\u043a\u0435\u0442 \u0438\u0437 \u0433\u0432\u043e\u0437\u0434\u0438\u043a \u0432\u043d\u0435 \u0437\u0430\u0432\u0438\u0441\u0438\u043c\u043e\u0441\u0442\u0438 \u043e\u0442 \u043d\u0430\u0441\u0442\u0440\u043e\u0435\u043d\u0438\u044f \u043c\u043e\u0436\u043d\u043e \u043f\u043e\u0434\u0430\u0440\u0438\u0442\u044c \u0440\u0430\u0437\u043d\u044b\u043c \u043f\u043e\u0432\u043e\u0434\u0430\u043c \u0438 \u043b\u044e\u0434\u044f\u043c \u043b\u044e\u0431\u043e\u0433\u043e \u0432\u043e\u0437\u0440\u0430\u0441\u0442\u0430. \u0421\u044e\u0440\u043f\u0440\u0438\u0437!","breadcrumb":{"@id":"https:\/\/www.pristatomegeles.lt\/ru\/produktas\/%d0%b1%d1%83%d0%ba%d0%b5%d1%82-%d0%b3%d0%b2%d0%be%d0%b7%d0%b4%d0%b8%d0%ba-%d0%ba%d1%80%d0%b0%d1%81%d0%be%d1%87%d0%bd%d1%8b%d0%b9\/#breadcrumb"},"inLanguage":"ru-RU","potentialAction":[{"@type":"ReadAction","target":["https:\/\/www.pristatomegeles.lt\/ru\/produktas\/%d0%b1%d1%83%d0%ba%d0%b5%d1%82-%d0%b3%d0%b2%d0%be%d0%b7%d0%b4%d0%b8%d0%ba-%d0%ba%d1%80%d0%b0%d1%81%d0%be%d1%87%d0%bd%d1%8b%d0%b9\/"]}]},{"@type":"ImageObject","inLanguage":"ru-RU","@id":"https:\/\/www.pristatomegeles.lt\/ru\/produktas\/%d0%b1%d1%83%d0%ba%d0%b5%d1%82-%d0%b3%d0%b2%d0%be%d0%b7%d0%b4%d0%b8%d0%ba-%d0%ba%d1%80%d0%b0%d1%81%d0%be%d1%87%d0%bd%d1%8b%d0%b9\/#primaryimage","url":"https:\/\/www.pristatomegeles.lt\/wp-content\/uploads\/2019\/04\/geliu-puokste-triju-spalvu-gvazdikai.jpg","contentUrl":"https:\/\/www.pristatomegeles.lt\/wp-content\/uploads\/2019\/04\/geliu-puokste-triju-spalvu-gvazdikai.jpg","width":600,"height":600,"caption":"geliu-puokste-triju-spalvu-gvazdikai"},{"@type":"BreadcrumbList","@id":"https:\/\/www.pristatomegeles.lt\/ru\/produktas\/%d0%b1%d1%83%d0%ba%d0%b5%d1%82-%d0%b3%d0%b2%d0%be%d0%b7%d0%b4%d0%b8%d0%ba-%d0%ba%d1%80%d0%b0%d1%81%d0%be%d1%87%d0%bd%d1%8b%d0%b9\/#breadcrumb","itemListElement":[{"@type":"ListItem","position":1,"name":"Home","item":"https:\/\/www.pristatomegeles.lt\/ru\/pagrindinisru\/"},{"@type":"ListItem","position":2,"name":"\u0426\u0432\u0435\u0442\u044b","item":"https:\/\/www.pristatomegeles.lt\/ru\/%d1%86%d0%b2%d0%b5%d1%82%d1%8b\/"},{"@type":"ListItem","position":3,"name":"\u0411\u0443\u043a\u0435\u0442 \u0433\u0432\u043e\u0437\u0434\u0438\u043a &#171;\u041a\u0440\u0430\u0441\u043e\u0447\u043d\u044b\u0439&#187;"}]},{"@type":"WebSite","@id":"https:\/\/www.pristatomegeles.lt\/ru\/#website","url":"https:\/\/www.pristatomegeles.lt\/ru\/","name":"Pristatomegeles.lt","description":"","potentialAction":[{"@type":"SearchAction","target":{"@type":"EntryPoint","urlTemplate":"https:\/\/www.pristatomegeles.lt\/ru\/?s={search_term_string}"},"query-input":{"@type":"PropertyValueSpecification","valueRequired":true,"valueName":"search_term_string"}}],"inLanguage":"ru-RU"}]}},"_links":{"self":[{"href":"https:\/\/www.pristatomegeles.lt\/ru\/wp-json\/wp\/v2\/product\/8552","targetHints":{"allow":["GET"]}}],"collection":[{"href":"https:\/\/www.pristatomegeles.lt\/ru\/wp-json\/wp\/v2\/product"}],"about":[{"href":"https:\/\/www.pristatomegeles.lt\/ru\/wp-json\/wp\/v2\/types\/product"}],"wp:featuredmedia":[{"embeddable":true,"href":"https:\/\/www.pristatomegeles.lt\/ru\/wp-json\/wp\/v2\/media\/8553"}],"wp:attachment":[{"href":"https:\/\/www.pristatomegeles.lt\/ru\/wp-json\/wp\/v2\/media?parent=8552"}],"wp:term":[{"taxonomy":"product_brand","embeddable":true,"href":"https:\/\/www.pristatomegeles.lt\/ru\/wp-json\/wp\/v2\/product_brand?post=8552"},{"taxonomy":"product_cat","embeddable":true,"href":"https:\/\/www.pristatomegeles.lt\/ru\/wp-json\/wp\/v2\/product_cat?post=8552"},{"taxonomy":"product_tag","embeddable":true,"href":"https:\/\/www.pristatomegeles.lt\/ru\/wp-json\/wp\/v2\/product_tag?post=8552"}],"curies":[{"name":"wp","href":"https:\/\/api.w.org\/{rel}","templated":true}]}}