{"id":9528,"date":"2018-02-05T16:53:04","date_gmt":"2018-02-05T13:53:04","guid":{"rendered":"http:\/\/www.pristatomegeles.lt\/produktas\/21-%d0%b1%d0%b5%d0%bb%d0%b0%d1%8f-%d1%80%d0%be%d0%b7%d0%b0-%d0%b2-%d0%ba%d0%be%d1%80%d0%be%d0%b1%d0%ba%d0%b5\/"},"modified":"2025-07-23T14:57:35","modified_gmt":"2025-07-23T12:57:35","slug":"21-%d0%b1%d0%b5%d0%bb%d0%b0%d1%8f-%d1%80%d0%be%d0%b7%d0%b0-%d0%b2-%d0%ba%d0%be%d1%80%d0%be%d0%b1%d0%ba%d0%b5","status":"publish","type":"product","link":"https:\/\/www.pristatomegeles.lt\/ru\/produktas\/21-%d0%b1%d0%b5%d0%bb%d0%b0%d1%8f-%d1%80%d0%be%d0%b7%d0%b0-%d0%b2-%d0%ba%d0%be%d1%80%d0%be%d0%b1%d0%ba%d0%b5\/","title":{"rendered":"\u0431\u0435\u043b\u0430\u044f \u0440\u043e\u0437\u0430 \u0432 \u043a\u043e\u0440\u043e\u0431\u043a\u0435"},"content":{"rendered":"<p>\u042d\u0442\u0430 \u043a\u043e\u0440\u043e\u0431\u043a\u0430 \u0441\u043e\u0441\u0442\u043e\u0438\u0442 \u0438\u0437 \u0432\u044b\u0431\u0440\u0430\u043d\u043d\u043e\u0433\u043e \u0432\u0430\u043c\u0438 \u043a\u043e\u043b\u0438\u0447\u0435\u0441\u0442\u0432\u0430 \u0440\u043e\u0437, \u0440\u043e\u0437\u044b \u0431\u0443\u0434\u0443\u0442 \u043f\u043e\u043c\u0435\u0449\u0435\u043d\u044b \u0432 \u043a\u043e\u0440\u043e\u0431\u043a\u0443. \u0420\u0430\u0437\u043c\u0435\u0440 \u043a\u043e\u0440\u043e\u0431\u043a\u0438 \u0442\u0430\u043a\u0436\u0435 \u0437\u0430\u0432\u0438\u0441\u0438\u0442 \u043e\u0442 \u0442\u043e\u0433\u043e, \u0441\u043a\u043e\u043b\u044c\u043a\u043e \u0440\u043e\u0437 \u0432\u044b \u0432\u044b\u0431\u0435\u0440\u0435\u0442\u0435. \u0426\u0432\u0435\u0442 \u043a\u043e\u0440\u043e\u0431\u043a\u0438 \u043c\u043e\u0436\u0435\u0442 \u0431\u044b\u0442\u044c \u0440\u0430\u0437\u043d\u044b\u043c, \u043d\u043e \u043c\u044b \u0432\u0441\u0435\u0433\u0434\u0430 \u0441\u043e\u0447\u0435\u0442\u0430\u0435\u043c \u043b\u0435\u043d\u0442\u0443 \u0438 \u043f\u0430\u043f\u0438\u0440\u043e\u0441\u043d\u0443\u044e \u0431\u0443\u043c\u0430\u0433\u0443, \u043f\u043e\u044d\u0442\u043e\u043c\u0443 \u043e\u0431\u0449\u0430\u044f \u043a\u043e\u043c\u043f\u043e\u0437\u0438\u0446\u0438\u044f \u0432\u0441\u0435\u0433\u0434\u0430 \u0432\u044b\u0433\u043b\u044f\u0434\u0438\u0442 \u0432\u0435\u043b\u0438\u043a\u043e\u043b\u0435\u043f\u043d\u043e. \u041a\u043e\u0440\u043e\u0431\u043a\u0430 \u0434\u043b\u044f \u0440\u043e\u0437 &#8212; \u044d\u0442\u043e \u043d\u0435 \u0442\u043e\u043b\u044c\u043a\u043e \u0441\u0442\u0438\u043b\u044c\u043d\u044b\u0439, \u043d\u043e \u0438 \u043f\u0440\u0430\u043a\u0442\u0438\u0447\u043d\u044b\u0439 \u0432\u044b\u0431\u043e\u0440, \u0442\u0430\u043a \u043a\u0430\u043a \u0446\u0432\u0435\u0442\u044b \u0443\u0436\u0435 \u043f\u043e\u0434\u0430\u0440\u0435\u043d\u044b \u0441 \u0437\u0430\u043f\u0430\u0441\u043e\u043c \u0432\u043e\u0434\u044b, \u043f\u043e\u044d\u0442\u043e\u043c\u0443 \u043f\u043e\u043b\u0443\u0447\u0430\u0442\u0435\u043b\u044e \u043d\u0435 \u043f\u0440\u0438\u0434\u0435\u0442\u0441\u044f \u0431\u0435\u0441\u043f\u043e\u043a\u043e\u0438\u0442\u044c\u0441\u044f \u043d\u0438 \u043e \u0432\u0430\u0437\u0435, \u043d\u0438 \u043e \u0432\u043e\u0434\u0435.<\/p>\n","protected":false},"excerpt":{"rendered":"<p>\u0421\u0442\u0438\u043b\u044c\u043d\u0430\u044f \u043a\u043e\u0440\u043e\u0431\u043a\u0430 \u0441 \u0431\u0435\u043b\u044b\u043c\u0438 \u0440\u043e\u0437\u0430\u043c\u0438 \u0441\u0442\u0430\u043d\u0435\u0442 \u0438\u0434\u0435\u0430\u043b\u044c\u043d\u044b\u043c \u043f\u043e\u0434\u0430\u0440\u043a\u043e\u043c \u043a\u0430\u043a \u043d\u0430 \u0440\u043e\u043c\u0430\u043d\u0442\u0438\u0447\u0435\u0441\u043a\u0438\u0439 \u043f\u0440\u0430\u0437\u0434\u043d\u0438\u043a, \u043d\u0430\u043f\u0440\u0438\u043c\u0435\u0440 \u0414\u0435\u043d\u044c \u0441\u0432\u044f\u0442\u043e\u0433\u043e \u0412\u0430\u043b\u0435\u043d\u0442\u0438\u043d\u0430, \u0442\u0430\u043a \u0438 \u043d\u0430 \u0441\u043e\u043b\u0438\u0434\u043d\u043e\u0435 \u043f\u0440\u0430\u0437\u0434\u043d\u043e\u0432\u0430\u043d\u0438\u0435, \u043d\u0430\u043f\u0440\u0438\u043c\u0435\u0440, \u044e\u0431\u0438\u043b\u0435\u0439. \u041f\u043e\u0440\u0430\u0434\u0443\u0439\u0442\u0435 \u0434\u0440\u0443\u0437\u0435\u0439, \u0441\u0435\u043c\u044c\u044e \u0438\u043b\u0438 \u043b\u044e\u0431\u0438\u043c\u043e\u0433\u043e \u0447\u0435\u043b\u043e\u0432\u0435\u043a\u0430 \u043e\u0447\u0435\u043d\u044c \u043a\u0440\u0430\u0441\u0438\u0432\u044b\u043c \u043f\u043e\u0434\u0430\u0440\u043a\u043e\u043c \u0432\u0430\u0448\u0435\u043c\u0443 \u0434\u043e\u043c\u0443 \u0438\u043b\u0438 \u043e\u0444\u0438\u0441\u0443 \u0432 \u0412\u0438\u043b\u044c\u043d\u044e\u0441\u0435.<\/p>\n","protected":false},"featured_media":9820,"template":"","meta":[],"product_brand":[],"product_cat":[855,842,1039],"product_tag":[],"class_list":{"0":"post-9528","1":"product","2":"type-product","3":"status-publish","4":"has-post-thumbnail","6":"product_cat-855","7":"product_cat-842","8":"product_cat-1039","9":"tm-no-options","11":"first","12":"instock","13":"featured","14":"taxable","15":"shipping-taxable","16":"purchasable","17":"product-type-variable","18":"has-default-attributes"},"yoast_head":"<!-- This site is optimized with the Yoast SEO plugin v24.3 - https:\/\/yoast.com\/wordpress\/plugins\/seo\/ -->\n<title>\u0431\u0435\u043b\u0430\u044f \u0440\u043e\u0437\u0430 \u0432 \u043a\u043e\u0440\u043e\u0431\u043a\u0435 | \u0414\u043e\u0441\u0442\u0430\u0432\u043a\u0430 \u0446\u0432\u0435\u0442\u043e\u0447\u043d\u044b\u0445 \u044f\u0449\u0438\u043a\u043e\u0432 | Pristatome G\u0117les<\/title>\n<meta name=\"description\" content=\"\u041f\u043e\u0434\u0430\u0440\u0438\u0442\u0435 \u043e\u0441\u043e\u0431\u043e\u043c\u0443 \u0447\u0435\u043b\u043e\u0432\u0435\u043a\u0443 \u043e\u0441\u043e\u0431\u0435\u043d\u043d\u044b\u0439 \u043f\u043e\u0434\u0430\u0440\u043e\u043a - \u043a\u043e\u0440\u043e\u0431\u043a\u0443 \u0431\u0435\u043b\u044b\u0445 \u0440\u043e\u0437, \u0438\u0437\u043b\u0443\u0447\u0430\u044e\u0449\u0443\u044e \u044d\u043b\u0435\u0433\u0430\u043d\u0442\u043d\u043e\u0441\u0442\u044c \u0438 \u0440\u043e\u0441\u043a\u043e\u0448\u044c, \u043a\u043e\u0442\u043e\u0440\u0430\u044f \u043d\u0435 \u043e\u0441\u0442\u0430\u0432\u0438\u0442 \u0440\u0430\u0432\u043d\u043e\u0434\u0443\u0448\u043d\u044b\u043c \u043d\u0438 \u043e\u0434\u043d\u043e\u0433\u043e \u043f\u043e\u043b\u0443\u0447\u0430\u0442\u0435\u043b\u044f. \u0417\u0430\u043a\u0430\u0436\u0438\u0442\u0435 \u044d\u0442\u0443 \u043a\u043e\u0440\u043e\u0431\u043a\u0443 \u0431\u0435\u043b\u044b\u0445 \u0440\u043e\u0437 \u043e\u043d\u043b\u0430\u0439\u043d \u0438 \u043f\u043e\u043f\u0440\u0438\u0432\u0435\u0442\u0441\u0442\u0432\u0443\u0439\u0442\u0435 \u043c\u0443\u0436\u0447\u0438\u043d \u0438 \u0436\u0435\u043d\u0449\u0438\u043d.\" \/>\n<meta name=\"robots\" content=\"index, follow, max-snippet:-1, max-image-preview:large, max-video-preview:-1\" \/>\n<link rel=\"canonical\" href=\"https:\/\/www.pristatomegeles.lt\/ru\/produktas\/21-%d0%b1%d0%b5%d0%bb%d0%b0%d1%8f-%d1%80%d0%be%d0%b7%d0%b0-%d0%b2-%d0%ba%d0%be%d1%80%d0%be%d0%b1%d0%ba%d0%b5\/\" \/>\n<meta property=\"og:locale\" content=\"ru_RU\" \/>\n<meta property=\"og:type\" content=\"article\" \/>\n<meta property=\"og:title\" content=\"\u0431\u0435\u043b\u0430\u044f \u0440\u043e\u0437\u0430 \u0432 \u043a\u043e\u0440\u043e\u0431\u043a\u0435 | \u0414\u043e\u0441\u0442\u0430\u0432\u043a\u0430 \u0446\u0432\u0435\u0442\u043e\u0447\u043d\u044b\u0445 \u044f\u0449\u0438\u043a\u043e\u0432 | Pristatome G\u0117les\" \/>\n<meta property=\"og:description\" content=\"\u041f\u043e\u0434\u0430\u0440\u0438\u0442\u0435 \u043e\u0441\u043e\u0431\u043e\u043c\u0443 \u0447\u0435\u043b\u043e\u0432\u0435\u043a\u0443 \u043e\u0441\u043e\u0431\u0435\u043d\u043d\u044b\u0439 \u043f\u043e\u0434\u0430\u0440\u043e\u043a - \u043a\u043e\u0440\u043e\u0431\u043a\u0443 \u0431\u0435\u043b\u044b\u0445 \u0440\u043e\u0437, \u0438\u0437\u043b\u0443\u0447\u0430\u044e\u0449\u0443\u044e \u044d\u043b\u0435\u0433\u0430\u043d\u0442\u043d\u043e\u0441\u0442\u044c \u0438 \u0440\u043e\u0441\u043a\u043e\u0448\u044c, \u043a\u043e\u0442\u043e\u0440\u0430\u044f \u043d\u0435 \u043e\u0441\u0442\u0430\u0432\u0438\u0442 \u0440\u0430\u0432\u043d\u043e\u0434\u0443\u0448\u043d\u044b\u043c \u043d\u0438 \u043e\u0434\u043d\u043e\u0433\u043e \u043f\u043e\u043b\u0443\u0447\u0430\u0442\u0435\u043b\u044f. \u0417\u0430\u043a\u0430\u0436\u0438\u0442\u0435 \u044d\u0442\u0443 \u043a\u043e\u0440\u043e\u0431\u043a\u0443 \u0431\u0435\u043b\u044b\u0445 \u0440\u043e\u0437 \u043e\u043d\u043b\u0430\u0439\u043d \u0438 \u043f\u043e\u043f\u0440\u0438\u0432\u0435\u0442\u0441\u0442\u0432\u0443\u0439\u0442\u0435 \u043c\u0443\u0436\u0447\u0438\u043d \u0438 \u0436\u0435\u043d\u0449\u0438\u043d.\" \/>\n<meta property=\"og:url\" content=\"https:\/\/www.pristatomegeles.lt\/ru\/produktas\/21-%d0%b1%d0%b5%d0%bb%d0%b0%d1%8f-%d1%80%d0%be%d0%b7%d0%b0-%d0%b2-%d0%ba%d0%be%d1%80%d0%be%d0%b1%d0%ba%d0%b5\/\" \/>\n<meta property=\"og:site_name\" content=\"Pristatomegeles.lt\" \/>\n<meta property=\"article:modified_time\" content=\"2025-07-23T12:57:35+00:00\" \/>\n<meta property=\"og:image\" content=\"https:\/\/www.pristatomegeles.lt\/wp-content\/uploads\/2018\/02\/roziu-dezutes-baltos-rozes-scaled.jpg\" \/>\n\t<meta property=\"og:image:width\" content=\"2560\" \/>\n\t<meta property=\"og:image:height\" content=\"2560\" \/>\n\t<meta property=\"og:image:type\" content=\"image\/jpeg\" \/>\n<meta name=\"twitter:card\" content=\"summary_large_image\" \/>\n<meta name=\"twitter:label1\" content=\"\u041f\u0440\u0438\u043c\u0435\u0440\u043d\u043e\u0435 \u0432\u0440\u0435\u043c\u044f \u0434\u043b\u044f \u0447\u0442\u0435\u043d\u0438\u044f\" \/>\n\t<meta name=\"twitter:data1\" content=\"1 \u043c\u0438\u043d\u0443\u0442\u0430\" \/>\n<script type=\"application\/ld+json\" class=\"yoast-schema-graph\">{\"@context\":\"https:\/\/schema.org\",\"@graph\":[{\"@type\":\"WebPage\",\"@id\":\"https:\/\/www.pristatomegeles.lt\/ru\/produktas\/21-%d0%b1%d0%b5%d0%bb%d0%b0%d1%8f-%d1%80%d0%be%d0%b7%d0%b0-%d0%b2-%d0%ba%d0%be%d1%80%d0%be%d0%b1%d0%ba%d0%b5\/\",\"url\":\"https:\/\/www.pristatomegeles.lt\/ru\/produktas\/21-%d0%b1%d0%b5%d0%bb%d0%b0%d1%8f-%d1%80%d0%be%d0%b7%d0%b0-%d0%b2-%d0%ba%d0%be%d1%80%d0%be%d0%b1%d0%ba%d0%b5\/\",\"name\":\"\u0431\u0435\u043b\u0430\u044f \u0440\u043e\u0437\u0430 \u0432 \u043a\u043e\u0440\u043e\u0431\u043a\u0435 | \u0414\u043e\u0441\u0442\u0430\u0432\u043a\u0430 \u0446\u0432\u0435\u0442\u043e\u0447\u043d\u044b\u0445 \u044f\u0449\u0438\u043a\u043e\u0432 | Pristatome G\u0117les\",\"isPartOf\":{\"@id\":\"https:\/\/www.pristatomegeles.lt\/ru\/#website\"},\"primaryImageOfPage\":{\"@id\":\"https:\/\/www.pristatomegeles.lt\/ru\/produktas\/21-%d0%b1%d0%b5%d0%bb%d0%b0%d1%8f-%d1%80%d0%be%d0%b7%d0%b0-%d0%b2-%d0%ba%d0%be%d1%80%d0%be%d0%b1%d0%ba%d0%b5\/#primaryimage\"},\"image\":{\"@id\":\"https:\/\/www.pristatomegeles.lt\/ru\/produktas\/21-%d0%b1%d0%b5%d0%bb%d0%b0%d1%8f-%d1%80%d0%be%d0%b7%d0%b0-%d0%b2-%d0%ba%d0%be%d1%80%d0%be%d0%b1%d0%ba%d0%b5\/#primaryimage\"},\"thumbnailUrl\":\"https:\/\/www.pristatomegeles.lt\/wp-content\/uploads\/2018\/02\/roziu-dezutes-baltos-rozes-scaled.jpg\",\"datePublished\":\"2018-02-05T13:53:04+00:00\",\"dateModified\":\"2025-07-23T12:57:35+00:00\",\"description\":\"\u041f\u043e\u0434\u0430\u0440\u0438\u0442\u0435 \u043e\u0441\u043e\u0431\u043e\u043c\u0443 \u0447\u0435\u043b\u043e\u0432\u0435\u043a\u0443 \u043e\u0441\u043e\u0431\u0435\u043d\u043d\u044b\u0439 \u043f\u043e\u0434\u0430\u0440\u043e\u043a - \u043a\u043e\u0440\u043e\u0431\u043a\u0443 \u0431\u0435\u043b\u044b\u0445 \u0440\u043e\u0437, \u0438\u0437\u043b\u0443\u0447\u0430\u044e\u0449\u0443\u044e \u044d\u043b\u0435\u0433\u0430\u043d\u0442\u043d\u043e\u0441\u0442\u044c \u0438 \u0440\u043e\u0441\u043a\u043e\u0448\u044c, \u043a\u043e\u0442\u043e\u0440\u0430\u044f \u043d\u0435 \u043e\u0441\u0442\u0430\u0432\u0438\u0442 \u0440\u0430\u0432\u043d\u043e\u0434\u0443\u0448\u043d\u044b\u043c \u043d\u0438 \u043e\u0434\u043d\u043e\u0433\u043e \u043f\u043e\u043b\u0443\u0447\u0430\u0442\u0435\u043b\u044f. \u0417\u0430\u043a\u0430\u0436\u0438\u0442\u0435 \u044d\u0442\u0443 \u043a\u043e\u0440\u043e\u0431\u043a\u0443 \u0431\u0435\u043b\u044b\u0445 \u0440\u043e\u0437 \u043e\u043d\u043b\u0430\u0439\u043d \u0438 \u043f\u043e\u043f\u0440\u0438\u0432\u0435\u0442\u0441\u0442\u0432\u0443\u0439\u0442\u0435 \u043c\u0443\u0436\u0447\u0438\u043d \u0438 \u0436\u0435\u043d\u0449\u0438\u043d.\",\"breadcrumb\":{\"@id\":\"https:\/\/www.pristatomegeles.lt\/ru\/produktas\/21-%d0%b1%d0%b5%d0%bb%d0%b0%d1%8f-%d1%80%d0%be%d0%b7%d0%b0-%d0%b2-%d0%ba%d0%be%d1%80%d0%be%d0%b1%d0%ba%d0%b5\/#breadcrumb\"},\"inLanguage\":\"ru-RU\",\"potentialAction\":[{\"@type\":\"ReadAction\",\"target\":[\"https:\/\/www.pristatomegeles.lt\/ru\/produktas\/21-%d0%b1%d0%b5%d0%bb%d0%b0%d1%8f-%d1%80%d0%be%d0%b7%d0%b0-%d0%b2-%d0%ba%d0%be%d1%80%d0%be%d0%b1%d0%ba%d0%b5\/\"]}]},{\"@type\":\"ImageObject\",\"inLanguage\":\"ru-RU\",\"@id\":\"https:\/\/www.pristatomegeles.lt\/ru\/produktas\/21-%d0%b1%d0%b5%d0%bb%d0%b0%d1%8f-%d1%80%d0%be%d0%b7%d0%b0-%d0%b2-%d0%ba%d0%be%d1%80%d0%be%d0%b1%d0%ba%d0%b5\/#primaryimage\",\"url\":\"https:\/\/www.pristatomegeles.lt\/wp-content\/uploads\/2018\/02\/roziu-dezutes-baltos-rozes-scaled.jpg\",\"contentUrl\":\"https:\/\/www.pristatomegeles.lt\/wp-content\/uploads\/2018\/02\/roziu-dezutes-baltos-rozes-scaled.jpg\",\"width\":2560,\"height\":2560,\"caption\":\"Balt\u0173 ro\u017ei\u0173 d\u0117\u017eut\u0117 G\u0117l\u0117s gimtadienio proga\"},{\"@type\":\"BreadcrumbList\",\"@id\":\"https:\/\/www.pristatomegeles.lt\/ru\/produktas\/21-%d0%b1%d0%b5%d0%bb%d0%b0%d1%8f-%d1%80%d0%be%d0%b7%d0%b0-%d0%b2-%d0%ba%d0%be%d1%80%d0%be%d0%b1%d0%ba%d0%b5\/#breadcrumb\",\"itemListElement\":[{\"@type\":\"ListItem\",\"position\":1,\"name\":\"Home\",\"item\":\"https:\/\/www.pristatomegeles.lt\/ru\/pagrindinisru\/\"},{\"@type\":\"ListItem\",\"position\":2,\"name\":\"\u0426\u0432\u0435\u0442\u044b\",\"item\":\"https:\/\/www.pristatomegeles.lt\/ru\/%d1%86%d0%b2%d0%b5%d1%82%d1%8b\/\"},{\"@type\":\"ListItem\",\"position\":3,\"name\":\"\u0431\u0435\u043b\u0430\u044f \u0440\u043e\u0437\u0430 \u0432 \u043a\u043e\u0440\u043e\u0431\u043a\u0435\"}]},{\"@type\":\"WebSite\",\"@id\":\"https:\/\/www.pristatomegeles.lt\/ru\/#website\",\"url\":\"https:\/\/www.pristatomegeles.lt\/ru\/\",\"name\":\"Pristatomegeles.lt\",\"description\":\"\",\"potentialAction\":[{\"@type\":\"SearchAction\",\"target\":{\"@type\":\"EntryPoint\",\"urlTemplate\":\"https:\/\/www.pristatomegeles.lt\/ru\/?s={search_term_string}\"},\"query-input\":{\"@type\":\"PropertyValueSpecification\",\"valueRequired\":true,\"valueName\":\"search_term_string\"}}],\"inLanguage\":\"ru-RU\"}]}<\/script>\n<!-- \/ Yoast SEO plugin. -->","yoast_head_json":{"title":"\u0431\u0435\u043b\u0430\u044f \u0440\u043e\u0437\u0430 \u0432 \u043a\u043e\u0440\u043e\u0431\u043a\u0435 | \u0414\u043e\u0441\u0442\u0430\u0432\u043a\u0430 \u0446\u0432\u0435\u0442\u043e\u0447\u043d\u044b\u0445 \u044f\u0449\u0438\u043a\u043e\u0432 | Pristatome G\u0117les","description":"\u041f\u043e\u0434\u0430\u0440\u0438\u0442\u0435 \u043e\u0441\u043e\u0431\u043e\u043c\u0443 \u0447\u0435\u043b\u043e\u0432\u0435\u043a\u0443 \u043e\u0441\u043e\u0431\u0435\u043d\u043d\u044b\u0439 \u043f\u043e\u0434\u0430\u0440\u043e\u043a - \u043a\u043e\u0440\u043e\u0431\u043a\u0443 \u0431\u0435\u043b\u044b\u0445 \u0440\u043e\u0437, \u0438\u0437\u043b\u0443\u0447\u0430\u044e\u0449\u0443\u044e \u044d\u043b\u0435\u0433\u0430\u043d\u0442\u043d\u043e\u0441\u0442\u044c \u0438 \u0440\u043e\u0441\u043a\u043e\u0448\u044c, \u043a\u043e\u0442\u043e\u0440\u0430\u044f \u043d\u0435 \u043e\u0441\u0442\u0430\u0432\u0438\u0442 \u0440\u0430\u0432\u043d\u043e\u0434\u0443\u0448\u043d\u044b\u043c \u043d\u0438 \u043e\u0434\u043d\u043e\u0433\u043e \u043f\u043e\u043b\u0443\u0447\u0430\u0442\u0435\u043b\u044f. \u0417\u0430\u043a\u0430\u0436\u0438\u0442\u0435 \u044d\u0442\u0443 \u043a\u043e\u0440\u043e\u0431\u043a\u0443 \u0431\u0435\u043b\u044b\u0445 \u0440\u043e\u0437 \u043e\u043d\u043b\u0430\u0439\u043d \u0438 \u043f\u043e\u043f\u0440\u0438\u0432\u0435\u0442\u0441\u0442\u0432\u0443\u0439\u0442\u0435 \u043c\u0443\u0436\u0447\u0438\u043d \u0438 \u0436\u0435\u043d\u0449\u0438\u043d.","robots":{"index":"index","follow":"follow","max-snippet":"max-snippet:-1","max-image-preview":"max-image-preview:large","max-video-preview":"max-video-preview:-1"},"canonical":"https:\/\/www.pristatomegeles.lt\/ru\/produktas\/21-%d0%b1%d0%b5%d0%bb%d0%b0%d1%8f-%d1%80%d0%be%d0%b7%d0%b0-%d0%b2-%d0%ba%d0%be%d1%80%d0%be%d0%b1%d0%ba%d0%b5\/","og_locale":"ru_RU","og_type":"article","og_title":"\u0431\u0435\u043b\u0430\u044f \u0440\u043e\u0437\u0430 \u0432 \u043a\u043e\u0440\u043e\u0431\u043a\u0435 | \u0414\u043e\u0441\u0442\u0430\u0432\u043a\u0430 \u0446\u0432\u0435\u0442\u043e\u0447\u043d\u044b\u0445 \u044f\u0449\u0438\u043a\u043e\u0432 | Pristatome G\u0117les","og_description":"\u041f\u043e\u0434\u0430\u0440\u0438\u0442\u0435 \u043e\u0441\u043e\u0431\u043e\u043c\u0443 \u0447\u0435\u043b\u043e\u0432\u0435\u043a\u0443 \u043e\u0441\u043e\u0431\u0435\u043d\u043d\u044b\u0439 \u043f\u043e\u0434\u0430\u0440\u043e\u043a - \u043a\u043e\u0440\u043e\u0431\u043a\u0443 \u0431\u0435\u043b\u044b\u0445 \u0440\u043e\u0437, \u0438\u0437\u043b\u0443\u0447\u0430\u044e\u0449\u0443\u044e \u044d\u043b\u0435\u0433\u0430\u043d\u0442\u043d\u043e\u0441\u0442\u044c \u0438 \u0440\u043e\u0441\u043a\u043e\u0448\u044c, \u043a\u043e\u0442\u043e\u0440\u0430\u044f \u043d\u0435 \u043e\u0441\u0442\u0430\u0432\u0438\u0442 \u0440\u0430\u0432\u043d\u043e\u0434\u0443\u0448\u043d\u044b\u043c \u043d\u0438 \u043e\u0434\u043d\u043e\u0433\u043e \u043f\u043e\u043b\u0443\u0447\u0430\u0442\u0435\u043b\u044f. \u0417\u0430\u043a\u0430\u0436\u0438\u0442\u0435 \u044d\u0442\u0443 \u043a\u043e\u0440\u043e\u0431\u043a\u0443 \u0431\u0435\u043b\u044b\u0445 \u0440\u043e\u0437 \u043e\u043d\u043b\u0430\u0439\u043d \u0438 \u043f\u043e\u043f\u0440\u0438\u0432\u0435\u0442\u0441\u0442\u0432\u0443\u0439\u0442\u0435 \u043c\u0443\u0436\u0447\u0438\u043d \u0438 \u0436\u0435\u043d\u0449\u0438\u043d.","og_url":"https:\/\/www.pristatomegeles.lt\/ru\/produktas\/21-%d0%b1%d0%b5%d0%bb%d0%b0%d1%8f-%d1%80%d0%be%d0%b7%d0%b0-%d0%b2-%d0%ba%d0%be%d1%80%d0%be%d0%b1%d0%ba%d0%b5\/","og_site_name":"Pristatomegeles.lt","article_modified_time":"2025-07-23T12:57:35+00:00","og_image":[{"width":2560,"height":2560,"url":"https:\/\/www.pristatomegeles.lt\/wp-content\/uploads\/2018\/02\/roziu-dezutes-baltos-rozes-scaled.jpg","type":"image\/jpeg"}],"twitter_card":"summary_large_image","twitter_misc":{"\u041f\u0440\u0438\u043c\u0435\u0440\u043d\u043e\u0435 \u0432\u0440\u0435\u043c\u044f \u0434\u043b\u044f \u0447\u0442\u0435\u043d\u0438\u044f":"1 \u043c\u0438\u043d\u0443\u0442\u0430"},"schema":{"@context":"https:\/\/schema.org","@graph":[{"@type":"WebPage","@id":"https:\/\/www.pristatomegeles.lt\/ru\/produktas\/21-%d0%b1%d0%b5%d0%bb%d0%b0%d1%8f-%d1%80%d0%be%d0%b7%d0%b0-%d0%b2-%d0%ba%d0%be%d1%80%d0%be%d0%b1%d0%ba%d0%b5\/","url":"https:\/\/www.pristatomegeles.lt\/ru\/produktas\/21-%d0%b1%d0%b5%d0%bb%d0%b0%d1%8f-%d1%80%d0%be%d0%b7%d0%b0-%d0%b2-%d0%ba%d0%be%d1%80%d0%be%d0%b1%d0%ba%d0%b5\/","name":"\u0431\u0435\u043b\u0430\u044f \u0440\u043e\u0437\u0430 \u0432 \u043a\u043e\u0440\u043e\u0431\u043a\u0435 | \u0414\u043e\u0441\u0442\u0430\u0432\u043a\u0430 \u0446\u0432\u0435\u0442\u043e\u0447\u043d\u044b\u0445 \u044f\u0449\u0438\u043a\u043e\u0432 | Pristatome G\u0117les","isPartOf":{"@id":"https:\/\/www.pristatomegeles.lt\/ru\/#website"},"primaryImageOfPage":{"@id":"https:\/\/www.pristatomegeles.lt\/ru\/produktas\/21-%d0%b1%d0%b5%d0%bb%d0%b0%d1%8f-%d1%80%d0%be%d0%b7%d0%b0-%d0%b2-%d0%ba%d0%be%d1%80%d0%be%d0%b1%d0%ba%d0%b5\/#primaryimage"},"image":{"@id":"https:\/\/www.pristatomegeles.lt\/ru\/produktas\/21-%d0%b1%d0%b5%d0%bb%d0%b0%d1%8f-%d1%80%d0%be%d0%b7%d0%b0-%d0%b2-%d0%ba%d0%be%d1%80%d0%be%d0%b1%d0%ba%d0%b5\/#primaryimage"},"thumbnailUrl":"https:\/\/www.pristatomegeles.lt\/wp-content\/uploads\/2018\/02\/roziu-dezutes-baltos-rozes-scaled.jpg","datePublished":"2018-02-05T13:53:04+00:00","dateModified":"2025-07-23T12:57:35+00:00","description":"\u041f\u043e\u0434\u0430\u0440\u0438\u0442\u0435 \u043e\u0441\u043e\u0431\u043e\u043c\u0443 \u0447\u0435\u043b\u043e\u0432\u0435\u043a\u0443 \u043e\u0441\u043e\u0431\u0435\u043d\u043d\u044b\u0439 \u043f\u043e\u0434\u0430\u0440\u043e\u043a - \u043a\u043e\u0440\u043e\u0431\u043a\u0443 \u0431\u0435\u043b\u044b\u0445 \u0440\u043e\u0437, \u0438\u0437\u043b\u0443\u0447\u0430\u044e\u0449\u0443\u044e \u044d\u043b\u0435\u0433\u0430\u043d\u0442\u043d\u043e\u0441\u0442\u044c \u0438 \u0440\u043e\u0441\u043a\u043e\u0448\u044c, \u043a\u043e\u0442\u043e\u0440\u0430\u044f \u043d\u0435 \u043e\u0441\u0442\u0430\u0432\u0438\u0442 \u0440\u0430\u0432\u043d\u043e\u0434\u0443\u0448\u043d\u044b\u043c \u043d\u0438 \u043e\u0434\u043d\u043e\u0433\u043e \u043f\u043e\u043b\u0443\u0447\u0430\u0442\u0435\u043b\u044f. \u0417\u0430\u043a\u0430\u0436\u0438\u0442\u0435 \u044d\u0442\u0443 \u043a\u043e\u0440\u043e\u0431\u043a\u0443 \u0431\u0435\u043b\u044b\u0445 \u0440\u043e\u0437 \u043e\u043d\u043b\u0430\u0439\u043d \u0438 \u043f\u043e\u043f\u0440\u0438\u0432\u0435\u0442\u0441\u0442\u0432\u0443\u0439\u0442\u0435 \u043c\u0443\u0436\u0447\u0438\u043d \u0438 \u0436\u0435\u043d\u0449\u0438\u043d.","breadcrumb":{"@id":"https:\/\/www.pristatomegeles.lt\/ru\/produktas\/21-%d0%b1%d0%b5%d0%bb%d0%b0%d1%8f-%d1%80%d0%be%d0%b7%d0%b0-%d0%b2-%d0%ba%d0%be%d1%80%d0%be%d0%b1%d0%ba%d0%b5\/#breadcrumb"},"inLanguage":"ru-RU","potentialAction":[{"@type":"ReadAction","target":["https:\/\/www.pristatomegeles.lt\/ru\/produktas\/21-%d0%b1%d0%b5%d0%bb%d0%b0%d1%8f-%d1%80%d0%be%d0%b7%d0%b0-%d0%b2-%d0%ba%d0%be%d1%80%d0%be%d0%b1%d0%ba%d0%b5\/"]}]},{"@type":"ImageObject","inLanguage":"ru-RU","@id":"https:\/\/www.pristatomegeles.lt\/ru\/produktas\/21-%d0%b1%d0%b5%d0%bb%d0%b0%d1%8f-%d1%80%d0%be%d0%b7%d0%b0-%d0%b2-%d0%ba%d0%be%d1%80%d0%be%d0%b1%d0%ba%d0%b5\/#primaryimage","url":"https:\/\/www.pristatomegeles.lt\/wp-content\/uploads\/2018\/02\/roziu-dezutes-baltos-rozes-scaled.jpg","contentUrl":"https:\/\/www.pristatomegeles.lt\/wp-content\/uploads\/2018\/02\/roziu-dezutes-baltos-rozes-scaled.jpg","width":2560,"height":2560,"caption":"Balt\u0173 ro\u017ei\u0173 d\u0117\u017eut\u0117 G\u0117l\u0117s gimtadienio proga"},{"@type":"BreadcrumbList","@id":"https:\/\/www.pristatomegeles.lt\/ru\/produktas\/21-%d0%b1%d0%b5%d0%bb%d0%b0%d1%8f-%d1%80%d0%be%d0%b7%d0%b0-%d0%b2-%d0%ba%d0%be%d1%80%d0%be%d0%b1%d0%ba%d0%b5\/#breadcrumb","itemListElement":[{"@type":"ListItem","position":1,"name":"Home","item":"https:\/\/www.pristatomegeles.lt\/ru\/pagrindinisru\/"},{"@type":"ListItem","position":2,"name":"\u0426\u0432\u0435\u0442\u044b","item":"https:\/\/www.pristatomegeles.lt\/ru\/%d1%86%d0%b2%d0%b5%d1%82%d1%8b\/"},{"@type":"ListItem","position":3,"name":"\u0431\u0435\u043b\u0430\u044f \u0440\u043e\u0437\u0430 \u0432 \u043a\u043e\u0440\u043e\u0431\u043a\u0435"}]},{"@type":"WebSite","@id":"https:\/\/www.pristatomegeles.lt\/ru\/#website","url":"https:\/\/www.pristatomegeles.lt\/ru\/","name":"Pristatomegeles.lt","description":"","potentialAction":[{"@type":"SearchAction","target":{"@type":"EntryPoint","urlTemplate":"https:\/\/www.pristatomegeles.lt\/ru\/?s={search_term_string}"},"query-input":{"@type":"PropertyValueSpecification","valueRequired":true,"valueName":"search_term_string"}}],"inLanguage":"ru-RU"}]}},"_links":{"self":[{"href":"https:\/\/www.pristatomegeles.lt\/ru\/wp-json\/wp\/v2\/product\/9528","targetHints":{"allow":["GET"]}}],"collection":[{"href":"https:\/\/www.pristatomegeles.lt\/ru\/wp-json\/wp\/v2\/product"}],"about":[{"href":"https:\/\/www.pristatomegeles.lt\/ru\/wp-json\/wp\/v2\/types\/product"}],"wp:featuredmedia":[{"embeddable":true,"href":"https:\/\/www.pristatomegeles.lt\/ru\/wp-json\/wp\/v2\/media\/9820"}],"wp:attachment":[{"href":"https:\/\/www.pristatomegeles.lt\/ru\/wp-json\/wp\/v2\/media?parent=9528"}],"wp:term":[{"taxonomy":"product_brand","embeddable":true,"href":"https:\/\/www.pristatomegeles.lt\/ru\/wp-json\/wp\/v2\/product_brand?post=9528"},{"taxonomy":"product_cat","embeddable":true,"href":"https:\/\/www.pristatomegeles.lt\/ru\/wp-json\/wp\/v2\/product_cat?post=9528"},{"taxonomy":"product_tag","embeddable":true,"href":"https:\/\/www.pristatomegeles.lt\/ru\/wp-json\/wp\/v2\/product_tag?post=9528"}],"curies":[{"name":"wp","href":"https:\/\/api.w.org\/{rel}","templated":true}]}}